{"id":38158,"date":"2021-05-21T12:46:35","date_gmt":"2021-05-21T09:46:35","guid":{"rendered":"https:\/\/seacare.com\/es\/?page_id=38158"},"modified":"2021-05-21T12:46:35","modified_gmt":"2021-05-21T09:46:35","slug":"argireline","status":"publish","type":"page","link":"https:\/\/seacare.com\/es\/argireline\/","title":{"rendered":"Argireline\u00ae"},"content":{"rendered":"<h1 class=\"text-head\" style=\"text-align: center;\"><span data-text-color=\"primary\">Argireline\u00ae<\/span><\/h1>\n<p>Argireline\u00ae es una peptida sint\u00e9tica de bajo peso molecular que supone una alternativa biol\u00f3gicamente segura al botox. La arguirelina ralentiza la generaci\u00f3n excesiva de catecolaminas (adrenalina, noradranalina) que provocan la formaci\u00f3n de arrugas m\u00ednicas. Relajando la m\u00edmica, hace que el \u00e1cido hialur\u00f3nico tenga un efecto m\u00e1s duradero.<\/p>\n","protected":false},"excerpt":{"rendered":"<p>Argireline\u00ae Argireline\u00ae es una peptida sint\u00e9tica de bajo peso molecular que supone una alternativa biol\u00f3gicamente segura al botox. La arguirelina ralentiza la generaci\u00f3n excesiva de catecolaminas (adrenalina, noradranalina) que provocan la formaci\u00f3n de arrugas m\u00ednicas. Relajando la m\u00edmica, hace que el \u00e1cido hialur\u00f3nico tenga un efecto m\u00e1s duradero.<\/p>\n","protected":false},"author":1,"featured_media":0,"parent":0,"menu_order":0,"comment_status":"closed","ping_status":"closed","template":"","meta":{"footnotes":""},"_links":{"self":[{"href":"https:\/\/seacare.com\/es\/wp-json\/wp\/v2\/pages\/38158"}],"collection":[{"href":"https:\/\/seacare.com\/es\/wp-json\/wp\/v2\/pages"}],"about":[{"href":"https:\/\/seacare.com\/es\/wp-json\/wp\/v2\/types\/page"}],"author":[{"embeddable":true,"href":"https:\/\/seacare.com\/es\/wp-json\/wp\/v2\/users\/1"}],"replies":[{"embeddable":true,"href":"https:\/\/seacare.com\/es\/wp-json\/wp\/v2\/comments?post=38158"}],"version-history":[{"count":1,"href":"https:\/\/seacare.com\/es\/wp-json\/wp\/v2\/pages\/38158\/revisions"}],"predecessor-version":[{"id":38159,"href":"https:\/\/seacare.com\/es\/wp-json\/wp\/v2\/pages\/38158\/revisions\/38159"}],"wp:attachment":[{"href":"https:\/\/seacare.com\/es\/wp-json\/wp\/v2\/media?parent=38158"}],"curies":[{"name":"wp","href":"https:\/\/api.w.org\/{rel}","templated":true}]}}