{"id":38160,"date":"2021-05-21T12:47:50","date_gmt":"2021-05-21T09:47:50","guid":{"rendered":"https:\/\/seacare.com\/es\/?page_id=38160"},"modified":"2021-05-21T12:47:50","modified_gmt":"2021-05-21T09:47:50","slug":"emulium-mellifera-mb","status":"publish","type":"page","link":"https:\/\/seacare.com\/es\/emulium-mellifera-mb\/","title":{"rendered":"Emulium\u00ae Mellifera MB"},"content":{"rendered":"<h1 class=\"text-head\" style=\"text-align: center;\"><span data-text-color=\"primary\"><strong>Emulium\u00ae Mellifera MB<\/strong><\/span><\/h1>\n<p>Aplicado en la piel, Emulium Mellifera se convierte en un \u201cvelo\u201d suave, casi imperceptible, que garantiza una hidrataci\u00f3n y una protecci\u00f3n excelente contra los efectos adversos del medio ambiente. En invierno, la piel est\u00e1 tranquila y protegida contra la deshidrataci\u00f3n; en verano, no se percibe su peso y no se provoca la aparici\u00f3n del brillo graso. <\/p>\n","protected":false},"excerpt":{"rendered":"<p>Emulium\u00ae Mellifera MB Aplicado en la piel, Emulium Mellifera se convierte en un \u201cvelo\u201d suave, casi imperceptible, que garantiza una hidrataci\u00f3n y una protecci\u00f3n excelente contra los efectos adversos del medio ambiente. En invierno, la piel est\u00e1 tranquila y protegida contra la deshidrataci\u00f3n; en verano, no se percibe su peso y no se provoca la [&hellip;]\n","protected":false},"author":1,"featured_media":0,"parent":0,"menu_order":0,"comment_status":"closed","ping_status":"closed","template":"","meta":{"footnotes":""},"_links":{"self":[{"href":"https:\/\/seacare.com\/es\/wp-json\/wp\/v2\/pages\/38160"}],"collection":[{"href":"https:\/\/seacare.com\/es\/wp-json\/wp\/v2\/pages"}],"about":[{"href":"https:\/\/seacare.com\/es\/wp-json\/wp\/v2\/types\/page"}],"author":[{"embeddable":true,"href":"https:\/\/seacare.com\/es\/wp-json\/wp\/v2\/users\/1"}],"replies":[{"embeddable":true,"href":"https:\/\/seacare.com\/es\/wp-json\/wp\/v2\/comments?post=38160"}],"version-history":[{"count":1,"href":"https:\/\/seacare.com\/es\/wp-json\/wp\/v2\/pages\/38160\/revisions"}],"predecessor-version":[{"id":38161,"href":"https:\/\/seacare.com\/es\/wp-json\/wp\/v2\/pages\/38160\/revisions\/38161"}],"wp:attachment":[{"href":"https:\/\/seacare.com\/es\/wp-json\/wp\/v2\/media?parent=38160"}],"curies":[{"name":"wp","href":"https:\/\/api.w.org\/{rel}","templated":true}]}}