{"id":38162,"date":"2021-05-21T12:48:49","date_gmt":"2021-05-21T09:48:49","guid":{"rendered":"https:\/\/seacare.com\/es\/?page_id=38162"},"modified":"2021-05-21T12:48:49","modified_gmt":"2021-05-21T09:48:49","slug":"acnacidol-bg","status":"publish","type":"page","link":"https:\/\/seacare.com\/es\/acnacidol-bg\/","title":{"rendered":"Acnacidol\u2122\u00a0BG"},"content":{"rendered":"<h1 class=\"text-head\" style=\"text-align: center;\"><span data-text-color=\"primary\">Acnacidol\u2122\u00a0BG<\/span><\/h1>\n<p>Acnacidol\u2122 BG es un ingrediente activo innovador que se obtiene del aceite de castor. Supone una combinaci\u00f3n del \u00e1cido 10-hidroxidecenoico, el \u00e1cido seb\u00e1cico y el decanodiol, usados para recuperar el equilibrio fisiol\u00f3gico de la piel afectada por el acn\u00e9.<\/p>\n","protected":false},"excerpt":{"rendered":"<p>Acnacidol\u2122\u00a0BG Acnacidol\u2122 BG es un ingrediente activo innovador que se obtiene del aceite de castor. Supone una combinaci\u00f3n del \u00e1cido 10-hidroxidecenoico, el \u00e1cido seb\u00e1cico y el decanodiol, usados para recuperar el equilibrio fisiol\u00f3gico de la piel afectada por el acn\u00e9.<\/p>\n","protected":false},"author":1,"featured_media":0,"parent":0,"menu_order":0,"comment_status":"closed","ping_status":"closed","template":"","meta":{"footnotes":""},"_links":{"self":[{"href":"https:\/\/seacare.com\/es\/wp-json\/wp\/v2\/pages\/38162"}],"collection":[{"href":"https:\/\/seacare.com\/es\/wp-json\/wp\/v2\/pages"}],"about":[{"href":"https:\/\/seacare.com\/es\/wp-json\/wp\/v2\/types\/page"}],"author":[{"embeddable":true,"href":"https:\/\/seacare.com\/es\/wp-json\/wp\/v2\/users\/1"}],"replies":[{"embeddable":true,"href":"https:\/\/seacare.com\/es\/wp-json\/wp\/v2\/comments?post=38162"}],"version-history":[{"count":1,"href":"https:\/\/seacare.com\/es\/wp-json\/wp\/v2\/pages\/38162\/revisions"}],"predecessor-version":[{"id":38163,"href":"https:\/\/seacare.com\/es\/wp-json\/wp\/v2\/pages\/38162\/revisions\/38163"}],"wp:attachment":[{"href":"https:\/\/seacare.com\/es\/wp-json\/wp\/v2\/media?parent=38162"}],"curies":[{"name":"wp","href":"https:\/\/api.w.org\/{rel}","templated":true}]}}