{"id":38166,"date":"2021-05-21T12:50:51","date_gmt":"2021-05-21T09:50:51","guid":{"rendered":"https:\/\/seacare.com\/es\/?page_id=38166"},"modified":"2021-05-21T12:50:51","modified_gmt":"2021-05-21T09:50:51","slug":"resistem","status":"publish","type":"page","link":"https:\/\/seacare.com\/es\/resistem\/","title":{"rendered":"Resistem\u2122"},"content":{"rendered":"<h1 class=\"text-head\" style=\"text-align: center;\"><span data-text-color=\"primary\">Resistem\u2122<\/span><\/h1>\n<p>Resistem\u2122 es un agente antiedad de alta tecnolog\u00eda que se obtiene de las c\u00e9lulas troncales de la planta Globularia cordifolia. El Resistem rejuvenece y acondiciona la piel, ayud\u00e1ndole a disminuir el nivel de los procesos microinflamatorios y de las sustancias producidas por toxinas y capaces de causar el envejecimiento<\/p>\n","protected":false},"excerpt":{"rendered":"<p>Resistem\u2122 Resistem\u2122 es un agente antiedad de alta tecnolog\u00eda que se obtiene de las c\u00e9lulas troncales de la planta Globularia cordifolia. El Resistem rejuvenece y acondiciona la piel, ayud\u00e1ndole a disminuir el nivel de los procesos microinflamatorios y de las sustancias producidas por toxinas y capaces de causar el envejecimiento<\/p>\n","protected":false},"author":1,"featured_media":0,"parent":0,"menu_order":0,"comment_status":"closed","ping_status":"closed","template":"","meta":{"footnotes":""},"_links":{"self":[{"href":"https:\/\/seacare.com\/es\/wp-json\/wp\/v2\/pages\/38166"}],"collection":[{"href":"https:\/\/seacare.com\/es\/wp-json\/wp\/v2\/pages"}],"about":[{"href":"https:\/\/seacare.com\/es\/wp-json\/wp\/v2\/types\/page"}],"author":[{"embeddable":true,"href":"https:\/\/seacare.com\/es\/wp-json\/wp\/v2\/users\/1"}],"replies":[{"embeddable":true,"href":"https:\/\/seacare.com\/es\/wp-json\/wp\/v2\/comments?post=38166"}],"version-history":[{"count":1,"href":"https:\/\/seacare.com\/es\/wp-json\/wp\/v2\/pages\/38166\/revisions"}],"predecessor-version":[{"id":38167,"href":"https:\/\/seacare.com\/es\/wp-json\/wp\/v2\/pages\/38166\/revisions\/38167"}],"wp:attachment":[{"href":"https:\/\/seacare.com\/es\/wp-json\/wp\/v2\/media?parent=38166"}],"curies":[{"name":"wp","href":"https:\/\/api.w.org\/{rel}","templated":true}]}}