{"id":38168,"date":"2021-05-21T12:55:37","date_gmt":"2021-05-21T09:55:37","guid":{"rendered":"https:\/\/seacare.com\/es\/?page_id=38168"},"modified":"2021-05-21T12:55:37","modified_gmt":"2021-05-21T09:55:37","slug":"ronacare-bisabolol","status":"publish","type":"page","link":"https:\/\/seacare.com\/es\/ronacare-bisabolol\/","title":{"rendered":"RonaCare\u00ae Bisabolol"},"content":{"rendered":"<h1 class=\"text-head\" style=\"text-align: center;\"><span data-text-color=\"primary\">RonaCare\u00ae Bisabolol<\/span><\/h1>\n<p>RonaCare\u00ae Bisabolol se conoce como un ingrediente antiinflamatorio eficaz que alivia la inflamaci\u00f3n de la piel, cualquiera que sea su origen. La funci\u00f3n principal de RonaCare\u00ae Bisabolol en los productos cosm\u00e9ticos consiste en calmar la piel. Bisabolol alivia la inflamaci\u00f3n cut\u00e1nea.<\/p>\n","protected":false},"excerpt":{"rendered":"<p>RonaCare\u00ae Bisabolol RonaCare\u00ae Bisabolol se conoce como un ingrediente antiinflamatorio eficaz que alivia la inflamaci\u00f3n de la piel, cualquiera que sea su origen. La funci\u00f3n principal de RonaCare\u00ae Bisabolol en los productos cosm\u00e9ticos consiste en calmar la piel. Bisabolol alivia la inflamaci\u00f3n cut\u00e1nea.<\/p>\n","protected":false},"author":1,"featured_media":0,"parent":0,"menu_order":0,"comment_status":"closed","ping_status":"closed","template":"","meta":{"footnotes":""},"_links":{"self":[{"href":"https:\/\/seacare.com\/es\/wp-json\/wp\/v2\/pages\/38168"}],"collection":[{"href":"https:\/\/seacare.com\/es\/wp-json\/wp\/v2\/pages"}],"about":[{"href":"https:\/\/seacare.com\/es\/wp-json\/wp\/v2\/types\/page"}],"author":[{"embeddable":true,"href":"https:\/\/seacare.com\/es\/wp-json\/wp\/v2\/users\/1"}],"replies":[{"embeddable":true,"href":"https:\/\/seacare.com\/es\/wp-json\/wp\/v2\/comments?post=38168"}],"version-history":[{"count":1,"href":"https:\/\/seacare.com\/es\/wp-json\/wp\/v2\/pages\/38168\/revisions"}],"predecessor-version":[{"id":38169,"href":"https:\/\/seacare.com\/es\/wp-json\/wp\/v2\/pages\/38168\/revisions\/38169"}],"wp:attachment":[{"href":"https:\/\/seacare.com\/es\/wp-json\/wp\/v2\/media?parent=38168"}],"curies":[{"name":"wp","href":"https:\/\/api.w.org\/{rel}","templated":true}]}}