{"id":38170,"date":"2021-05-21T12:56:53","date_gmt":"2021-05-21T09:56:53","guid":{"rendered":"https:\/\/seacare.com\/es\/?page_id=38170"},"modified":"2021-05-21T12:56:53","modified_gmt":"2021-05-21T09:56:53","slug":"sepicontrol-a5","status":"publish","type":"page","link":"https:\/\/seacare.com\/es\/sepicontrol-a5\/","title":{"rendered":"SEPICONTROL\u2122 A5"},"content":{"rendered":"<h1 class=\"text-head\" style=\"text-align: center;\"><span data-text-color=\"primary\">SEPICONTROL\u2122 A5<\/span><\/h1>\n<p>SEPICONTROL\u2122 A5 es un nuevo complejo \u00fanico para la piel grasa, problem\u00e1tica y propensa al acn\u00e9. Tiene un efecto seborregulador (regula la generaci\u00f3n de sebo cut\u00e1neo) y comedol\u00edtico (previene la formaci\u00f3n de comedones). Las sustancias que lo componen han sido seleccionadas expresamente para influir en las principales causas de los comedones.<\/p>\n","protected":false},"excerpt":{"rendered":"<p>SEPICONTROL\u2122 A5 SEPICONTROL\u2122 A5 es un nuevo complejo \u00fanico para la piel grasa, problem\u00e1tica y propensa al acn\u00e9. Tiene un efecto seborregulador (regula la generaci\u00f3n de sebo cut\u00e1neo) y comedol\u00edtico (previene la formaci\u00f3n de comedones). Las sustancias que lo componen han sido seleccionadas expresamente para influir en las principales causas de los comedones.<\/p>\n","protected":false},"author":1,"featured_media":0,"parent":0,"menu_order":0,"comment_status":"closed","ping_status":"closed","template":"","meta":{"footnotes":""},"_links":{"self":[{"href":"https:\/\/seacare.com\/es\/wp-json\/wp\/v2\/pages\/38170"}],"collection":[{"href":"https:\/\/seacare.com\/es\/wp-json\/wp\/v2\/pages"}],"about":[{"href":"https:\/\/seacare.com\/es\/wp-json\/wp\/v2\/types\/page"}],"author":[{"embeddable":true,"href":"https:\/\/seacare.com\/es\/wp-json\/wp\/v2\/users\/1"}],"replies":[{"embeddable":true,"href":"https:\/\/seacare.com\/es\/wp-json\/wp\/v2\/comments?post=38170"}],"version-history":[{"count":1,"href":"https:\/\/seacare.com\/es\/wp-json\/wp\/v2\/pages\/38170\/revisions"}],"predecessor-version":[{"id":38171,"href":"https:\/\/seacare.com\/es\/wp-json\/wp\/v2\/pages\/38170\/revisions\/38171"}],"wp:attachment":[{"href":"https:\/\/seacare.com\/es\/wp-json\/wp\/v2\/media?parent=38170"}],"curies":[{"name":"wp","href":"https:\/\/api.w.org\/{rel}","templated":true}]}}