{"id":38172,"date":"2021-05-21T13:01:10","date_gmt":"2021-05-21T10:01:10","guid":{"rendered":"https:\/\/seacare.com\/es\/?page_id=38172"},"modified":"2021-05-21T13:01:10","modified_gmt":"2021-05-21T10:01:10","slug":"eps-seafill","status":"publish","type":"page","link":"https:\/\/seacare.com\/es\/eps-seafill\/","title":{"rendered":"EPS Seafill"},"content":{"rendered":"<h1 class=\"text-head\" style=\"text-align: center;\"><span data-text-color=\"primary\">EPS Seafill<\/span><\/h1>\n<p>EPS Seafill es un exopolisac\u00e1rido (EPS) \u00fanico, puro y natural que produce un efecto instant\u00e1neo en las arrugas. Se obtiene por v\u00eda biotecnol\u00f3gica con la ayuda de microorganismos planct\u00f3nicos del mar de Iroise (Breta\u00f1a, Francia). EPS Seafill destaca por su alta compatibilidad con la piel, rellena perfectamente las arrugas y alisa las irregularidades del relieve cut\u00e1neo.<\/p>\n","protected":false},"excerpt":{"rendered":"<p>EPS Seafill EPS Seafill es un exopolisac\u00e1rido (EPS) \u00fanico, puro y natural que produce un efecto instant\u00e1neo en las arrugas. Se obtiene por v\u00eda biotecnol\u00f3gica con la ayuda de microorganismos planct\u00f3nicos del mar de Iroise (Breta\u00f1a, Francia). EPS Seafill destaca por su alta compatibilidad con la piel, rellena perfectamente las arrugas y alisa las irregularidades [&hellip;]\n","protected":false},"author":1,"featured_media":0,"parent":0,"menu_order":0,"comment_status":"closed","ping_status":"closed","template":"","meta":{"footnotes":""},"_links":{"self":[{"href":"https:\/\/seacare.com\/es\/wp-json\/wp\/v2\/pages\/38172"}],"collection":[{"href":"https:\/\/seacare.com\/es\/wp-json\/wp\/v2\/pages"}],"about":[{"href":"https:\/\/seacare.com\/es\/wp-json\/wp\/v2\/types\/page"}],"author":[{"embeddable":true,"href":"https:\/\/seacare.com\/es\/wp-json\/wp\/v2\/users\/1"}],"replies":[{"embeddable":true,"href":"https:\/\/seacare.com\/es\/wp-json\/wp\/v2\/comments?post=38172"}],"version-history":[{"count":1,"href":"https:\/\/seacare.com\/es\/wp-json\/wp\/v2\/pages\/38172\/revisions"}],"predecessor-version":[{"id":38173,"href":"https:\/\/seacare.com\/es\/wp-json\/wp\/v2\/pages\/38172\/revisions\/38173"}],"wp:attachment":[{"href":"https:\/\/seacare.com\/es\/wp-json\/wp\/v2\/media?parent=38172"}],"curies":[{"name":"wp","href":"https:\/\/api.w.org\/{rel}","templated":true}]}}