{"id":38176,"date":"2021-05-21T13:05:32","date_gmt":"2021-05-21T10:05:32","guid":{"rendered":"https:\/\/seacare.com\/es\/?page_id=38176"},"modified":"2021-05-21T13:05:32","modified_gmt":"2021-05-21T10:05:32","slug":"primalhyal-gold","status":"publish","type":"page","link":"https:\/\/seacare.com\/es\/primalhyal-gold\/","title":{"rendered":"PrimalHyal\u2122 Gold"},"content":{"rendered":"<h1 class=\"text-head\" style=\"text-align: center;\"><span data-text-color=\"primary\">PrimalHyal\u2122 Gold<\/span><\/h1>\n<p>PrimalHyal\u2122 Gold es una nueva soluci\u00f3n tecnol\u00f3gica de la empresa qu\u00edmica suiza Givaudan, elaborada a base de procesos industriales sostenibles (biofermentaci\u00f3n), que permite introducir hialuronato en compuestos cosm\u00e9ticos a base de aceite. PrimalHyal Gold mantiene la s\u00edntesis del col\u00e1geno y conserva la hidrataci\u00f3n de la piel.<\/p>\n","protected":false},"excerpt":{"rendered":"<p>PrimalHyal\u2122 Gold PrimalHyal\u2122 Gold es una nueva soluci\u00f3n tecnol\u00f3gica de la empresa qu\u00edmica suiza Givaudan, elaborada a base de procesos industriales sostenibles (biofermentaci\u00f3n), que permite introducir hialuronato en compuestos cosm\u00e9ticos a base de aceite. PrimalHyal Gold mantiene la s\u00edntesis del col\u00e1geno y conserva la hidrataci\u00f3n de la piel.<\/p>\n","protected":false},"author":1,"featured_media":0,"parent":0,"menu_order":0,"comment_status":"closed","ping_status":"closed","template":"","meta":{"footnotes":""},"_links":{"self":[{"href":"https:\/\/seacare.com\/es\/wp-json\/wp\/v2\/pages\/38176"}],"collection":[{"href":"https:\/\/seacare.com\/es\/wp-json\/wp\/v2\/pages"}],"about":[{"href":"https:\/\/seacare.com\/es\/wp-json\/wp\/v2\/types\/page"}],"author":[{"embeddable":true,"href":"https:\/\/seacare.com\/es\/wp-json\/wp\/v2\/users\/1"}],"replies":[{"embeddable":true,"href":"https:\/\/seacare.com\/es\/wp-json\/wp\/v2\/comments?post=38176"}],"version-history":[{"count":1,"href":"https:\/\/seacare.com\/es\/wp-json\/wp\/v2\/pages\/38176\/revisions"}],"predecessor-version":[{"id":38177,"href":"https:\/\/seacare.com\/es\/wp-json\/wp\/v2\/pages\/38176\/revisions\/38177"}],"wp:attachment":[{"href":"https:\/\/seacare.com\/es\/wp-json\/wp\/v2\/media?parent=38176"}],"curies":[{"name":"wp","href":"https:\/\/api.w.org\/{rel}","templated":true}]}}