{"id":38178,"date":"2021-05-21T13:08:07","date_gmt":"2021-05-21T10:08:07","guid":{"rendered":"https:\/\/seacare.com\/es\/?page_id=38178"},"modified":"2021-05-21T13:08:07","modified_gmt":"2021-05-21T10:08:07","slug":"aquaxyl","status":"publish","type":"page","link":"https:\/\/seacare.com\/es\/aquaxyl\/","title":{"rendered":"Aquaxyl\u2122"},"content":{"rendered":"<h1 class=\"text-head\" style=\"text-align: center;\"><span data-text-color=\"primary\">Aquaxyl\u2122<\/span><\/h1>\n<p>Aquaxyl\u2122 ofrece la hidrataci\u00f3n 3D para hacer circular la humedad en todas las capas de la piel y aumentar el nivel del \u00e1cido hialur\u00f3nico. La barrera cut\u00e1nea se fortalece durante 24 horas, limitando la deshidrataci\u00f3n. El resultado es una piel m\u00e1s blanda y suave en 28 d\u00edas con una exfoliaci\u00f3n normal y la desaparici\u00f3n de arrugas peque\u00f1as.<\/p>\n","protected":false},"excerpt":{"rendered":"<p>Aquaxyl\u2122 Aquaxyl\u2122 ofrece la hidrataci\u00f3n 3D para hacer circular la humedad en todas las capas de la piel y aumentar el nivel del \u00e1cido hialur\u00f3nico. La barrera cut\u00e1nea se fortalece durante 24 horas, limitando la deshidrataci\u00f3n. El resultado es una piel m\u00e1s blanda y suave en 28 d\u00edas con una exfoliaci\u00f3n normal y la desaparici\u00f3n [&hellip;]\n","protected":false},"author":1,"featured_media":0,"parent":0,"menu_order":0,"comment_status":"closed","ping_status":"closed","template":"","meta":{"footnotes":""},"_links":{"self":[{"href":"https:\/\/seacare.com\/es\/wp-json\/wp\/v2\/pages\/38178"}],"collection":[{"href":"https:\/\/seacare.com\/es\/wp-json\/wp\/v2\/pages"}],"about":[{"href":"https:\/\/seacare.com\/es\/wp-json\/wp\/v2\/types\/page"}],"author":[{"embeddable":true,"href":"https:\/\/seacare.com\/es\/wp-json\/wp\/v2\/users\/1"}],"replies":[{"embeddable":true,"href":"https:\/\/seacare.com\/es\/wp-json\/wp\/v2\/comments?post=38178"}],"version-history":[{"count":1,"href":"https:\/\/seacare.com\/es\/wp-json\/wp\/v2\/pages\/38178\/revisions"}],"predecessor-version":[{"id":38179,"href":"https:\/\/seacare.com\/es\/wp-json\/wp\/v2\/pages\/38178\/revisions\/38179"}],"wp:attachment":[{"href":"https:\/\/seacare.com\/es\/wp-json\/wp\/v2\/media?parent=38178"}],"curies":[{"name":"wp","href":"https:\/\/api.w.org\/{rel}","templated":true}]}}