{"id":38180,"date":"2021-05-21T13:11:04","date_gmt":"2021-05-21T10:11:04","guid":{"rendered":"https:\/\/seacare.com\/es\/?page_id=38180"},"modified":"2021-05-21T13:11:04","modified_gmt":"2021-05-21T10:11:04","slug":"duraquench-iq","status":"publish","type":"page","link":"https:\/\/seacare.com\/es\/duraquench-iq\/","title":{"rendered":"DuraQuench\u2122 IQ"},"content":{"rendered":"<h1 class=\"text-head\" style=\"text-align: center;\"><span data-text-color=\"primary\">DuraQuench\u2122 IQ<\/span><\/h1>\n<p>DuraQuench\u2122 IQ es un complejo hidratante eficaz que usa un mecanismo doble para formar una capa estructural inteligente en la superficie de la piel, regulando la deshidrataci\u00f3n por dentro y fortaleciendo la barrera cut\u00e1nea natural. Garantiza una larga hidrataci\u00f3n y suavidad de la piel.<\/p>\n","protected":false},"excerpt":{"rendered":"<p>DuraQuench\u2122 IQ DuraQuench\u2122 IQ es un complejo hidratante eficaz que usa un mecanismo doble para formar una capa estructural inteligente en la superficie de la piel, regulando la deshidrataci\u00f3n por dentro y fortaleciendo la barrera cut\u00e1nea natural. Garantiza una larga hidrataci\u00f3n y suavidad de la piel.<\/p>\n","protected":false},"author":1,"featured_media":0,"parent":0,"menu_order":0,"comment_status":"closed","ping_status":"closed","template":"","meta":{"footnotes":""},"_links":{"self":[{"href":"https:\/\/seacare.com\/es\/wp-json\/wp\/v2\/pages\/38180"}],"collection":[{"href":"https:\/\/seacare.com\/es\/wp-json\/wp\/v2\/pages"}],"about":[{"href":"https:\/\/seacare.com\/es\/wp-json\/wp\/v2\/types\/page"}],"author":[{"embeddable":true,"href":"https:\/\/seacare.com\/es\/wp-json\/wp\/v2\/users\/1"}],"replies":[{"embeddable":true,"href":"https:\/\/seacare.com\/es\/wp-json\/wp\/v2\/comments?post=38180"}],"version-history":[{"count":1,"href":"https:\/\/seacare.com\/es\/wp-json\/wp\/v2\/pages\/38180\/revisions"}],"predecessor-version":[{"id":38181,"href":"https:\/\/seacare.com\/es\/wp-json\/wp\/v2\/pages\/38180\/revisions\/38181"}],"wp:attachment":[{"href":"https:\/\/seacare.com\/es\/wp-json\/wp\/v2\/media?parent=38180"}],"curies":[{"name":"wp","href":"https:\/\/api.w.org\/{rel}","templated":true}]}}