{"id":38187,"date":"2021-05-21T13:18:22","date_gmt":"2021-05-21T10:18:22","guid":{"rendered":"https:\/\/seacare.com\/es\/?page_id=38187"},"modified":"2021-05-21T13:18:22","modified_gmt":"2021-05-21T10:18:22","slug":"amisoft-cs-22","status":"publish","type":"page","link":"https:\/\/seacare.com\/es\/amisoft-cs-22\/","title":{"rendered":"Amisoft\u00ae CS-22"},"content":{"rendered":"<h1 style=\"text-align: center;\"><span data-text-color=\"primary\">Amisoft\u00ae CS-22<\/span><\/h1>\n<p>Amisoft \u00ae CS-22 es un agente natural elaborado a base del amino\u00e1cido, el \u00e1cido L-glutam\u00ednico y los \u00e1cidos grasos de coco. Amisoft \u00ae CS-22 produce en la piel un efecto acondicionador excelente, dejando una sensaci\u00f3n de hidrataci\u00f3n sin tirantez. Asimismo, produce un efecto similar en el cabello, dej\u00e1ndolo sedoso, blando y terso.<\/p>\n","protected":false},"excerpt":{"rendered":"<p>Amisoft\u00ae CS-22 Amisoft \u00ae CS-22 es un agente natural elaborado a base del amino\u00e1cido, el \u00e1cido L-glutam\u00ednico y los \u00e1cidos grasos de coco. Amisoft \u00ae CS-22 produce en la piel un efecto acondicionador excelente, dejando una sensaci\u00f3n de hidrataci\u00f3n sin tirantez. Asimismo, produce un efecto similar en el cabello, dej\u00e1ndolo sedoso, blando y terso.<\/p>\n","protected":false},"author":1,"featured_media":0,"parent":0,"menu_order":0,"comment_status":"closed","ping_status":"closed","template":"","meta":{"footnotes":""},"_links":{"self":[{"href":"https:\/\/seacare.com\/es\/wp-json\/wp\/v2\/pages\/38187"}],"collection":[{"href":"https:\/\/seacare.com\/es\/wp-json\/wp\/v2\/pages"}],"about":[{"href":"https:\/\/seacare.com\/es\/wp-json\/wp\/v2\/types\/page"}],"author":[{"embeddable":true,"href":"https:\/\/seacare.com\/es\/wp-json\/wp\/v2\/users\/1"}],"replies":[{"embeddable":true,"href":"https:\/\/seacare.com\/es\/wp-json\/wp\/v2\/comments?post=38187"}],"version-history":[{"count":1,"href":"https:\/\/seacare.com\/es\/wp-json\/wp\/v2\/pages\/38187\/revisions"}],"predecessor-version":[{"id":38188,"href":"https:\/\/seacare.com\/es\/wp-json\/wp\/v2\/pages\/38187\/revisions\/38188"}],"wp:attachment":[{"href":"https:\/\/seacare.com\/es\/wp-json\/wp\/v2\/media?parent=38187"}],"curies":[{"name":"wp","href":"https:\/\/api.w.org\/{rel}","templated":true}]}}