{"id":38196,"date":"2021-05-21T13:30:26","date_gmt":"2021-05-21T10:30:26","guid":{"rendered":"https:\/\/seacare.com\/es\/?page_id=38196"},"modified":"2021-05-21T13:30:26","modified_gmt":"2021-05-21T10:30:26","slug":"oro","status":"publish","type":"page","link":"https:\/\/seacare.com\/es\/oro\/","title":{"rendered":"Oro"},"content":{"rendered":"<h1 class=\"text-head\" style=\"text-align: center;\"><span data-text-color=\"primary\">Oro<\/span><\/h1>\n<p>El uso del oro para cuidar la piel se ha hecho popular en la actualidad. Sin embargo, los japoneses, los romanos y los egipcios conocieron muy bien su efecto y lo usaron en cosm\u00e9ticos para cuidar la piel desde antiguo. El oro disminuye las arrugas, las l\u00edneas finas y las manchas. Estimula las c\u00e9lulas cut\u00e1neas. Previene el envejecimiento precoz de la piel.<\/p>\n","protected":false},"excerpt":{"rendered":"<p>Oro El uso del oro para cuidar la piel se ha hecho popular en la actualidad. Sin embargo, los japoneses, los romanos y los egipcios conocieron muy bien su efecto y lo usaron en cosm\u00e9ticos para cuidar la piel desde antiguo. El oro disminuye las arrugas, las l\u00edneas finas y las manchas. Estimula las c\u00e9lulas [&hellip;]\n","protected":false},"author":1,"featured_media":0,"parent":0,"menu_order":0,"comment_status":"closed","ping_status":"closed","template":"","meta":{"footnotes":""},"_links":{"self":[{"href":"https:\/\/seacare.com\/es\/wp-json\/wp\/v2\/pages\/38196"}],"collection":[{"href":"https:\/\/seacare.com\/es\/wp-json\/wp\/v2\/pages"}],"about":[{"href":"https:\/\/seacare.com\/es\/wp-json\/wp\/v2\/types\/page"}],"author":[{"embeddable":true,"href":"https:\/\/seacare.com\/es\/wp-json\/wp\/v2\/users\/1"}],"replies":[{"embeddable":true,"href":"https:\/\/seacare.com\/es\/wp-json\/wp\/v2\/comments?post=38196"}],"version-history":[{"count":1,"href":"https:\/\/seacare.com\/es\/wp-json\/wp\/v2\/pages\/38196\/revisions"}],"predecessor-version":[{"id":38197,"href":"https:\/\/seacare.com\/es\/wp-json\/wp\/v2\/pages\/38196\/revisions\/38197"}],"wp:attachment":[{"href":"https:\/\/seacare.com\/es\/wp-json\/wp\/v2\/media?parent=38196"}],"curies":[{"name":"wp","href":"https:\/\/api.w.org\/{rel}","templated":true}]}}