{"id":38198,"date":"2021-05-21T13:31:59","date_gmt":"2021-05-21T10:31:59","guid":{"rendered":"https:\/\/seacare.com\/es\/?page_id=38198"},"modified":"2021-05-21T13:31:59","modified_gmt":"2021-05-21T10:31:59","slug":"aceite-de-canamo","status":"publish","type":"page","link":"https:\/\/seacare.com\/es\/aceite-de-canamo\/","title":{"rendered":"Aceite de c\u00e1\u00f1amo"},"content":{"rendered":"<h1 class=\"text-head\" style=\"text-align: center;\"><span data-text-color=\"primary\">Aceite de c\u00e1\u00f1amo<\/span><\/h1>\n<p>El aceite de c\u00e1\u00f1amo se puede aplicar a cualquier edad en cualquier tipo de piel. El aceite de c\u00e1\u00f1amo para el rostro se considera como uno de los hidratantes m\u00e1s profundos de las c\u00e9lulas, recupera la elasticidad, nutre, suaviza, alisa las arrugas y produce un efecto antibacteriano. Ayuda a conservar las mol\u00e9culas de agua en la piel.<\/p>\n","protected":false},"excerpt":{"rendered":"<p>Aceite de c\u00e1\u00f1amo El aceite de c\u00e1\u00f1amo se puede aplicar a cualquier edad en cualquier tipo de piel. El aceite de c\u00e1\u00f1amo para el rostro se considera como uno de los hidratantes m\u00e1s profundos de las c\u00e9lulas, recupera la elasticidad, nutre, suaviza, alisa las arrugas y produce un efecto antibacteriano. Ayuda a conservar las mol\u00e9culas [&hellip;]\n","protected":false},"author":1,"featured_media":0,"parent":0,"menu_order":0,"comment_status":"closed","ping_status":"closed","template":"","meta":{"footnotes":""},"_links":{"self":[{"href":"https:\/\/seacare.com\/es\/wp-json\/wp\/v2\/pages\/38198"}],"collection":[{"href":"https:\/\/seacare.com\/es\/wp-json\/wp\/v2\/pages"}],"about":[{"href":"https:\/\/seacare.com\/es\/wp-json\/wp\/v2\/types\/page"}],"author":[{"embeddable":true,"href":"https:\/\/seacare.com\/es\/wp-json\/wp\/v2\/users\/1"}],"replies":[{"embeddable":true,"href":"https:\/\/seacare.com\/es\/wp-json\/wp\/v2\/comments?post=38198"}],"version-history":[{"count":1,"href":"https:\/\/seacare.com\/es\/wp-json\/wp\/v2\/pages\/38198\/revisions"}],"predecessor-version":[{"id":38199,"href":"https:\/\/seacare.com\/es\/wp-json\/wp\/v2\/pages\/38198\/revisions\/38199"}],"wp:attachment":[{"href":"https:\/\/seacare.com\/es\/wp-json\/wp\/v2\/media?parent=38198"}],"curies":[{"name":"wp","href":"https:\/\/api.w.org\/{rel}","templated":true}]}}