{"id":38202,"date":"2021-05-21T13:35:07","date_gmt":"2021-05-21T10:35:07","guid":{"rendered":"https:\/\/seacare.com\/es\/?page_id=38202"},"modified":"2021-05-21T13:35:07","modified_gmt":"2021-05-21T10:35:07","slug":"arcilla-de-caolin","status":"publish","type":"page","link":"https:\/\/seacare.com\/es\/arcilla-de-caolin\/","title":{"rendered":"Arcilla de caol\u00edn"},"content":{"rendered":"<h1 class=\"text-head\" style=\"text-align: center;\"><span data-text-color=\"primary\">Arcilla de caol\u00edn<\/span><\/h1>\n<p>El caol\u00edn es la arcilla m\u00e1s blanda que se emplea en la elaboraci\u00f3n de cosm\u00e9ticos. A diferencia de la arcilla de bentonita o ilita, el caol\u00edn no deja su piel seca y no le absorbe la humedad o el lubricante natural. La mascarilla de caol\u00edn se puede aplicar todos los d\u00edas sin que la piel se seque o se irrite demasiado.<\/p>\n","protected":false},"excerpt":{"rendered":"<p>Arcilla de caol\u00edn El caol\u00edn es la arcilla m\u00e1s blanda que se emplea en la elaboraci\u00f3n de cosm\u00e9ticos. A diferencia de la arcilla de bentonita o ilita, el caol\u00edn no deja su piel seca y no le absorbe la humedad o el lubricante natural. La mascarilla de caol\u00edn se puede aplicar todos los d\u00edas sin [&hellip;]\n","protected":false},"author":1,"featured_media":0,"parent":0,"menu_order":0,"comment_status":"closed","ping_status":"closed","template":"","meta":{"footnotes":""},"_links":{"self":[{"href":"https:\/\/seacare.com\/es\/wp-json\/wp\/v2\/pages\/38202"}],"collection":[{"href":"https:\/\/seacare.com\/es\/wp-json\/wp\/v2\/pages"}],"about":[{"href":"https:\/\/seacare.com\/es\/wp-json\/wp\/v2\/types\/page"}],"author":[{"embeddable":true,"href":"https:\/\/seacare.com\/es\/wp-json\/wp\/v2\/users\/1"}],"replies":[{"embeddable":true,"href":"https:\/\/seacare.com\/es\/wp-json\/wp\/v2\/comments?post=38202"}],"version-history":[{"count":1,"href":"https:\/\/seacare.com\/es\/wp-json\/wp\/v2\/pages\/38202\/revisions"}],"predecessor-version":[{"id":38203,"href":"https:\/\/seacare.com\/es\/wp-json\/wp\/v2\/pages\/38202\/revisions\/38203"}],"wp:attachment":[{"href":"https:\/\/seacare.com\/es\/wp-json\/wp\/v2\/media?parent=38202"}],"curies":[{"name":"wp","href":"https:\/\/api.w.org\/{rel}","templated":true}]}}