{"id":38206,"date":"2021-05-21T13:40:58","date_gmt":"2021-05-21T10:40:58","guid":{"rendered":"https:\/\/seacare.com\/es\/?page_id=38206"},"modified":"2021-05-21T13:40:58","modified_gmt":"2021-05-21T10:40:58","slug":"aceite-de-limon","status":"publish","type":"page","link":"https:\/\/seacare.com\/es\/aceite-de-limon\/","title":{"rendered":"Aceite de lim\u00f3n"},"content":{"rendered":"<h1 class=\"text-head\" style=\"text-align: center;\"><span data-text-color=\"primary\">Aceite de lim\u00f3n<\/span><\/h1>\n<p>Aplicado en la piel, el aceite de lim\u00f3n puede mejorar considerablemente su aspecto exterior y dejarla m\u00e1s joven. Es capaz de regenerar la piel fl\u00e1cida o deslucida gracias a su efecto astringente y antis\u00e9ptico. El aceite de lim\u00f3n destruye distintos microorganismos pat\u00f3genos que viven en la piel, curando los granos y las enfermedades cut\u00e1neas.<\/p>\n","protected":false},"excerpt":{"rendered":"<p>Aceite de lim\u00f3n Aplicado en la piel, el aceite de lim\u00f3n puede mejorar considerablemente su aspecto exterior y dejarla m\u00e1s joven. Es capaz de regenerar la piel fl\u00e1cida o deslucida gracias a su efecto astringente y antis\u00e9ptico. El aceite de lim\u00f3n destruye distintos microorganismos pat\u00f3genos que viven en la piel, curando los granos y las [&hellip;]\n","protected":false},"author":1,"featured_media":0,"parent":0,"menu_order":0,"comment_status":"closed","ping_status":"closed","template":"","meta":{"footnotes":""},"_links":{"self":[{"href":"https:\/\/seacare.com\/es\/wp-json\/wp\/v2\/pages\/38206"}],"collection":[{"href":"https:\/\/seacare.com\/es\/wp-json\/wp\/v2\/pages"}],"about":[{"href":"https:\/\/seacare.com\/es\/wp-json\/wp\/v2\/types\/page"}],"author":[{"embeddable":true,"href":"https:\/\/seacare.com\/es\/wp-json\/wp\/v2\/users\/1"}],"replies":[{"embeddable":true,"href":"https:\/\/seacare.com\/es\/wp-json\/wp\/v2\/comments?post=38206"}],"version-history":[{"count":1,"href":"https:\/\/seacare.com\/es\/wp-json\/wp\/v2\/pages\/38206\/revisions"}],"predecessor-version":[{"id":38207,"href":"https:\/\/seacare.com\/es\/wp-json\/wp\/v2\/pages\/38206\/revisions\/38207"}],"wp:attachment":[{"href":"https:\/\/seacare.com\/es\/wp-json\/wp\/v2\/media?parent=38206"}],"curies":[{"name":"wp","href":"https:\/\/api.w.org\/{rel}","templated":true}]}}