{"id":38210,"date":"2021-05-21T13:45:51","date_gmt":"2021-05-21T10:45:51","guid":{"rendered":"https:\/\/seacare.com\/es\/?page_id=38210"},"modified":"2021-05-21T13:45:51","modified_gmt":"2021-05-21T10:45:51","slug":"aceite-de-escaramujo","status":"publish","type":"page","link":"https:\/\/seacare.com\/es\/aceite-de-escaramujo\/","title":{"rendered":"Aceite de escaramujo"},"content":{"rendered":"<h1 class=\"text-head\" style=\"text-align: center;\"><span data-text-color=\"primary\">Aceite de escaramujo<\/span><\/h1>\n<p>El aceite de escaramujo es un superproducto que ofrece una serie de ventajas para todos los tipos de la piel, desde el aclarado hasta el aumento del nivel de hidrataci\u00f3n y elasticidad. Est\u00e1 formado casi al 89% por \u00e1cidos grasos imprescindibles, incluyendo los \u00e1cidos omega-3, omega-6 y omega-9, que estimulan la regeneraci\u00f3n y la nueva elaboraci\u00f3n de col\u00e1geno y elastina. <\/p>\n","protected":false},"excerpt":{"rendered":"<p>Aceite de escaramujo El aceite de escaramujo es un superproducto que ofrece una serie de ventajas para todos los tipos de la piel, desde el aclarado hasta el aumento del nivel de hidrataci\u00f3n y elasticidad. Est\u00e1 formado casi al 89% por \u00e1cidos grasos imprescindibles, incluyendo los \u00e1cidos omega-3, omega-6 y omega-9, que estimulan la regeneraci\u00f3n [&hellip;]\n","protected":false},"author":1,"featured_media":0,"parent":0,"menu_order":0,"comment_status":"closed","ping_status":"closed","template":"","meta":{"footnotes":""},"_links":{"self":[{"href":"https:\/\/seacare.com\/es\/wp-json\/wp\/v2\/pages\/38210"}],"collection":[{"href":"https:\/\/seacare.com\/es\/wp-json\/wp\/v2\/pages"}],"about":[{"href":"https:\/\/seacare.com\/es\/wp-json\/wp\/v2\/types\/page"}],"author":[{"embeddable":true,"href":"https:\/\/seacare.com\/es\/wp-json\/wp\/v2\/users\/1"}],"replies":[{"embeddable":true,"href":"https:\/\/seacare.com\/es\/wp-json\/wp\/v2\/comments?post=38210"}],"version-history":[{"count":1,"href":"https:\/\/seacare.com\/es\/wp-json\/wp\/v2\/pages\/38210\/revisions"}],"predecessor-version":[{"id":38211,"href":"https:\/\/seacare.com\/es\/wp-json\/wp\/v2\/pages\/38210\/revisions\/38211"}],"wp:attachment":[{"href":"https:\/\/seacare.com\/es\/wp-json\/wp\/v2\/media?parent=38210"}],"curies":[{"name":"wp","href":"https:\/\/api.w.org\/{rel}","templated":true}]}}