{"id":38212,"date":"2021-05-21T13:49:05","date_gmt":"2021-05-21T10:49:05","guid":{"rendered":"https:\/\/seacare.com\/es\/?page_id=38212"},"modified":"2021-05-21T13:49:05","modified_gmt":"2021-05-21T10:49:05","slug":"polvo-de-arroz","status":"publish","type":"page","link":"https:\/\/seacare.com\/es\/polvo-de-arroz\/","title":{"rendered":"Polvo de arroz"},"content":{"rendered":"<h1 class=\"text-head\" style=\"text-align: center;\"><span data-text-color=\"primary\">Polvo de arroz<\/span><\/h1>\n<p>El polvo de arroz contiene muchas vitaminas y minerales que ayudan a conseguir una piel limpia e impecable. El polvo de arroz, granuloso por naturaleza, es capaz de exfoliar la piel, dej\u00e1ndola blanda y el\u00e1stica al tacto. Puede usarlo para aclararse la piel, sobre todo si padece decoloraci\u00f3n o hiperpegmentaci\u00f3n.<\/p>\n","protected":false},"excerpt":{"rendered":"<p>Polvo de arroz El polvo de arroz contiene muchas vitaminas y minerales que ayudan a conseguir una piel limpia e impecable. El polvo de arroz, granuloso por naturaleza, es capaz de exfoliar la piel, dej\u00e1ndola blanda y el\u00e1stica al tacto. Puede usarlo para aclararse la piel, sobre todo si padece decoloraci\u00f3n o hiperpegmentaci\u00f3n.<\/p>\n","protected":false},"author":1,"featured_media":0,"parent":0,"menu_order":0,"comment_status":"closed","ping_status":"closed","template":"","meta":{"footnotes":""},"_links":{"self":[{"href":"https:\/\/seacare.com\/es\/wp-json\/wp\/v2\/pages\/38212"}],"collection":[{"href":"https:\/\/seacare.com\/es\/wp-json\/wp\/v2\/pages"}],"about":[{"href":"https:\/\/seacare.com\/es\/wp-json\/wp\/v2\/types\/page"}],"author":[{"embeddable":true,"href":"https:\/\/seacare.com\/es\/wp-json\/wp\/v2\/users\/1"}],"replies":[{"embeddable":true,"href":"https:\/\/seacare.com\/es\/wp-json\/wp\/v2\/comments?post=38212"}],"version-history":[{"count":1,"href":"https:\/\/seacare.com\/es\/wp-json\/wp\/v2\/pages\/38212\/revisions"}],"predecessor-version":[{"id":38213,"href":"https:\/\/seacare.com\/es\/wp-json\/wp\/v2\/pages\/38212\/revisions\/38213"}],"wp:attachment":[{"href":"https:\/\/seacare.com\/es\/wp-json\/wp\/v2\/media?parent=38212"}],"curies":[{"name":"wp","href":"https:\/\/api.w.org\/{rel}","templated":true}]}}