{"id":38216,"date":"2021-05-21T13:51:55","date_gmt":"2021-05-21T10:51:55","guid":{"rendered":"https:\/\/seacare.com\/es\/?page_id=38216"},"modified":"2021-05-21T13:51:55","modified_gmt":"2021-05-21T10:51:55","slug":"extracto-de-las-hojas-de-pencedano-imperatoria-romana","status":"publish","type":"page","link":"https:\/\/seacare.com\/es\/extracto-de-las-hojas-de-pencedano-imperatoria-romana\/","title":{"rendered":"Extracto de las hojas de pencedano (imperatoria romana)"},"content":{"rendered":"<h1 class=\"text-head\" style=\"text-align: center;\"><span data-text-color=\"primary\">Extracto de las hojas de pencedano (imperatoria romana)<\/span><\/h1>\n<p>El extracto de las hojas de pencedano posee unas propiedades que rejuvenecen la piel. Se usa para recuperar la juventud y curar las heridas. Calma y cura la piel, quita la tensi\u00f3n y la irritaci\u00f3n. Desde la \u00e9poca medieval se llamaba \u201cmedicina divina\u201d.<\/p>\n","protected":false},"excerpt":{"rendered":"<p>Extracto de las hojas de pencedano (imperatoria romana) El extracto de las hojas de pencedano posee unas propiedades que rejuvenecen la piel. Se usa para recuperar la juventud y curar las heridas. Calma y cura la piel, quita la tensi\u00f3n y la irritaci\u00f3n. Desde la \u00e9poca medieval se llamaba \u201cmedicina divina\u201d.<\/p>\n","protected":false},"author":1,"featured_media":0,"parent":0,"menu_order":0,"comment_status":"closed","ping_status":"closed","template":"","meta":{"footnotes":""},"_links":{"self":[{"href":"https:\/\/seacare.com\/es\/wp-json\/wp\/v2\/pages\/38216"}],"collection":[{"href":"https:\/\/seacare.com\/es\/wp-json\/wp\/v2\/pages"}],"about":[{"href":"https:\/\/seacare.com\/es\/wp-json\/wp\/v2\/types\/page"}],"author":[{"embeddable":true,"href":"https:\/\/seacare.com\/es\/wp-json\/wp\/v2\/users\/1"}],"replies":[{"embeddable":true,"href":"https:\/\/seacare.com\/es\/wp-json\/wp\/v2\/comments?post=38216"}],"version-history":[{"count":1,"href":"https:\/\/seacare.com\/es\/wp-json\/wp\/v2\/pages\/38216\/revisions"}],"predecessor-version":[{"id":38217,"href":"https:\/\/seacare.com\/es\/wp-json\/wp\/v2\/pages\/38216\/revisions\/38217"}],"wp:attachment":[{"href":"https:\/\/seacare.com\/es\/wp-json\/wp\/v2\/media?parent=38216"}],"curies":[{"name":"wp","href":"https:\/\/api.w.org\/{rel}","templated":true}]}}