{"id":38218,"date":"2021-05-21T13:53:13","date_gmt":"2021-05-21T10:53:13","guid":{"rendered":"https:\/\/seacare.com\/es\/?page_id=38218"},"modified":"2021-05-21T13:53:13","modified_gmt":"2021-05-21T10:53:13","slug":"extracto-de-castano-de-indias","status":"publish","type":"page","link":"https:\/\/seacare.com\/es\/extracto-de-castano-de-indias\/","title":{"rendered":"Extracto de casta\u00f1o de Indias"},"content":{"rendered":"<h1 class=\"text-head\" style=\"text-align: center;\"><span data-text-color=\"primary\">Extracto de casta\u00f1o de Indias<\/span><\/h1>\n<p>El extracto de las semillas de casta\u00f1o de Indias es un ingrediente popular para cuidar la piel que se suele usar para mejorar la salud de las venas y disminuir la inflamaci\u00f3n. El principal agente del extracto de casta\u00f1o de Indias es la escina, cuyas numerosas ventajas est\u00e1n bien estudiadas.<\/p>\n","protected":false},"excerpt":{"rendered":"<p>Extracto de casta\u00f1o de Indias El extracto de las semillas de casta\u00f1o de Indias es un ingrediente popular para cuidar la piel que se suele usar para mejorar la salud de las venas y disminuir la inflamaci\u00f3n. El principal agente del extracto de casta\u00f1o de Indias es la escina, cuyas numerosas ventajas est\u00e1n bien estudiadas.<\/p>\n","protected":false},"author":1,"featured_media":0,"parent":0,"menu_order":0,"comment_status":"closed","ping_status":"closed","template":"","meta":{"footnotes":""},"_links":{"self":[{"href":"https:\/\/seacare.com\/es\/wp-json\/wp\/v2\/pages\/38218"}],"collection":[{"href":"https:\/\/seacare.com\/es\/wp-json\/wp\/v2\/pages"}],"about":[{"href":"https:\/\/seacare.com\/es\/wp-json\/wp\/v2\/types\/page"}],"author":[{"embeddable":true,"href":"https:\/\/seacare.com\/es\/wp-json\/wp\/v2\/users\/1"}],"replies":[{"embeddable":true,"href":"https:\/\/seacare.com\/es\/wp-json\/wp\/v2\/comments?post=38218"}],"version-history":[{"count":1,"href":"https:\/\/seacare.com\/es\/wp-json\/wp\/v2\/pages\/38218\/revisions"}],"predecessor-version":[{"id":38219,"href":"https:\/\/seacare.com\/es\/wp-json\/wp\/v2\/pages\/38218\/revisions\/38219"}],"wp:attachment":[{"href":"https:\/\/seacare.com\/es\/wp-json\/wp\/v2\/media?parent=38218"}],"curies":[{"name":"wp","href":"https:\/\/api.w.org\/{rel}","templated":true}]}}