{"id":38221,"date":"2021-05-21T13:55:02","date_gmt":"2021-05-21T10:55:02","guid":{"rendered":"https:\/\/seacare.com\/es\/?page_id=38221"},"modified":"2021-05-21T13:55:02","modified_gmt":"2021-05-21T10:55:02","slug":"vitamina-e","status":"publish","type":"page","link":"https:\/\/seacare.com\/es\/vitamina-e\/","title":{"rendered":"Vitamina E"},"content":{"rendered":"<h1 class=\"text-head\" style=\"text-align: center;\"><span data-text-color=\"primary\">Vitamina E<\/span><\/h1>\n<p>Reduce la sequedad y refuerza la defensa de la piel contra los rayos UV.<br \/>\nEst\u00e1 comprobado que mejora la sequedad ayudando a la piel a conservar sus humectantes naturales. Tambi\u00e9n, la potente capacidad de la vitamina E para neutralizar los nocivos radicales libres le ha valido el apodo de \u201cel protector\u201d. Un gran n\u00famero de estudios sobre el cuidado de la piel respaldan su condici\u00f3n de superestrella. En un estudio, la vitamina E redujo significativamente la cantidad de estas mol\u00e9culas inestables creadas luego de la exposici\u00f3n al humo del cigarrillo. Otros mostraron que cuando se usa antes de la exposici\u00f3n a rayos UV, la piel queda menos roja, hinchada y seca.<\/p>\n","protected":false},"excerpt":{"rendered":"<p>Vitamina E Reduce la sequedad y refuerza la defensa de la piel contra los rayos UV. Est\u00e1 comprobado que mejora la sequedad ayudando a la piel a conservar sus humectantes naturales. Tambi\u00e9n, la potente capacidad de la vitamina E para neutralizar los nocivos radicales libres le ha valido el apodo de \u201cel protector\u201d. Un gran [&hellip;]\n","protected":false},"author":1,"featured_media":0,"parent":0,"menu_order":0,"comment_status":"closed","ping_status":"closed","template":"","meta":{"footnotes":""},"_links":{"self":[{"href":"https:\/\/seacare.com\/es\/wp-json\/wp\/v2\/pages\/38221"}],"collection":[{"href":"https:\/\/seacare.com\/es\/wp-json\/wp\/v2\/pages"}],"about":[{"href":"https:\/\/seacare.com\/es\/wp-json\/wp\/v2\/types\/page"}],"author":[{"embeddable":true,"href":"https:\/\/seacare.com\/es\/wp-json\/wp\/v2\/users\/1"}],"replies":[{"embeddable":true,"href":"https:\/\/seacare.com\/es\/wp-json\/wp\/v2\/comments?post=38221"}],"version-history":[{"count":1,"href":"https:\/\/seacare.com\/es\/wp-json\/wp\/v2\/pages\/38221\/revisions"}],"predecessor-version":[{"id":38222,"href":"https:\/\/seacare.com\/es\/wp-json\/wp\/v2\/pages\/38221\/revisions\/38222"}],"wp:attachment":[{"href":"https:\/\/seacare.com\/es\/wp-json\/wp\/v2\/media?parent=38221"}],"curies":[{"name":"wp","href":"https:\/\/api.w.org\/{rel}","templated":true}]}}