{"id":38223,"date":"2021-05-21T13:56:46","date_gmt":"2021-05-21T10:56:46","guid":{"rendered":"https:\/\/seacare.com\/es\/?page_id=38223"},"modified":"2021-05-21T13:56:46","modified_gmt":"2021-05-21T10:56:46","slug":"vitamina-a","status":"publish","type":"page","link":"https:\/\/seacare.com\/es\/vitamina-a\/","title":{"rendered":"Vitamina A"},"content":{"rendered":"<h1 class=\"text-head\" style=\"text-align: center;\"><span data-text-color=\"primary\">Vitamina A<\/span><\/h1>\n<p>Best overall age-fighter<br \/>\nLa mejor para combatir el paso del tiempo.<br \/>\nEst\u00e1 comprobado que reduce arrugas, disminuye manchas oscuras y suaviza asperezas. \u201cHay m\u00e1s de 700 estudios publicados sobre los retinoides: son ingredientes de eficacia probada. Todos los que deseen tener una piel con una apariencia m\u00e1s joven deben usar alguno de ellos\u201d, seg\u00fan la Dra. Doris Day, profesora cl\u00ednica adjunta de Dermatolog\u00eda en el Centro M\u00e9dico Langone de la Universidad de Nueva York.<\/p>\n","protected":false},"excerpt":{"rendered":"<p>Vitamina A Best overall age-fighter La mejor para combatir el paso del tiempo. Est\u00e1 comprobado que reduce arrugas, disminuye manchas oscuras y suaviza asperezas. \u201cHay m\u00e1s de 700 estudios publicados sobre los retinoides: son ingredientes de eficacia probada. Todos los que deseen tener una piel con una apariencia m\u00e1s joven deben usar alguno de ellos\u201d, [&hellip;]\n","protected":false},"author":1,"featured_media":0,"parent":0,"menu_order":0,"comment_status":"closed","ping_status":"closed","template":"","meta":{"footnotes":""},"_links":{"self":[{"href":"https:\/\/seacare.com\/es\/wp-json\/wp\/v2\/pages\/38223"}],"collection":[{"href":"https:\/\/seacare.com\/es\/wp-json\/wp\/v2\/pages"}],"about":[{"href":"https:\/\/seacare.com\/es\/wp-json\/wp\/v2\/types\/page"}],"author":[{"embeddable":true,"href":"https:\/\/seacare.com\/es\/wp-json\/wp\/v2\/users\/1"}],"replies":[{"embeddable":true,"href":"https:\/\/seacare.com\/es\/wp-json\/wp\/v2\/comments?post=38223"}],"version-history":[{"count":1,"href":"https:\/\/seacare.com\/es\/wp-json\/wp\/v2\/pages\/38223\/revisions"}],"predecessor-version":[{"id":38224,"href":"https:\/\/seacare.com\/es\/wp-json\/wp\/v2\/pages\/38223\/revisions\/38224"}],"wp:attachment":[{"href":"https:\/\/seacare.com\/es\/wp-json\/wp\/v2\/media?parent=38223"}],"curies":[{"name":"wp","href":"https:\/\/api.w.org\/{rel}","templated":true}]}}