{"id":5009,"date":"2017-04-25T15:41:25","date_gmt":"2017-04-25T12:41:25","guid":{"rendered":"http:\/\/800forlady.com\/es\/?page_id=5009"},"modified":"2020-10-08T18:30:57","modified_gmt":"2020-10-08T15:30:57","slug":"acerca-de-seacare","status":"publish","type":"page","link":"https:\/\/seacare.com\/es\/acerca-de-seacare\/","title":{"rendered":"Acerca de SeaCare"},"content":{"rendered":"\n  <div class=\"banner has-hover\" id=\"banner-73696319\">\n          <div class=\"banner-inner fill\">\n        <div class=\"banner-bg fill\" >\n            <div class=\"bg fill bg-fill \"><\/div>\n                                    \n                    <\/div><!-- bg-layers -->\n        <div class=\"banner-layers container\">\n            <div class=\"fill banner-link\"><\/div>            \n   <div id=\"text-box-1261690826\" class=\"text-box banner-layer x0 md-x0 lg-x0 y0 md-y0 lg-y0 res-text\">\n                                <div class=\"text dark\">\n              \n              <div class=\"text-inner text-center\">\n                  \n<h2 class=\"lead\">Acerca de SeaCare<\/h2>\n<p class=\"lead\" style=\"margin-top: -10px; font-size: 17px; \">Cosm\u00e9ticos del Mar Muerto para el cuidado de la piel<\/p>\n<style>\n@media (max-width: 500px){\n.text-box p {display: none;\n<\/style>\n              <\/div>\n           <\/div><!-- text-box-inner -->\n                            \n<style scope=\"scope\">\n\n#text-box-1261690826 {\n  width: 48%;\n}\n#text-box-1261690826 .text {\n  font-size: 100%;\n}\n<\/style>\n    <\/div><!-- text-box -->\n \n        <\/div><!-- .banner-layers -->\n      <\/div><!-- .banner-inner -->\n\n              <div class=\"height-fix is-invisible\"><img loading=\"lazy\" decoding=\"async\" width=\"1903\" height=\"600\" src=\"https:\/\/seacare.com\/wp-content\/uploads\/2017\/06\/\u0411\u0435\u0437-\u0438\u043c\u0435\u043d\u0438-6-4.png\" class=\"attachment-orginal size-orginal\" alt=\"\" srcset=\"https:\/\/seacare.com\/wp-content\/uploads\/2017\/06\/\u0411\u0435\u0437-\u0438\u043c\u0435\u043d\u0438-6-4.png 1903w, https:\/\/seacare.com\/wp-content\/uploads\/2017\/06\/\u0411\u0435\u0437-\u0438\u043c\u0435\u043d\u0438-6-4-800x252.png 800w, https:\/\/seacare.com\/wp-content\/uploads\/2017\/06\/\u0411\u0435\u0437-\u0438\u043c\u0435\u043d\u0438-6-4-768x242.png 768w, https:\/\/seacare.com\/wp-content\/uploads\/2017\/06\/\u0411\u0435\u0437-\u0438\u043c\u0435\u043d\u0438-6-4-1400x441.png 1400w\" sizes=\"(max-width: 1903px) 100vw, 1903px\" \/><\/div>\n            \n<style scope=\"scope\">\n\n#banner-73696319 .bg.bg-loaded {\n  background-image: url(https:\/\/seacare.com\/wp-content\/uploads\/2017\/06\/\u0411\u0435\u0437-\u0438\u043c\u0435\u043d\u0438-6-4.png);\n}\n<\/style>\n  <\/div><!-- .banner -->\n\n\n<div class=\"row\"  id=\"row-1523632363\">\n<div class=\"col small-12 large-12\"  ><div class=\"col-inner\"  >\n<p class=\"o-kom-text3\"><strong>SeaCare Group<\/strong> es una compa\u00f1\u00eda internacional de cosm\u00e9ticos, ubicada en Toronto, Ontario, Canad\u00e1, que fabrica, distribuye y comercializa productos terap\u00e9uticos y cosm\u00e9ticos avanzados elaborados a partir de la sal, el lodo y los minerales del Mar Muerto, cuyas propiedades curativas se conocen desde hace miles de a\u00f1os. Para elaborar los mejores productos para el cuidado de la piel, SeaCare Group trabaja con los laboratorios de investigaci\u00f3n m\u00e1s importantes del mundo, como:<\/p>\n<p class=\"o-kom-text3\"><img decoding=\"async\" class=\"marker\" src=\"\/wp-content\/uploads\/2013\/08\/punkt.png\" \/>Sederma, Francia: produce Matrixyl\u00ae que disminuye significativamente las arrugas.<br \/>\n<img decoding=\"async\" class=\"marker\" src=\"\/wp-content\/uploads\/2013\/08\/punkt.png\" \/>Soliance, Francia: elabora Easyliance\u2122 que genera un efecto reafirmante y de estiramiento instant\u00e1neo.<br \/>\n<img decoding=\"async\" class=\"marker\" src=\"\/wp-content\/uploads\/2013\/08\/punkt.png\" \/>Sophim, Francia: elabora aceite de arg\u00e1n que hidrata y suaviza la piel.<br \/>\n<img decoding=\"async\" class=\"marker\" src=\"\/wp-content\/uploads\/2013\/08\/punkt.png\" \/>Greentech, Francia: elabora Lipactive Inca Inchi, el aceite m\u00e1s rico en \u00e1cidos grasos esenciales recomendados para el cuidado de la piel por sus propiedades antienvejecimiento, regenerativas, curativas y humectantes.<br \/>\n<img decoding=\"async\" class=\"marker\" src=\"\/wp-content\/uploads\/2013\/08\/punkt.png\" \/>Croda, R. U.: fabrica DuraQuench IQ que es un efectivo humectante de la piel.<br \/>\n<img decoding=\"async\" class=\"marker\" src=\"\/wp-content\/uploads\/2013\/08\/punkt.png\" \/>Mibelle, Suiza: elabora Coenzima Q10 que respalda el sistema de protecci\u00f3n natural de la piel, reduce las arrugas, rejuvenece la piel y act\u00faa como un agente antioxidante.<\/p>\n<p style=\"text-align: center;\"><img decoding=\"async\" src=\"\/wp-content\/uploads\/2013\/08\/o-kompanii.png\" \/><\/p>\n<\/div><\/div>\n<div class=\"col small-12 large-12\"  ><div class=\"col-inner\"  >\n<p class=\"o-kom-text3\">Nuestros cient\u00edficos garantizan que la calidad se mantuvo constante en numerosas pruebas de control realizadas en los laboratorios a diario. Todos los productos SeaCare est\u00e1n elaborados a partir de los mejores ingredientes naturales y NO contienen nada de lo siguiente: parabenos, propilenglicol, aceite mineral, siliconas, petrolato, laurilsulfato de sodio (SLS).<\/p>\n<p class=\"o-kom-text3\">Con deliciosas texturas e innovadores ingredientes activos, SeaCare ofrece una amplia selecci\u00f3n de productos de alta calidad. Todos los productos SeaCare se elaboran en Israel y tienen la \u201cMarca de buena calidad de producto original del Mar Muerto de Israel\u201d otorgada por la Asociaci\u00f3n de Fabricantes de Israel y por la Asociaci\u00f3n de Industrias Cosm\u00e9ticas de Israel.<\/p>\n<p class=\"o-kom-text3\">SeaCare Group tiene el compromiso de brindar un servicio confiable y de primera calidad. Nuestro departamento de Atenci\u00f3n al cliente se esfuerza por responder todas las consultas realizadas por correo electr\u00f3nico en el per\u00edodo un d\u00eda h\u00e1bil.<\/p>\n<p class=\"o-kom-text3\">Con SeaCare, no caben dudas de que disfruta de la mayor innovaci\u00f3n en productos, junto con el asesoramiento personalizado que le brindan nuestros asesores de belleza profesionales.<\/p>\n<\/div><\/div>\n<\/div>\n    <div class=\"img has-hover x md-x lg-x y md-y lg-y\" id=\"image_449749784\">\n                <div class=\"img-inner dark\" >\n        <img loading=\"lazy\" decoding=\"async\" width=\"1020\" height=\"95\" src=\"https:\/\/seacare.com\/wp-content\/uploads\/2020\/10\/\u041b\u043e\u0433\u043e\u0442\u0438\u043f-\u0434\u043b\u044f-\u0421\u0430\u0438\u0306\u0442\u0430-SeaCare-\u043a\u043e\u043f\u0438\u044f-1400x130.png\" class=\"attachment-large size-large\" alt=\"\" srcset=\"https:\/\/seacare.com\/wp-content\/uploads\/2020\/10\/\u041b\u043e\u0433\u043e\u0442\u0438\u043f-\u0434\u043b\u044f-\u0421\u0430\u0438\u0306\u0442\u0430-SeaCare-\u043a\u043e\u043f\u0438\u044f-1400x130.png 1400w, https:\/\/seacare.com\/wp-content\/uploads\/2020\/10\/\u041b\u043e\u0433\u043e\u0442\u0438\u043f-\u0434\u043b\u044f-\u0421\u0430\u0438\u0306\u0442\u0430-SeaCare-\u043a\u043e\u043f\u0438\u044f-800x74.png 800w, https:\/\/seacare.com\/wp-content\/uploads\/2020\/10\/\u041b\u043e\u0433\u043e\u0442\u0438\u043f-\u0434\u043b\u044f-\u0421\u0430\u0438\u0306\u0442\u0430-SeaCare-\u043a\u043e\u043f\u0438\u044f-768x71.png 768w\" sizes=\"(max-width: 1020px) 100vw, 1020px\" \/>                \n            <\/div>\n                   \n<style scope=\"scope\">\n\n<\/style>\n    <\/div>\n    \n","protected":false},"excerpt":{"rendered":"","protected":false},"author":1,"featured_media":4589,"parent":0,"menu_order":0,"comment_status":"closed","ping_status":"closed","template":"","meta":{"footnotes":""},"_links":{"self":[{"href":"https:\/\/seacare.com\/es\/wp-json\/wp\/v2\/pages\/5009"}],"collection":[{"href":"https:\/\/seacare.com\/es\/wp-json\/wp\/v2\/pages"}],"about":[{"href":"https:\/\/seacare.com\/es\/wp-json\/wp\/v2\/types\/page"}],"author":[{"embeddable":true,"href":"https:\/\/seacare.com\/es\/wp-json\/wp\/v2\/users\/1"}],"replies":[{"embeddable":true,"href":"https:\/\/seacare.com\/es\/wp-json\/wp\/v2\/comments?post=5009"}],"version-history":[{"count":7,"href":"https:\/\/seacare.com\/es\/wp-json\/wp\/v2\/pages\/5009\/revisions"}],"predecessor-version":[{"id":28236,"href":"https:\/\/seacare.com\/es\/wp-json\/wp\/v2\/pages\/5009\/revisions\/28236"}],"wp:featuredmedia":[{"embeddable":true,"href":"https:\/\/seacare.com\/es\/wp-json\/wp\/v2\/media\/4589"}],"wp:attachment":[{"href":"https:\/\/seacare.com\/es\/wp-json\/wp\/v2\/media?parent=5009"}],"curies":[{"name":"wp","href":"https:\/\/api.w.org\/{rel}","templated":true}]}}