{"id":5025,"date":"2017-04-25T16:17:18","date_gmt":"2017-04-25T13:17:18","guid":{"rendered":"http:\/\/800forlady.com\/es\/?page_id=5025"},"modified":"2021-05-21T13:21:48","modified_gmt":"2021-05-21T10:21:48","slug":"minerales-del-mar-muerto","status":"publish","type":"page","link":"https:\/\/seacare.com\/es\/minerales-del-mar-muerto\/","title":{"rendered":"Minerales del Mar Muerto"},"content":{"rendered":"<h1 style=\"text-align: center;\"><span data-text-color=\"primary\">Minerales del Mar Muerto<\/span><\/h1>\n<p style=\"text-align: center;\">En total, el Mar Muerto contiene m\u00e1s de 20 minerales, que han demostrado su capacidad para embellecer la piel y mantenerla saludable y joven. Asimismo, a orillas del Mar Muerto crecen plantas con una alta concentraci\u00f3n de vitaminas, minerales y valiosos aceites que se usan en cosm\u00e9tica y medicina dermatol\u00f3gicas. Los principales minerales que se encuentran en el Mar Muerto son verdaderamente esenciales para el adecuado funcionamiento de las c\u00e9lulas cut\u00e1neas y colaboran significativamente a conservar una piel saludable y hermosa.<\/p>\n<p style=\"text-align: center;\">\n    <div class=\"img has-hover x md-x lg-x y md-y lg-y\" id=\"image_1959005622\">\n                <div class=\"img-inner dark\" style=\"margin:-15px 0px 0px 0px;\">\n        <img loading=\"lazy\" decoding=\"async\" width=\"994\" height=\"145\" src=\"https:\/\/seacare.com\/wp-content\/uploads\/2020\/10\/\u041c\u0438\u043d\u0435\u0440\u0430\u043b\u044b.png\" class=\"attachment-large size-large\" alt=\"Minerals\" srcset=\"https:\/\/seacare.com\/wp-content\/uploads\/2020\/10\/\u041c\u0438\u043d\u0435\u0440\u0430\u043b\u044b.png 994w, https:\/\/seacare.com\/wp-content\/uploads\/2020\/10\/\u041c\u0438\u043d\u0435\u0440\u0430\u043b\u044b-800x117.png 800w, https:\/\/seacare.com\/wp-content\/uploads\/2020\/10\/\u041c\u0438\u043d\u0435\u0440\u0430\u043b\u044b-768x112.png 768w\" sizes=\"(max-width: 994px) 100vw, 994px\" \/>                \n            <\/div>\n                   \n<style scope=\"scope\">\n\n<\/style>\n    <\/div>\n    \n<div class=\"row\"  id=\"row-234985657\">\n<div class=\"col medium-6 small-12 large-6\"  ><div class=\"col-inner\"  >\n<p class=\"o-kom-text3\"><strong><span class=\"text-head2\">Magnesio<\/span>:<\/strong> es un mineral terap\u00e9utico que ayuda a la curaci\u00f3n de los tejidos de la piel, act\u00faa como agente antialerg\u00e9nico, mejora el metabolismo celular, estimula la s\u00edntesis de prote\u00ednas y facilita la producci\u00f3n de energ\u00eda.<\/p>\n<p class=\"o-kom-text3\"><strong><span class=\"text-head2\">Yodo<\/span>:<\/strong> mejora el funcionamiento de la gl\u00e1ndula tiroidea y ayuda a la generaci\u00f3n de intercambios metab\u00f3licos de las c\u00e9lulas cut\u00e1neas.<\/p>\n<p class=\"o-kom-text3\"><strong><span class=\"text-head2\">Azufre<\/span>:<\/strong> es un reconocido mineral terap\u00e9utico. Contiene ciertas vitaminas esenciales y es un desinfectante y agente antibacteriano natural; por lo que resulta efectivo contra el acn\u00e9. Tambi\u00e9n se ha demostrado su efectividad para ayudar a aliviar los s\u00edntomas de los trastornos de la piel, como la psoriasis y el eccema.<\/p>\n<p class=\"o-kom-text3\"><strong><span class=\"text-head2\">Potasio<\/span>:<\/strong> es un regulador clave de la humedad y ayuda a preservar un entorno neutro para la piel. Las se\u00f1ales de deficiencia de potasio incluyen piel anormalmente seca y acn\u00e9, as\u00ed como erupciones de psoriasis.<\/p>\n<p class=\"o-kom-text3\"><strong><span class=\"text-head2\">Calcio<\/span>:<\/strong> es un componente b\u00e1sico del tejido conectivo que se encuentra debajo de la superficie de la piel y desempe\u00f1a un papel importante en la protecci\u00f3n celular. Regula la permeabilidad de la membrana celular (absorci\u00f3n y producci\u00f3n de sebo) y normaliza la diferenciaci\u00f3n de las c\u00e9lulas cut\u00e1neas.<\/p>\n<p class=\"o-kom-text3\"><strong><span class=\"text-head2\">Sodio<\/span>:<\/strong> este mineral del Mar Muerto mejora el metabolismo de las c\u00e9lulas cut\u00e1neas, alivia calambres musculares y rigideces, mientras conserva un entorno neutro para las c\u00e9lulas cut\u00e1neas.<\/p>\n<\/div><\/div>\n<div class=\"col medium-6 small-12 large-6\"  ><div class=\"col-inner\"  >\n<p class=\"o-kom-text3\"><strong><span class=\"text-head2\">Zinc<\/span>:<\/strong> este mineral es importante para la regulaci\u00f3n natural del crecimiento y la regeneraci\u00f3n celular. Tambi\u00e9n facilita la renovaci\u00f3n celular y estimula la s\u00edntesis de col\u00e1geno y elastina (renueva la piel). Debido a su gran capacidad antioxidante, este mineral es un neutralizador de radicales libres. Asimismo mejora la regulaci\u00f3n del sebo (propiedades antiacn\u00e9), tiene propiedades antiinflamatorias y es un bloqueador natural de los rayos UV.<\/p>\n<p class=\"o-kom-text3\"><strong><span class=\"text-head2\">Estroncio<\/span>:<\/strong> es efectivo para reducir la picaz\u00f3n y los signos de la dermatitis de contacto irritante (un problema com\u00fan para quienes tienen piel sensible y usan cosm\u00e9ticos regularmente).<\/p>\n<p class=\"o-kom-text3\"><strong><span class=\"text-head2\">Bromo<\/span>:<\/strong> alivia la piel debido a sus propiedades antiinflamatorias, tranquiliza, relaja los m\u00fasculos y calma los nervios de la piel.<\/p>\n<p class=\"o-kom-text3\"><strong><span class=\"text-head2\">Manganeso<\/span>:<\/strong> es conocido por sus potentes propiedades antioxidantes que provienen de todos los minerales. Tambi\u00e9n aumenta la microcirculaci\u00f3n cut\u00e1nea (que promueve mejores efectos antienvejecimiento) y mejora el estado de los tejidos conectivos.<\/p>\n<p class=\"o-kom-text3\"><strong><span class=\"text-head2\">Litio<\/span>:<\/strong> este mineral del Mar Muerto aumenta la efectividad del tratamiento de ba\u00f1o salino para la psoriasis.<\/p>\n<p class=\"o-kom-text3\"><strong><span class=\"text-head2\">Boro<\/span>:<\/strong> la reposici\u00f3n del mineral boro ayuda a aliviar los s\u00edntomas de la psoriasis y artritis psori\u00e1sica.<\/p>\n<\/div><\/div>\n<\/div>\n    <div class=\"img has-hover x md-x lg-x y md-y lg-y\" id=\"image_197899806\">\n                <div class=\"img-inner dark\" >\n        <img loading=\"lazy\" decoding=\"async\" width=\"1020\" height=\"95\" src=\"https:\/\/seacare.com\/wp-content\/uploads\/2020\/10\/\u041b\u043e\u0433\u043e\u0442\u0438\u043f-\u0434\u043b\u044f-\u0421\u0430\u0438\u0306\u0442\u0430-SeaCare-\u043a\u043e\u043f\u0438\u044f-1400x130.png\" class=\"attachment-large size-large\" alt=\"\" srcset=\"https:\/\/seacare.com\/wp-content\/uploads\/2020\/10\/\u041b\u043e\u0433\u043e\u0442\u0438\u043f-\u0434\u043b\u044f-\u0421\u0430\u0438\u0306\u0442\u0430-SeaCare-\u043a\u043e\u043f\u0438\u044f-1400x130.png 1400w, https:\/\/seacare.com\/wp-content\/uploads\/2020\/10\/\u041b\u043e\u0433\u043e\u0442\u0438\u043f-\u0434\u043b\u044f-\u0421\u0430\u0438\u0306\u0442\u0430-SeaCare-\u043a\u043e\u043f\u0438\u044f-800x74.png 800w, https:\/\/seacare.com\/wp-content\/uploads\/2020\/10\/\u041b\u043e\u0433\u043e\u0442\u0438\u043f-\u0434\u043b\u044f-\u0421\u0430\u0438\u0306\u0442\u0430-SeaCare-\u043a\u043e\u043f\u0438\u044f-768x71.png 768w\" sizes=\"(max-width: 1020px) 100vw, 1020px\" \/>                \n            <\/div>\n                   \n<style scope=\"scope\">\n\n<\/style>\n    <\/div>\n    \n","protected":false},"excerpt":{"rendered":"<p>Minerales del Mar Muerto En total, el Mar Muerto contiene m\u00e1s de 20 minerales, que han demostrado su capacidad para embellecer la piel y mantenerla saludable y joven. Asimismo, a orillas del Mar Muerto crecen plantas con una alta concentraci\u00f3n de vitaminas, minerales y valiosos aceites que se usan en cosm\u00e9tica y medicina dermatol\u00f3gicas. Los [&hellip;]\n","protected":false},"author":1,"featured_media":0,"parent":0,"menu_order":0,"comment_status":"closed","ping_status":"closed","template":"","meta":{"footnotes":""},"_links":{"self":[{"href":"https:\/\/seacare.com\/es\/wp-json\/wp\/v2\/pages\/5025"}],"collection":[{"href":"https:\/\/seacare.com\/es\/wp-json\/wp\/v2\/pages"}],"about":[{"href":"https:\/\/seacare.com\/es\/wp-json\/wp\/v2\/types\/page"}],"author":[{"embeddable":true,"href":"https:\/\/seacare.com\/es\/wp-json\/wp\/v2\/users\/1"}],"replies":[{"embeddable":true,"href":"https:\/\/seacare.com\/es\/wp-json\/wp\/v2\/comments?post=5025"}],"version-history":[{"count":2,"href":"https:\/\/seacare.com\/es\/wp-json\/wp\/v2\/pages\/5025\/revisions"}],"predecessor-version":[{"id":38191,"href":"https:\/\/seacare.com\/es\/wp-json\/wp\/v2\/pages\/5025\/revisions\/38191"}],"wp:attachment":[{"href":"https:\/\/seacare.com\/es\/wp-json\/wp\/v2\/media?parent=5025"}],"curies":[{"name":"wp","href":"https:\/\/api.w.org\/{rel}","templated":true}]}}