{"id":5031,"date":"2017-04-25T17:24:48","date_gmt":"2017-04-25T14:24:48","guid":{"rendered":"http:\/\/800forlady.com\/es\/?page_id=5031"},"modified":"2020-10-06T15:16:09","modified_gmt":"2020-10-06T12:16:09","slug":"sea-un-distribuidor","status":"publish","type":"page","link":"https:\/\/seacare.com\/es\/sea-un-distribuidor\/","title":{"rendered":"Sea un distribuidor"},"content":{"rendered":"<h1 class=\"text-head\"><span data-text-color=\"primary\">Sea un distribuidor de los productos<\/span><br \/><span data-text-color=\"primary\">cosm\u00e9ticos SeaCare del Mar Muerto<\/span><\/h1>\n<p>Nombre a una sola persona que no est\u00e9 interesada en participar en un emprendimiento. Casi todos desean desarrollar una actividad que produzca ganancias mensuales. Si trabaja en el \u00e1rea de la belleza y el cuidado de la piel, puede convertirse en un distribuidor independiente de los productos de belleza SeaCare. <\/p>\n<p>Los productos de belleza que est\u00e1n adquiriendo popularidad en el mercado actual son los productos para el cuidado de la piel del Mar Muerto. En estos casos, querr\u00e1 capitalizar esa popularidad y demanda de productos cosm\u00e9ticos y para el cuidado de la piel SeaCare del Mar Muerto.\u00a0<\/p>\n<p>Ser un distribuidor de los productos cosm\u00e9ticos SeaCare del Mar Muerto tiene diferentes beneficios, tanto financieros como sociales. Puede obtener importantes beneficios financieros, como precios de venta al por mayor, m\u00e1s grandes descuentos en pedidos de gran volumen. Desde el punto de vista social, conocer\u00e1 a muchas personas y ampliar\u00e1 su red, lo que podr\u00eda aumentar sus relaciones comerciales y ventas. <\/p>\n<p>Como fabricantes de uno de los mejores productos para el cuidado de la piel, siempre estamos interesados en entablar una relaci\u00f3n con posibles distribuidores. Si est\u00e1 interesado en ser un distribuidor de los productos SeaCare, env\u00ede un correo electr\u00f3nico en ingl\u00e9s a <a href=\"mailto:sales@seacare.com\">sales@seacare.com<\/a> y exprese su inter\u00e9s. Debe incluir la siguiente informaci\u00f3n:<\/p>\n<p class=\"o-kom-punkt\" style=\"text-align: center;\">\u00a0<\/p>\n<div role=\"form\" class=\"wpcf7\" id=\"wpcf7-f5028-o1\" lang=\"ru-RU\" dir=\"ltr\">\n<div class=\"screen-reader-response\"><\/div>\n<form action=\"\/es\/wp-json\/wp\/v2\/pages\/5031#wpcf7-f5028-o1\" method=\"post\" class=\"wpcf7-form\" novalidate=\"novalidate\">\n<div style=\"display: none;\">\n<input type=\"hidden\" name=\"_wpcf7\" value=\"5028\" \/>\n<input type=\"hidden\" name=\"_wpcf7_version\" value=\"5.1.7\" \/>\n<input type=\"hidden\" name=\"_wpcf7_locale\" value=\"ru_RU\" \/>\n<input type=\"hidden\" name=\"_wpcf7_unit_tag\" value=\"wpcf7-f5028-o1\" \/>\n<input type=\"hidden\" name=\"_wpcf7_container_post\" value=\"0\" \/>\n<\/div>\n<p><label> Su nombre (requerido)<br \/>\n    <span class=\"wpcf7-form-control-wrap your-name\"><input type=\"text\" name=\"your-name\" value=\"\" size=\"40\" class=\"wpcf7-form-control wpcf7-text wpcf7-validates-as-required\" aria-required=\"true\" aria-invalid=\"false\" \/><\/span> <\/label><\/p>\n<p><label> Su e-mail (obligatorio)<br \/>\n    <span class=\"wpcf7-form-control-wrap your-email\"><input type=\"email\" name=\"your-email\" value=\"\" size=\"40\" class=\"wpcf7-form-control wpcf7-text wpcf7-email wpcf7-validates-as-required wpcf7-validates-as-email\" aria-required=\"true\" aria-invalid=\"false\" \/><\/span> <\/label><\/p>\n<p><label>  N\u00famero de tel\u00e9fono de contacto (obligatorio)<\/p>\n<p><span class=\"wpcf7-form-control-wrap tel-978\"><input type=\"tel\" name=\"tel-978\" value=\"\" size=\"40\" class=\"wpcf7-form-control wpcf7-text wpcf7-tel wpcf7-validates-as-required wpcf7-validates-as-tel\" aria-required=\"true\" aria-invalid=\"false\" \/><\/span><\/label><\/p>\n<p><label> Nombre de la empresa (obligatorio)<\/p>\n<p><span class=\"wpcf7-form-control-wrap text-560\"><input type=\"text\" name=\"text-560\" value=\"\" size=\"40\" class=\"wpcf7-form-control wpcf7-text wpcf7-validates-as-required\" aria-required=\"true\" aria-invalid=\"false\" \/><\/span><\/label><\/p>\n<p><label> Direcci\u00f3n de la empresa<\/p>\n<p><span class=\"wpcf7-form-control-wrap text-561\"><input type=\"text\" name=\"text-561\" value=\"\" size=\"40\" class=\"wpcf7-form-control wpcf7-text wpcf7-validates-as-required\" aria-required=\"true\" aria-invalid=\"false\" \/><\/span><\/label><\/p>\n<p><label> Mensaje<br \/>\n    <span class=\"wpcf7-form-control-wrap your-message\"><textarea name=\"your-message\" cols=\"40\" rows=\"10\" class=\"wpcf7-form-control wpcf7-textarea\" aria-invalid=\"false\"><\/textarea><\/span> <\/label><\/p>\n<p><input type=\"submit\" value=\"Enviar\" class=\"wpcf7-form-control wpcf7-submit\" \/><\/p>\n<p style=\"display: none !important;\"><label>&#916;<textarea name=\"_wpcf7_ak_hp_textarea\" cols=\"45\" rows=\"8\" maxlength=\"100\"><\/textarea><\/label><input type=\"hidden\" id=\"ak_js_1\" name=\"_wpcf7_ak_js\" value=\"223\"\/><script>document.getElementById( \"ak_js_1\" ).setAttribute( \"value\", ( new Date() ).getTime() );<\/script><\/p><div class=\"wpcf7-response-output wpcf7-display-none\"><\/div><\/form><\/div>\n<p style=\"text-align: center;\">\u00a1Estamos ansiosos por comenzar a trabajar con usted!<\/p>\n    <div class=\"img has-hover x md-x lg-x y md-y lg-y\" id=\"image_763660073\">\n                <div class=\"img-inner dark\" >\n        <img loading=\"lazy\" decoding=\"async\" width=\"1020\" height=\"95\" src=\"https:\/\/seacare.com\/wp-content\/uploads\/2020\/10\/\u041b\u043e\u0433\u043e\u0442\u0438\u043f-\u0434\u043b\u044f-\u0421\u0430\u0438\u0306\u0442\u0430-SeaCare-\u043a\u043e\u043f\u0438\u044f-1400x130.png\" class=\"attachment-large size-large\" alt=\"Logo for the SeaCare Website\" srcset=\"https:\/\/seacare.com\/wp-content\/uploads\/2020\/10\/\u041b\u043e\u0433\u043e\u0442\u0438\u043f-\u0434\u043b\u044f-\u0421\u0430\u0438\u0306\u0442\u0430-SeaCare-\u043a\u043e\u043f\u0438\u044f-1400x130.png 1400w, https:\/\/seacare.com\/wp-content\/uploads\/2020\/10\/\u041b\u043e\u0433\u043e\u0442\u0438\u043f-\u0434\u043b\u044f-\u0421\u0430\u0438\u0306\u0442\u0430-SeaCare-\u043a\u043e\u043f\u0438\u044f-800x74.png 800w, https:\/\/seacare.com\/wp-content\/uploads\/2020\/10\/\u041b\u043e\u0433\u043e\u0442\u0438\u043f-\u0434\u043b\u044f-\u0421\u0430\u0438\u0306\u0442\u0430-SeaCare-\u043a\u043e\u043f\u0438\u044f-768x71.png 768w\" sizes=\"(max-width: 1020px) 100vw, 1020px\" \/>                \n            <\/div>\n                   \n<style scope=\"scope\">\n\n<\/style>\n    <\/div>\n    \n","protected":false},"excerpt":{"rendered":"<p>Sea un distribuidor de los productoscosm\u00e9ticos SeaCare del Mar Muerto Nombre a una sola persona que no est\u00e9 interesada en participar en un emprendimiento. Casi todos desean desarrollar una actividad que produzca ganancias mensuales. Si trabaja en el \u00e1rea de la belleza y el cuidado de la piel, puede convertirse en un distribuidor independiente de [&hellip;]\n","protected":false},"author":1,"featured_media":0,"parent":0,"menu_order":0,"comment_status":"closed","ping_status":"closed","template":"","meta":{"footnotes":""},"_links":{"self":[{"href":"https:\/\/seacare.com\/es\/wp-json\/wp\/v2\/pages\/5031"}],"collection":[{"href":"https:\/\/seacare.com\/es\/wp-json\/wp\/v2\/pages"}],"about":[{"href":"https:\/\/seacare.com\/es\/wp-json\/wp\/v2\/types\/page"}],"author":[{"embeddable":true,"href":"https:\/\/seacare.com\/es\/wp-json\/wp\/v2\/users\/1"}],"replies":[{"embeddable":true,"href":"https:\/\/seacare.com\/es\/wp-json\/wp\/v2\/comments?post=5031"}],"version-history":[{"count":3,"href":"https:\/\/seacare.com\/es\/wp-json\/wp\/v2\/pages\/5031\/revisions"}],"predecessor-version":[{"id":28130,"href":"https:\/\/seacare.com\/es\/wp-json\/wp\/v2\/pages\/5031\/revisions\/28130"}],"wp:attachment":[{"href":"https:\/\/seacare.com\/es\/wp-json\/wp\/v2\/media?parent=5031"}],"curies":[{"name":"wp","href":"https:\/\/api.w.org\/{rel}","templated":true}]}}