{"id":5033,"date":"2017-04-26T13:39:12","date_gmt":"2017-04-26T10:39:12","guid":{"rendered":"http:\/\/800forlady.com\/es\/?page_id=5033"},"modified":"2017-04-26T13:39:12","modified_gmt":"2017-04-26T10:39:12","slug":"abil-soft-af-200","status":"publish","type":"page","link":"https:\/\/seacare.com\/es\/abil-soft-af-200\/","title":{"rendered":"ABIL\u00ae Soft AF 200"},"content":{"rendered":"<h1 class=\"text-head\" style=\"text-align: center;\"><span data-text-color=\"primary\">ABIL\u00ae Soft AF 200<\/span><\/h1>\n<hr \/>\n<p class=\"o-kom-text3\">ABIL\u00ae Soft AF 200 es el nuevo producto asequible y efectivo de aminopropil dimeticona para acondicionar el cabello. ABIL\u00ae Soft AF 200 se ha mejorado y es un acondicionador de alto rendimiento de las formulaciones para champ\u00fa.<\/p>\n<p class=\"o-kom-text3\">La aminosilicona tiene excelentes propiedades acondicionadoras para el cabello dej\u00e1ndolo m\u00e1s liso y suave al tacto. ABIL\u00ae Soft AF 200 (INCI: Aminopropyl Dimethicone) tambi\u00e9n permite manejar y peinar mejor el cabello.<\/p>\n","protected":false},"excerpt":{"rendered":"<p>ABIL\u00ae Soft AF 200 ABIL\u00ae Soft AF 200 es el nuevo producto asequible y efectivo de aminopropil dimeticona para acondicionar el cabello. ABIL\u00ae Soft AF 200 se ha mejorado y es un acondicionador de alto rendimiento de las formulaciones para champ\u00fa. La aminosilicona tiene excelentes propiedades acondicionadoras para el cabello dej\u00e1ndolo m\u00e1s liso y suave [&hellip;]\n","protected":false},"author":1,"featured_media":0,"parent":0,"menu_order":0,"comment_status":"closed","ping_status":"closed","template":"","meta":{"footnotes":""},"_links":{"self":[{"href":"https:\/\/seacare.com\/es\/wp-json\/wp\/v2\/pages\/5033"}],"collection":[{"href":"https:\/\/seacare.com\/es\/wp-json\/wp\/v2\/pages"}],"about":[{"href":"https:\/\/seacare.com\/es\/wp-json\/wp\/v2\/types\/page"}],"author":[{"embeddable":true,"href":"https:\/\/seacare.com\/es\/wp-json\/wp\/v2\/users\/1"}],"replies":[{"embeddable":true,"href":"https:\/\/seacare.com\/es\/wp-json\/wp\/v2\/comments?post=5033"}],"version-history":[{"count":0,"href":"https:\/\/seacare.com\/es\/wp-json\/wp\/v2\/pages\/5033\/revisions"}],"wp:attachment":[{"href":"https:\/\/seacare.com\/es\/wp-json\/wp\/v2\/media?parent=5033"}],"curies":[{"name":"wp","href":"https:\/\/api.w.org\/{rel}","templated":true}]}}