{"id":5037,"date":"2017-04-26T13:41:19","date_gmt":"2017-04-26T10:41:19","guid":{"rendered":"http:\/\/800forlady.com\/es\/?page_id=5037"},"modified":"2017-04-26T13:44:04","modified_gmt":"2017-04-26T10:44:04","slug":"aceite-de-almendra","status":"publish","type":"page","link":"https:\/\/seacare.com\/es\/aceite-de-almendra\/","title":{"rendered":"Aceite de almendra"},"content":{"rendered":"<h1 style=\"text-align: center;\"><span data-text-color=\"primary\">Aceite de almendra<\/span><\/h1>\n<hr \/>\n<p><strong>Beneficios para el cabello<\/strong><br \/>Usar productos cosm\u00e9ticos naturales con extracto de aceite de almendra dulce en su rutina de belleza puede representar la diferencia entre un cabello da\u00f1ado y opaco, y mechones brillantes y resistentes. Las \u00fatiles vitaminas, grasas y otros beneficios para la salud del aceite de almendra dulce pueden brindar una soluci\u00f3n natural para las necesidades espec\u00edficas seg\u00fan su tipo de cabello.<\/p>\n<p><strong>Ayuda a dar brillo al cabello<\/strong><br \/>El aceite de almendra dulce contiene una alta concentraci\u00f3n de prote\u00ednas y vitaminas A, B y E; todas dan brillo al cabello opaco y seco. Adem\u00e1s, los \u00e1cidos grasos omega 9, 6 y 3 ayudan a reflejar los perjudiciales rayos UV y a proteger el cabello del sol, previniendo la opacidad ocasionada por la sequedad.<\/p>\n<p><strong>Fortalece y repara las puntas abiertas<\/strong><br \/>El aceite de almendra dulce contiene vitaminas A, B y E, adem\u00e1s de \u00e1cidos grasos omega 9, 6 y 3 que ayudan a fortalecer el cabello y a dejarlo m\u00e1s saludable, evitando que se quiebre. Las propiedades humectantes y selladoras naturales del aceite de almendra dulce ayudan a reponer el cabello y tambi\u00e9n a luchar contra las puntas abiertas conservando la humedad en el cabello por per\u00edodos m\u00e1s prolongados.<\/p>\n<p><strong>Trata la caspa<\/strong><br \/>El aceite de almendra dulce es un sellador natural y se puede aplicar sobre el cabello h\u00famedo para conservar la humedad. El aceite de almendra es m\u00e1s liviano que muchos otros aceites tambi\u00e9n beneficiosos; por ello, es un excelente recurso natural de protecci\u00f3n y una base ideal para otros aceites esenciales \u00fatiles que pueden humectar a\u00fan m\u00e1s el cuero cabelludo, ayudando a combatir la caspa.<\/p>\n<p><strong>Puede ayudar a evitar la p\u00e9rdida del cabello y estimular su crecimiento<\/strong><br \/>Masajear productos cosm\u00e9ticos naturales con extracto de aceite de almendra dulce sobre el cuero cabelludo puede ayudar a estimular el crecimiento del cabello y a disminuir su p\u00e9rdida. Humectar el cuero cabelludo con aceite de almendra dulce ofrece al cabello vitaminas y magnesio en la ra\u00edz del cabello para fortalecerlo; ayudando a evitar que el cabello se quiebre excesivamente.<\/p>\n","protected":false},"excerpt":{"rendered":"<p>Aceite de almendra Beneficios para el cabelloUsar productos cosm\u00e9ticos naturales con extracto de aceite de almendra dulce en su rutina de belleza puede representar la diferencia entre un cabello da\u00f1ado y opaco, y mechones brillantes y resistentes. Las \u00fatiles vitaminas, grasas y otros beneficios para la salud del aceite de almendra dulce pueden brindar una [&hellip;]\n","protected":false},"author":1,"featured_media":0,"parent":0,"menu_order":0,"comment_status":"closed","ping_status":"closed","template":"","meta":{"footnotes":""},"_links":{"self":[{"href":"https:\/\/seacare.com\/es\/wp-json\/wp\/v2\/pages\/5037"}],"collection":[{"href":"https:\/\/seacare.com\/es\/wp-json\/wp\/v2\/pages"}],"about":[{"href":"https:\/\/seacare.com\/es\/wp-json\/wp\/v2\/types\/page"}],"author":[{"embeddable":true,"href":"https:\/\/seacare.com\/es\/wp-json\/wp\/v2\/users\/1"}],"replies":[{"embeddable":true,"href":"https:\/\/seacare.com\/es\/wp-json\/wp\/v2\/comments?post=5037"}],"version-history":[{"count":0,"href":"https:\/\/seacare.com\/es\/wp-json\/wp\/v2\/pages\/5037\/revisions"}],"wp:attachment":[{"href":"https:\/\/seacare.com\/es\/wp-json\/wp\/v2\/media?parent=5037"}],"curies":[{"name":"wp","href":"https:\/\/api.w.org\/{rel}","templated":true}]}}