{"id":5040,"date":"2017-04-26T13:45:28","date_gmt":"2017-04-26T10:45:28","guid":{"rendered":"http:\/\/800forlady.com\/es\/?page_id=5040"},"modified":"2017-04-26T13:48:36","modified_gmt":"2017-04-26T10:48:36","slug":"aloe-vera","status":"publish","type":"page","link":"https:\/\/seacare.com\/es\/aloe-vera\/","title":{"rendered":"Aloe vera"},"content":{"rendered":"<h1 class=\"text-head\" style=\"text-align: center;\"><span data-text-color=\"primary\">Aloe vera<\/span><\/h1>\n<hr \/>\n<div>\u00a0<\/div>\n<p>El aloe vera es un cactus que pertenece a la familia de las lili\u00e1ceas. Crece en climas secos, como los climas de algunas partes de \u00c1frica e India y se le ha dado un uso medicinal durante siglos.<\/p>\n<p>Se han realizado varios estudios para examinar los beneficios de la planta del aloe vera y se ha descubierto que efectivamente tiene muchas propiedades favorables para el tratamiento de una gran variedad de afecciones de la piel, desde piel escamada o seca, hasta malestares cosm\u00e9ticos, problemas del cabello y cuero cabelludo, entre otras.<\/p>\n<p>Tambi\u00e9n se dice que es \u00fatil para tratar heridas y quemaduras, infecciones menores de la piel, y puede ser \u00fatil para el tratamiento de afecciones m\u00e1s graves y persistentes, como eccemas, herpes genitales, caspa, psoriasis, aftas, \u00falceras de la piel y otras afecciones, seg\u00fan la Cl\u00ednica Mayo.<\/p>\n<p><strong>A continuaci\u00f3n se detallan 5 beneficios del uso del gel de aloe vera:<\/strong><\/p>\n<p><img decoding=\"async\" class=\"marker\" src=\"\/wp-content\/uploads\/2013\/08\/punkt.png\" \/>1. Sirve para tratar quemaduras.<br \/>El aloe vera ayuda a tratar las quemaduras de sol gracias a su potente actividad de cicatrizaci\u00f3n a nivel epitelial de la piel, una capa de c\u00e9lulas que cubren el cuerpo. Act\u00faa como una capa protectora sobre la piel y ayuda a reponer la humedad. Dadas sus cualidades nutritivas y propiedades antioxidantes, la piel se sana m\u00e1s r\u00e1pidamente.<\/p>\n<p><img decoding=\"async\" class=\"marker\" src=\"\/wp-content\/uploads\/2013\/08\/punkt.png\" \/>2. Act\u00faa como humectante.<br \/>El aloe humecta la piel sin dejarla grasosa por lo que es ideal para cualquier persona con piel grasa. Para las mujeres que usan maquillaje mineral, el aloe vera act\u00faa como humectante y es ideal para aplicarse sobre el rostro antes del maquillaje para evitar que la piel se seque. Para los hombres: el extracto de aloe vera se puede usar en b\u00e1lsamos para despu\u00e9s del afeitado debido a que sus propiedades curativas tratan los peque\u00f1os cortes producidos durante el afeitado.<\/p>\n<p><img decoding=\"async\" class=\"marker\" src=\"\/wp-content\/uploads\/2013\/08\/punkt.png\" \/>3. Sirve para tratar el acn\u00e9.<br \/>El gel de aloe vera contiene dos hormonas: la auxina y la giberelina. Estas dos hormonas tienen propiedades de cicatrizaci\u00f3n de heridas y antiinflamatorias que reducen la inflamaci\u00f3n de la piel. La giberelina en el aloe vera act\u00faa como hormona del crecimiento, estimulando el crecimiento de c\u00e9lulas nuevas. Permite a la piel curarse r\u00e1pida y naturalmente con m\u00ednimas cicatrices.<br \/>El aloe es calmante y puede reducir las inflamaciones, el ampollado y la picaz\u00f3n de la piel, al mismo tiempo que ayuda a que la piel se cure m\u00e1s r\u00e1pidamente. Adem\u00e1s, en la medicina ayurv\u00e9dica, el aloe se usa para tratar efectivamente problemas cr\u00f3nicos de la piel, como la psoriasis, el acn\u00e9 y los eccemas.<\/p>\n<p><img decoding=\"async\" class=\"marker\" src=\"\/wp-content\/uploads\/2013\/08\/punkt.png\" \/>4. Combate el envejecimiento.<br \/>A medida que envejecemos, todos comenzamos a preocuparnos por la aparici\u00f3n de l\u00edneas finas y la p\u00e9rdida de la elasticidad de la piel. Las hojas de aloe contienen una serie de antioxidantes, como betacaroteno, y vitaminas C y E que pueden ayudar a mejorar la firmeza natural de la piel y a mantenerla hidratada.<\/p>\n<p><img decoding=\"async\" class=\"marker\" src=\"\/wp-content\/uploads\/2013\/08\/punkt.png\" \/>5. Disminuye la visibilidad de las estr\u00edas.<br \/>La piel es como un gran trozo de el\u00e1stico que se estirar\u00e1 y contraer\u00e1 seg\u00fan sea necesario para adaptarse al crecimiento. Sin embargo, si la piel se estira demasiado y muy r\u00e1pidamente (debido a un embarazo, un r\u00e1pido aumento o una r\u00e1pida p\u00e9rdida de peso), la elasticidad de la piel se puede da\u00f1ar. \u00c9sto deja esas antiest\u00e9ticas estr\u00edas. Estas marcas aparecen como consecuencia de rasgaduras menores en las capas de la piel ocasionadas por un estiramiento repentino y excesivo. El extracto de aloe vera puede ayudar a ocultar esas estr\u00edas sanando esas heridas.<\/p>\n","protected":false},"excerpt":{"rendered":"<p>Aloe vera \u00a0 El aloe vera es un cactus que pertenece a la familia de las lili\u00e1ceas. Crece en climas secos, como los climas de algunas partes de \u00c1frica e India y se le ha dado un uso medicinal durante siglos. Se han realizado varios estudios para examinar los beneficios de la planta del aloe [&hellip;]\n","protected":false},"author":1,"featured_media":0,"parent":0,"menu_order":0,"comment_status":"closed","ping_status":"closed","template":"","meta":{"footnotes":""},"_links":{"self":[{"href":"https:\/\/seacare.com\/es\/wp-json\/wp\/v2\/pages\/5040"}],"collection":[{"href":"https:\/\/seacare.com\/es\/wp-json\/wp\/v2\/pages"}],"about":[{"href":"https:\/\/seacare.com\/es\/wp-json\/wp\/v2\/types\/page"}],"author":[{"embeddable":true,"href":"https:\/\/seacare.com\/es\/wp-json\/wp\/v2\/users\/1"}],"replies":[{"embeddable":true,"href":"https:\/\/seacare.com\/es\/wp-json\/wp\/v2\/comments?post=5040"}],"version-history":[{"count":0,"href":"https:\/\/seacare.com\/es\/wp-json\/wp\/v2\/pages\/5040\/revisions"}],"wp:attachment":[{"href":"https:\/\/seacare.com\/es\/wp-json\/wp\/v2\/media?parent=5040"}],"curies":[{"name":"wp","href":"https:\/\/api.w.org\/{rel}","templated":true}]}}