{"id":5043,"date":"2017-04-26T13:50:15","date_gmt":"2017-04-26T10:50:15","guid":{"rendered":"http:\/\/800forlady.com\/es\/?page_id=5043"},"modified":"2017-04-26T13:53:57","modified_gmt":"2017-04-26T10:53:57","slug":"aceite-de-argan","status":"publish","type":"page","link":"https:\/\/seacare.com\/es\/aceite-de-argan\/","title":{"rendered":"Aceite de arg\u00e1n"},"content":{"rendered":"<h1 class=\"text-head\" style=\"text-align: center;\"><span data-text-color=\"primary\">Aceite de arg\u00e1n<\/span><\/h1>\n<hr \/>\n<p><strong>10 beneficios del aceite de arg\u00e1n para el cabello y la piel<\/strong><\/p>\n<p>Com\u00fanmente llamado \u2018oro l\u00edquido\u2019, el aceite de arg\u00e1n es un producto org\u00e1nico extra\u00eddo de los huesos de los frutos del \u00e1rbol de arg\u00e1n, originario de Marruecos. Es extremadamente rico en nutrientes beneficiosos, incluidos los \u00e1cidos grasos y la vitamina E. Sus propiedades lo hacen especialmente bueno para el cabello y la piel; es muy popular entre varias celebridades que le dan un uso cosm\u00e9tico. Sin embargo, no es solo para los ricos y famosos; cualquiera puede aprovechar los beneficios del aceite de arg\u00e1n para su cuerpo. \u00c9stos son algunos de los usos m\u00e1s comunes:<\/p>\n<p><img decoding=\"async\" class=\"marker\" src=\"\/wp-content\/uploads\/2013\/08\/punkt.png\" \/>1. Humectante de la piel<br \/>El aceite de arg\u00e1n se usa m\u00e1s com\u00fanmente como humectante de la piel para hidratarla y suavizarla. Debido a su alto contenido de vitamina E y \u00e1cidos grasos, el aceite de arg\u00e1n es el producto ideal para dar a la piel un est\u00edmulo natural. Es un excelente humectante natural que se absorbe f\u00e1cilmente y no es grasoso ni irrita la piel.<\/p>\n<p><img decoding=\"async\" class=\"marker\" src=\"\/wp-content\/uploads\/2013\/08\/punkt.png\" \/>2. Acondicionador para el cabello<br \/>Est\u00e1 comprobado que el aceite de arg\u00e1n suaviza el cabello y lo deja m\u00e1s sedoso y brillante. Es el acondicionador ideal para el cabello y tambi\u00e9n puede ayudar a tratar las puntas abiertas y a dominar el cabello encrespado.<\/p>\n<p><img decoding=\"async\" class=\"marker\" src=\"\/wp-content\/uploads\/2013\/08\/punkt.png\" \/>3. Modelador que alisa y da brillo<br \/>Debido a su capacidad para dominar el encrespado y dar brillo al cabello, el aceite de arg\u00e1n tambi\u00e9n se usa com\u00fanmente como agente modelador. Deja el cabello m\u00e1s maleable y da un brillo saludable y atractivo a cualquier peinado.<\/p>\n<p><img decoding=\"async\" class=\"marker\" src=\"\/wp-content\/uploads\/2013\/08\/punkt.png\" \/>4. Antienvejecimiento<br \/>El aceite de arg\u00e1n no solo act\u00faa como efectivo humectante, sino que tambi\u00e9n proporciona un resplandor juvenil a la piel y reduce la visibilidad de las arrugas. Gracias a su efecto antioxidante, el aceite de arg\u00e1n es un producto antienvejecimiento ideal. Restaura la elasticidad y deja la piel m\u00e1s rellena y suave.<\/p>\n<p><img decoding=\"async\" class=\"marker\" src=\"\/wp-content\/uploads\/2013\/08\/punkt.png\" \/>5. Afecciones a causa de la piel seca<br \/>Las personas que sufren de piel seca o afecciones como el eccema, que puede dejar la piel \u00e1spera, escamosa y con picaz\u00f3n, se beneficiar\u00e1n enormemente del aceite de arg\u00e1n. La vitamina E y los \u00e1cidos grasos presentes en el aceite de arg\u00e1n son excelentes para reparar la piel da\u00f1ada y proporcionarle nutrientes que evitar\u00e1n que contin\u00fae la sequedad e irritaci\u00f3n. El aceite de arg\u00e1n tambi\u00e9n contiene ingredientes que alivian la piel.<\/p>\n<p><img decoding=\"async\" class=\"marker\" src=\"\/wp-content\/uploads\/2013\/08\/punkt.png\" \/>6. Acn\u00e9<br \/>Mientras que muchos aceites y humectantes pueden exacerbar afecciones de la piel, como el acn\u00e9, el aceite de arg\u00e1n en realidad alivia la piel da\u00f1ada y estimula la cicatrizaci\u00f3n. El acn\u00e9 suele ser el resultado de piel grasosa. Dado que el aceite de arg\u00e1n no es grasoso, ayuda a equilibrar la piel brindando humectaci\u00f3n natural. El aceite de arg\u00e1n tambi\u00e9n contiene antioxidantes que ayudan a curar las c\u00e9lulas cut\u00e1neas da\u00f1adas y a reducir la inflamaci\u00f3n.<\/p>\n<p><img decoding=\"async\" class=\"marker\" src=\"\/wp-content\/uploads\/2013\/08\/punkt.png\" \/>7. Protecci\u00f3n y cicatrizaci\u00f3n<br \/>Los antioxidantes presentes en el aceite de arg\u00e1n, por lo general, ayudan a curar la piel irritada, agrietada, da\u00f1ada o incluso quemada. Su mejor uso es para prevenir la piel seca y llagada, pero tambi\u00e9n se puede usar para acelerar la cicatrizaci\u00f3n. Tiene propiedades antiinflamatorias, alivia el dolor y acelera la cicatrizaci\u00f3n.<\/p>\n<p><img decoding=\"async\" class=\"marker\" src=\"\/wp-content\/uploads\/2013\/08\/punkt.png\" \/>8. Embarazo<br \/>Las estr\u00edas son un problema que aqueja a muchas embarazadas, pero el aceite de arg\u00e1n es la protecci\u00f3n ideal contra estas marcas, la flacidez y la piel arrugada luego del parto. El aceite de arg\u00e1n aumenta la elasticidad de la piel debido a su contenido de vitamina E.<\/p>\n<p><img decoding=\"async\" class=\"marker\" src=\"\/wp-content\/uploads\/2013\/08\/punkt.png\" \/>9. Tratamiento para los pies, las manos y las u\u00f1as<br \/>Las propiedades suavizantes del aceite de arg\u00e1n son ideales para las u\u00f1as quebradizas, las manos secas y las durezas y grietas de los pies. Humecta y suaviza la piel, otorgando elasticidad y suavidad a manos y pies, y deja las u\u00f1as resistentes y saludables.<\/p>\n<p><img decoding=\"async\" class=\"marker\" src=\"\/wp-content\/uploads\/2013\/08\/punkt.png\" \/>10. Humectante labial<br \/>Especialmente en el clima fr\u00edo y seco, los labios pueden llagarse, secarse y agrietarse con facilidad. El aceite de arg\u00e1n es el producto ideal para asegurarse de que los labios mantengan su volumen, suavidad y elasticidad.<\/p>\n","protected":false},"excerpt":{"rendered":"<p>Aceite de arg\u00e1n 10 beneficios del aceite de arg\u00e1n para el cabello y la piel Com\u00fanmente llamado \u2018oro l\u00edquido\u2019, el aceite de arg\u00e1n es un producto org\u00e1nico extra\u00eddo de los huesos de los frutos del \u00e1rbol de arg\u00e1n, originario de Marruecos. Es extremadamente rico en nutrientes beneficiosos, incluidos los \u00e1cidos grasos y la vitamina E. [&hellip;]\n","protected":false},"author":1,"featured_media":0,"parent":0,"menu_order":0,"comment_status":"closed","ping_status":"closed","template":"","meta":{"footnotes":""},"_links":{"self":[{"href":"https:\/\/seacare.com\/es\/wp-json\/wp\/v2\/pages\/5043"}],"collection":[{"href":"https:\/\/seacare.com\/es\/wp-json\/wp\/v2\/pages"}],"about":[{"href":"https:\/\/seacare.com\/es\/wp-json\/wp\/v2\/types\/page"}],"author":[{"embeddable":true,"href":"https:\/\/seacare.com\/es\/wp-json\/wp\/v2\/users\/1"}],"replies":[{"embeddable":true,"href":"https:\/\/seacare.com\/es\/wp-json\/wp\/v2\/comments?post=5043"}],"version-history":[{"count":0,"href":"https:\/\/seacare.com\/es\/wp-json\/wp\/v2\/pages\/5043\/revisions"}],"wp:attachment":[{"href":"https:\/\/seacare.com\/es\/wp-json\/wp\/v2\/media?parent=5043"}],"curies":[{"name":"wp","href":"https:\/\/api.w.org\/{rel}","templated":true}]}}