{"id":5046,"date":"2017-04-26T14:01:54","date_gmt":"2017-04-26T11:01:54","guid":{"rendered":"http:\/\/800forlady.com\/es\/?page_id=5046"},"modified":"2017-04-26T14:02:43","modified_gmt":"2017-04-26T11:02:43","slug":"extracto-de-arnica","status":"publish","type":"page","link":"https:\/\/seacare.com\/es\/extracto-de-arnica\/","title":{"rendered":"Extracto de Arnica"},"content":{"rendered":"<h1 style=\"text-align: center;\"><span data-text-color=\"primary\">Extracto de Arnica montana<\/span><\/h1>\n<p>Este extracto bot\u00e1nico deriva de los cap\u00edtulos florales de la planta Arnica montana. El \u00e1rnica es una planta perenne que crece de manera silvestre en las praderas alpinas. Las flores de \u00e1rnica han sido usadas con fines medicinales desde el siglo 16 y a\u00fan hoy siguen siendo populares.<\/p>\n<p><strong>Beneficios para el cuidado de la piel<\/strong><br \/> Esta hierba es para uso principalmente externo. Las flores de Arnica montana contienen lactonas sesquiterp\u00e9nicas, \u00e1cido carb\u00f3nico fen\u00f3lico, flavonoides, cumarina y aceite vol\u00e1til. La helenalina, una lactona sesquiterp\u00e9nica, es el principal compuesto restaurador en Arnica montana y, junto con los flavonoides, ayuda a calmar y a renovar la piel luego de la exposici\u00f3n a alg\u00fan agente estresante.<br \/>\nLas propiedades antis\u00e9pticas, antibacterianas y antiinflamatorias del \u00e1rnica podr\u00edan ser \u00fatiles para quienes sufren de trastornos inflamatorios de la piel. Tambi\u00e9n estimula la formaci\u00f3n de tejidos granulares, acelerando el proceso de cicatrizaci\u00f3n. Debido a sus propiedades curativas, el \u00e1rnica se puede utilizar tanto en hematomas, quemaduras de sol y quemaduras leves, como en flebitis superficial.<\/p>\n","protected":false},"excerpt":{"rendered":"<p>Extracto de Arnica montana Este extracto bot\u00e1nico deriva de los cap\u00edtulos florales de la planta Arnica montana. El \u00e1rnica es una planta perenne que crece de manera silvestre en las praderas alpinas. Las flores de \u00e1rnica han sido usadas con fines medicinales desde el siglo 16 y a\u00fan hoy siguen siendo populares. Beneficios para el [&hellip;]\n","protected":false},"author":1,"featured_media":0,"parent":0,"menu_order":0,"comment_status":"closed","ping_status":"closed","template":"","meta":{"footnotes":""},"_links":{"self":[{"href":"https:\/\/seacare.com\/es\/wp-json\/wp\/v2\/pages\/5046"}],"collection":[{"href":"https:\/\/seacare.com\/es\/wp-json\/wp\/v2\/pages"}],"about":[{"href":"https:\/\/seacare.com\/es\/wp-json\/wp\/v2\/types\/page"}],"author":[{"embeddable":true,"href":"https:\/\/seacare.com\/es\/wp-json\/wp\/v2\/users\/1"}],"replies":[{"embeddable":true,"href":"https:\/\/seacare.com\/es\/wp-json\/wp\/v2\/comments?post=5046"}],"version-history":[{"count":0,"href":"https:\/\/seacare.com\/es\/wp-json\/wp\/v2\/pages\/5046\/revisions"}],"wp:attachment":[{"href":"https:\/\/seacare.com\/es\/wp-json\/wp\/v2\/media?parent=5046"}],"curies":[{"name":"wp","href":"https:\/\/api.w.org\/{rel}","templated":true}]}}