{"id":5049,"date":"2017-04-26T14:03:44","date_gmt":"2017-04-26T11:03:44","guid":{"rendered":"http:\/\/800forlady.com\/es\/?page_id=5049"},"modified":"2017-04-26T14:27:57","modified_gmt":"2017-04-26T11:27:57","slug":"aceite-de-aguacate","status":"publish","type":"page","link":"https:\/\/seacare.com\/es\/aceite-de-aguacate\/","title":{"rendered":"Aceite de aguacate"},"content":{"rendered":"<h1 class=\"text-head\" style=\"text-align: center;\"><span data-text-color=\"primary\">Aceite de aguacate<\/span><\/h1>\n<hr \/>\n<p><strong>\u00c9stos son algunos nutrientes importantes en el aceite de aguacate:<\/strong><\/p>\n<p><img decoding=\"async\" class=\"marker\" src=\"\/wp-content\/uploads\/2013\/08\/punkt.png\" \/>Prote\u00ednas y grasas<br \/>El aceite de aguacate contiene una gran cantidad de prote\u00ednas y grasas no saturadas que son potentes agentes para la piel. El aceite de aguacate, en realidad, contiene \u00e1cidos grasos omega 3, exactamente los mismos \u00e1cidos grasos que se encuentran en el aceite de pescado.<\/p>\n<p><img decoding=\"async\" class=\"marker\" src=\"\/wp-content\/uploads\/2013\/08\/punkt.png\" \/>Esterolina<br \/>El aceite de aguacate tiene un alto contenido de una sustancia llamada esterolina. Estudios han demostrado que suaviza la piel y reduce la incidencia de manchas de la edad.<\/p>\n<p><img decoding=\"async\" class=\"marker\" src=\"\/wp-content\/uploads\/2013\/08\/punkt.png\" \/>Antioxidantes<br \/>El aceite de aguacate es rico en antioxidantes, por lo que resulta \u00fatil para curar la piel da\u00f1ada por el sol. Los antioxidantes como las vitaminas A, D y E presentes en el aguacate dejan la piel m\u00e1s flexible, por lo que resultan especialmente buenos para la piel seca o envejecida.<\/p>\n<p><img decoding=\"async\" class=\"marker\" src=\"\/wp-content\/uploads\/2013\/08\/punkt.png\" \/>Lecitina y potasio<br \/>El aceite de aguacate contiene lecitina y potasio, ambos muy beneficiosos tanto para la piel, como para el cabello.<\/p>\n<p><img decoding=\"async\" class=\"marker\" src=\"\/wp-content\/uploads\/2013\/08\/punkt.png\" \/>Humecta la piel<br \/>El aceite de aguacate aplicado t\u00f3picamente ayuda a aliviar la piel seca y con picaz\u00f3n. Una vez aplicado el aceite de aguacate, la piel lo absorbe profundamente, por lo que resulta un perfecto humectante y agente para el cuidado de la piel.<\/p>\n<p><img decoding=\"async\" class=\"marker\" src=\"\/wp-content\/uploads\/2013\/08\/punkt.png\" \/>Mejora la salud del cuero cabelludo<br \/>Adem\u00e1s de ayudar a aclarar la piel del cuero cabelludo, tambi\u00e9n puede aliviar los s\u00edntomas de picaz\u00f3n. El aceite de aguacate, si se aplica de manera regular sobre el cuero cabelludo, puede estimular el crecimiento del cabello.<\/p>\n<p><img decoding=\"async\" class=\"marker\" src=\"\/wp-content\/uploads\/2013\/08\/punkt.png\" \/>Aumenta la producci\u00f3n de col\u00e1geno<br \/>Cuando se aplica, el aceite de aguacate aumenta la producci\u00f3n de col\u00e1geno que ayuda a mantener la piel rellena y reduce los efectos de la edad.<\/p>\n<p><img decoding=\"async\" class=\"marker\" src=\"\/wp-content\/uploads\/2013\/08\/punkt.png\" \/>Sirve para tratar afecciones de la piel<br \/>El aceite de aguacate es \u00fatil para tratar varias afecciones de la piel, como el eccema y la psoriasis.<\/p>\n<p><img decoding=\"async\" class=\"marker\" src=\"\/wp-content\/uploads\/2013\/08\/punkt.png\" \/>Otros<br \/>El aceite de aguacate facilita la cicatrizaci\u00f3n de heridas y quemaduras de la piel.<\/p>\n","protected":false},"excerpt":{"rendered":"<p>Aceite de aguacate \u00c9stos son algunos nutrientes importantes en el aceite de aguacate: Prote\u00ednas y grasasEl aceite de aguacate contiene una gran cantidad de prote\u00ednas y grasas no saturadas que son potentes agentes para la piel. El aceite de aguacate, en realidad, contiene \u00e1cidos grasos omega 3, exactamente los mismos \u00e1cidos grasos que se encuentran [&hellip;]\n","protected":false},"author":1,"featured_media":0,"parent":0,"menu_order":0,"comment_status":"closed","ping_status":"closed","template":"","meta":{"footnotes":""},"_links":{"self":[{"href":"https:\/\/seacare.com\/es\/wp-json\/wp\/v2\/pages\/5049"}],"collection":[{"href":"https:\/\/seacare.com\/es\/wp-json\/wp\/v2\/pages"}],"about":[{"href":"https:\/\/seacare.com\/es\/wp-json\/wp\/v2\/types\/page"}],"author":[{"embeddable":true,"href":"https:\/\/seacare.com\/es\/wp-json\/wp\/v2\/users\/1"}],"replies":[{"embeddable":true,"href":"https:\/\/seacare.com\/es\/wp-json\/wp\/v2\/comments?post=5049"}],"version-history":[{"count":0,"href":"https:\/\/seacare.com\/es\/wp-json\/wp\/v2\/pages\/5049\/revisions"}],"wp:attachment":[{"href":"https:\/\/seacare.com\/es\/wp-json\/wp\/v2\/media?parent=5049"}],"curies":[{"name":"wp","href":"https:\/\/api.w.org\/{rel}","templated":true}]}}