{"id":5052,"date":"2017-04-26T14:29:37","date_gmt":"2017-04-26T11:29:37","guid":{"rendered":"http:\/\/800forlady.com\/es\/?page_id=5052"},"modified":"2017-04-26T15:48:06","modified_gmt":"2017-04-26T12:48:06","slug":"manteca-de-cacao","status":"publish","type":"page","link":"https:\/\/seacare.com\/es\/manteca-de-cacao\/","title":{"rendered":"Manteca de cacao"},"content":{"rendered":"<h1 style=\"text-align: center;\"><span data-text-color=\"primary\">Manteca de cacao<\/span><\/h1>\n<hr \/>\n<p><strong>Beneficios para la piel<\/strong><\/p>\n<p><img decoding=\"async\" class=\"marker\" src=\"\/wp-content\/uploads\/2013\/08\/punkt.png\" \/>Antioxidantes: La manteca de cacao tiene un alto contenido de antioxidantes, que ayudan a combatir los radicales libres. Los radicales libres son responsables de ocasionar estr\u00e9s en la piel y signos de la edad.<\/p>\n<p><img decoding=\"async\" class=\"marker\" src=\"\/wp-content\/uploads\/2013\/08\/punkt.png\" \/>Reductor de estr\u00edas: Es de p\u00fablico conocimiento que la manteca de cacao ayuda a reducir las estr\u00edas. Este consejo secreto se comparte con todas las embarazadas del mundo. Y muchas mujeres sostienen que el uso regular de la manteca de cacao fue lo que las ayud\u00f3 a evitar las estr\u00edas. Otras personas tambi\u00e9n expresan que las ayud\u00f3 a cicatrizar.<\/p>\n<p><img decoding=\"async\" class=\"marker\" src=\"\/wp-content\/uploads\/2013\/08\/punkt.png\" \/>Hidrataci\u00f3n profunda: La manteca de cacao tiene un alto contenido de \u00e1cidos grasos e hidrata la piel profundamente.<\/p>\n<p><img decoding=\"async\" class=\"marker\" src=\"\/wp-content\/uploads\/2013\/08\/punkt.png\" \/>Cicatrizante para piel sensible: Se ha destacado que la manteca de cacao ayuda a curar las irritaciones de la piel, como eccemas y dermatitis.<\/p>\n","protected":false},"excerpt":{"rendered":"<p>Manteca de cacao Beneficios para la piel Antioxidantes: La manteca de cacao tiene un alto contenido de antioxidantes, que ayudan a combatir los radicales libres. Los radicales libres son responsables de ocasionar estr\u00e9s en la piel y signos de la edad. Reductor de estr\u00edas: Es de p\u00fablico conocimiento que la manteca de cacao ayuda a [&hellip;]\n","protected":false},"author":1,"featured_media":0,"parent":0,"menu_order":0,"comment_status":"closed","ping_status":"closed","template":"","meta":{"footnotes":""},"_links":{"self":[{"href":"https:\/\/seacare.com\/es\/wp-json\/wp\/v2\/pages\/5052"}],"collection":[{"href":"https:\/\/seacare.com\/es\/wp-json\/wp\/v2\/pages"}],"about":[{"href":"https:\/\/seacare.com\/es\/wp-json\/wp\/v2\/types\/page"}],"author":[{"embeddable":true,"href":"https:\/\/seacare.com\/es\/wp-json\/wp\/v2\/users\/1"}],"replies":[{"embeddable":true,"href":"https:\/\/seacare.com\/es\/wp-json\/wp\/v2\/comments?post=5052"}],"version-history":[{"count":0,"href":"https:\/\/seacare.com\/es\/wp-json\/wp\/v2\/pages\/5052\/revisions"}],"wp:attachment":[{"href":"https:\/\/seacare.com\/es\/wp-json\/wp\/v2\/media?parent=5052"}],"curies":[{"name":"wp","href":"https:\/\/api.w.org\/{rel}","templated":true}]}}