{"id":5054,"date":"2017-04-26T14:31:18","date_gmt":"2017-04-26T11:31:18","guid":{"rendered":"http:\/\/800forlady.com\/es\/?page_id=5054"},"modified":"2017-04-26T14:31:18","modified_gmt":"2017-04-26T11:31:18","slug":"coenzyme-q10","status":"publish","type":"page","link":"https:\/\/seacare.com\/es\/coenzyme-q10\/","title":{"rendered":"Coenzyme Q10"},"content":{"rendered":"<h1 class=\"text-head\" style=\"text-align: center;\"><span data-text-color=\"primary\">Coenzyme Q10<\/span><\/h1>\n<hr \/>\n<div>\u00a0<\/div>\n<p>La Coenzima Q10 desempe\u00f1a, al menos, dos funciones importantes en el cuerpo. Primero, es uno de los engranajes esenciales de la maquinaria bioqu\u00edmica que produce energ\u00eda biol\u00f3gica (ATP) dentro de las c\u00e9lulas. En segundo lugar, la CoQ10 es un antioxidante. Ayuda a neutralizar radicales libres nocivos, que son uno de los causantes del envejecimiento. En condiciones perfectas, el cuerpo puede producir la cantidad de CoQ10 que necesita. Sin embargo, varios factores, como el envejecimiento, estr\u00e9s y algunos medicamentos, pueden disminuir los niveles de CoQ10 presentes en el cuerpo. Como consecuencia, la capacidad de las c\u00e9lulas para soportar el estr\u00e9s y regenerar disminuye. Desafortunadamente, los niveles de CoQ10 en el cuerpo disminuyen casi inevitablemente con la edad. De hecho, la CoQ10 se considera uno de los biomarcadores m\u00e1s precisos del envejecimiento dado que su disminuci\u00f3n se corresponde en gran medida con el proceso de envejecimiento. En algunos estudios, roedores tratados con CoQ10 complementaria vivieron hasta un 30% m\u00e1s de tiempo que los que no recibieron este tratamiento.<\/p>\n<p>En la mayor\u00eda de las personas mayores de 30 a\u00f1os, los niveles de CoQ10 en la piel est\u00e1n por debajo del punto \u00f3ptimo, disminuyendo la capacidad para producir col\u00e1geno, elastina y otras mol\u00e9culas importantes de la piel. Adem\u00e1s, la piel con poca CoQ10 puede ser m\u00e1s propensa al da\u00f1o ocasionado por los radicales libres, que son particularmente abundantes en la piel dado a que est\u00e1 expuesta a los elementos. De este modo, la CoQ10 puede estimular la reparaci\u00f3n y regeneraci\u00f3n de la piel, y reducir el da\u00f1o de los radicales libres. Asimismo, la CoQ10 es una peque\u00f1a mol\u00e9cula que puede penetrar las c\u00e9lulas cut\u00e1neas de manera relativamente f\u00e1cil.<\/p>\n","protected":false},"excerpt":{"rendered":"<p>Coenzyme Q10 \u00a0 La Coenzima Q10 desempe\u00f1a, al menos, dos funciones importantes en el cuerpo. Primero, es uno de los engranajes esenciales de la maquinaria bioqu\u00edmica que produce energ\u00eda biol\u00f3gica (ATP) dentro de las c\u00e9lulas. En segundo lugar, la CoQ10 es un antioxidante. Ayuda a neutralizar radicales libres nocivos, que son uno de los causantes [&hellip;]\n","protected":false},"author":1,"featured_media":0,"parent":0,"menu_order":0,"comment_status":"closed","ping_status":"closed","template":"","meta":{"footnotes":""},"_links":{"self":[{"href":"https:\/\/seacare.com\/es\/wp-json\/wp\/v2\/pages\/5054"}],"collection":[{"href":"https:\/\/seacare.com\/es\/wp-json\/wp\/v2\/pages"}],"about":[{"href":"https:\/\/seacare.com\/es\/wp-json\/wp\/v2\/types\/page"}],"author":[{"embeddable":true,"href":"https:\/\/seacare.com\/es\/wp-json\/wp\/v2\/users\/1"}],"replies":[{"embeddable":true,"href":"https:\/\/seacare.com\/es\/wp-json\/wp\/v2\/comments?post=5054"}],"version-history":[{"count":0,"href":"https:\/\/seacare.com\/es\/wp-json\/wp\/v2\/pages\/5054\/revisions"}],"wp:attachment":[{"href":"https:\/\/seacare.com\/es\/wp-json\/wp\/v2\/media?parent=5054"}],"curies":[{"name":"wp","href":"https:\/\/api.w.org\/{rel}","templated":true}]}}