{"id":5056,"date":"2017-04-26T14:31:57","date_gmt":"2017-04-26T11:31:57","guid":{"rendered":"http:\/\/800forlady.com\/es\/?page_id=5056"},"modified":"2021-05-24T11:45:25","modified_gmt":"2021-05-24T08:45:25","slug":"easyliance","status":"publish","type":"page","link":"https:\/\/seacare.com\/es\/easyliance\/","title":{"rendered":"Easyliance"},"content":{"rendered":"<h1 style=\"text-align: center;\"><span data-text-color=\"primary\">Easyliance<\/span><\/h1>\n<hr \/>\n<p>Easyliance es un innovador tensor natural, un nuevo activo tensor cosm\u00e9tico que produce visibles efectos instant\u00e1neos sobre la piel, especialmente en las patas de gallo y el contorno de la boca.<\/p>\n<p><strong>\u00bfQu\u00e9 es lo mejor de este ingrediente activo?<\/strong><\/p>\n<p>Easyliance es 100 % natural y produce un efecto suavizante visible y tangible en tan solo unos minutos.<\/p>\n<p><strong>\u00bfQu\u00e9 efecto produce?<\/strong><\/p>\n<p>Easyliance estira la superficie de la piel y forma una pel\u00edcula continua y el\u00e1stica. Retrae y estira la piel, produciendo una disminuci\u00f3n inmediata y visible de la profundidad de las arrugas. Por lo tanto, la piel adquiere una apariencia m\u00e1s suave y las l\u00edneas finas desaparecen.<br \/>\nEasyliance es un innovador tensor natural, un nuevo activo tensor cosm\u00e9tico que produce visibles efectos instant\u00e1neos sobre la piel, especialmente en las patas de gallo y el contorno de la boca.<\/p>\n","protected":false},"excerpt":{"rendered":"<p>Easyliance Easyliance es un innovador tensor natural, un nuevo activo tensor cosm\u00e9tico que produce visibles efectos instant\u00e1neos sobre la piel, especialmente en las patas de gallo y el contorno de la boca. \u00bfQu\u00e9 es lo mejor de este ingrediente activo? Easyliance es 100 % natural y produce un efecto suavizante visible y tangible en tan [&hellip;]\n","protected":false},"author":1,"featured_media":0,"parent":0,"menu_order":0,"comment_status":"closed","ping_status":"closed","template":"","meta":{"footnotes":""},"_links":{"self":[{"href":"https:\/\/seacare.com\/es\/wp-json\/wp\/v2\/pages\/5056"}],"collection":[{"href":"https:\/\/seacare.com\/es\/wp-json\/wp\/v2\/pages"}],"about":[{"href":"https:\/\/seacare.com\/es\/wp-json\/wp\/v2\/types\/page"}],"author":[{"embeddable":true,"href":"https:\/\/seacare.com\/es\/wp-json\/wp\/v2\/users\/1"}],"replies":[{"embeddable":true,"href":"https:\/\/seacare.com\/es\/wp-json\/wp\/v2\/comments?post=5056"}],"version-history":[{"count":1,"href":"https:\/\/seacare.com\/es\/wp-json\/wp\/v2\/pages\/5056\/revisions"}],"predecessor-version":[{"id":38313,"href":"https:\/\/seacare.com\/es\/wp-json\/wp\/v2\/pages\/5056\/revisions\/38313"}],"wp:attachment":[{"href":"https:\/\/seacare.com\/es\/wp-json\/wp\/v2\/media?parent=5056"}],"curies":[{"name":"wp","href":"https:\/\/api.w.org\/{rel}","templated":true}]}}