{"id":5059,"date":"2017-04-26T14:34:22","date_gmt":"2017-04-26T11:34:22","guid":{"rendered":"http:\/\/800forlady.com\/es\/?page_id=5059"},"modified":"2017-04-26T14:34:22","modified_gmt":"2017-04-26T11:34:22","slug":"aceite-inca-inchi","status":"publish","type":"page","link":"https:\/\/seacare.com\/es\/aceite-inca-inchi\/","title":{"rendered":"Aceite Inca Inchi"},"content":{"rendered":"<h1 class=\"text-head\" style=\"text-align: center;\"><span data-text-color=\"primary\">Aceite Inca Inchi<\/span><\/h1>\n<hr \/>\n<p>El aceite Inca Inchi (almendro de los Incas) se considera la fuente vegetal m\u00e1s rica en \u00e1cidos grasos esenciales, incluidos el \u00e1cido linoleico Omega 6 y \u00e1cido alfalinolenico Omega 3. El cuerpo humano no produce esos \u00e1cidos grasos por s\u00ed solo; sin embargo, son fundamentales para conservar una buena salud. El aceite Inca Inchi tambi\u00e9n tiene un alto contenido de antioxidantes, incluidas las vitaminas A y E. La estructura de este aceite ayuda a proteger la piel, el cabello y las u\u00f1as limitando la deshidrataci\u00f3n y fortaleciendo y desarrollando defensas naturales contra las exposiciones comunes externas y diet\u00e9ticas. El aceite Inca Inchi es un excelente ingrediente para usar en productos dise\u00f1ados para combatir la inflamaci\u00f3n, irritaci\u00f3n, sequedad y el da\u00f1o.<\/p>\n<p>Es uno de los aceites m\u00e1s saludables que existen en el planeta y tiene los 8 factores de la vitamina E, antioxidantes y otros factores nutritivos que hacen que sea el aceite de mayor calidad de nuestros tiempos.<\/p>\n","protected":false},"excerpt":{"rendered":"<p>Aceite Inca Inchi El aceite Inca Inchi (almendro de los Incas) se considera la fuente vegetal m\u00e1s rica en \u00e1cidos grasos esenciales, incluidos el \u00e1cido linoleico Omega 6 y \u00e1cido alfalinolenico Omega 3. El cuerpo humano no produce esos \u00e1cidos grasos por s\u00ed solo; sin embargo, son fundamentales para conservar una buena salud. El aceite [&hellip;]\n","protected":false},"author":1,"featured_media":0,"parent":0,"menu_order":0,"comment_status":"closed","ping_status":"closed","template":"","meta":{"footnotes":""},"_links":{"self":[{"href":"https:\/\/seacare.com\/es\/wp-json\/wp\/v2\/pages\/5059"}],"collection":[{"href":"https:\/\/seacare.com\/es\/wp-json\/wp\/v2\/pages"}],"about":[{"href":"https:\/\/seacare.com\/es\/wp-json\/wp\/v2\/types\/page"}],"author":[{"embeddable":true,"href":"https:\/\/seacare.com\/es\/wp-json\/wp\/v2\/users\/1"}],"replies":[{"embeddable":true,"href":"https:\/\/seacare.com\/es\/wp-json\/wp\/v2\/comments?post=5059"}],"version-history":[{"count":0,"href":"https:\/\/seacare.com\/es\/wp-json\/wp\/v2\/pages\/5059\/revisions"}],"wp:attachment":[{"href":"https:\/\/seacare.com\/es\/wp-json\/wp\/v2\/media?parent=5059"}],"curies":[{"name":"wp","href":"https:\/\/api.w.org\/{rel}","templated":true}]}}