{"id":5061,"date":"2017-04-26T14:44:53","date_gmt":"2017-04-26T11:44:53","guid":{"rendered":"http:\/\/800forlady.com\/es\/?page_id=5061"},"modified":"2017-04-26T14:46:02","modified_gmt":"2017-04-26T11:46:02","slug":"aceite-de-jojoba","status":"publish","type":"page","link":"https:\/\/seacare.com\/es\/aceite-de-jojoba\/","title":{"rendered":"Aceite de jojoba"},"content":{"rendered":"<h1 class=\"text-head\" style=\"text-align: center;\"><span data-text-color=\"primary\">Aceite de jojoba<\/span><\/h1>\n<hr \/>\n<p><b>\u00bfQu\u00e9 es el aceite de jojoba?<\/b><br \/>\nEl aceite de jojoba es un extracto bot\u00e1nico de la semilla del \u00e1rbol de jojoba. T\u00e9cnicamente, no es en realidad un aceite, sino lo que se conoce como \u00e9ster de cera. \u00bfPor qu\u00e9 nos interesa? Porque de todos los compuestos en la naturaleza, este \u00e9ster de cera es lo m\u00e1s similar al aceite de la piel humana (sebo). Y lo m\u00e1s importante para las personas propensas al acn\u00e9, el aceite de jojoba no es comedog\u00e9nico; as\u00ed que puede usarse sin temor.<\/p>\n<p><b>Beneficios del aceite de jojoba<\/b><br \/>\n<img decoding=\"async\" class=\"marker\" src=\"\/wp-content\/uploads\/2013\/08\/punkt.png\">Ofrece humectaci\u00f3n para todo el d\u00eda. El aceite de jojoba no se evapora como los humectantes a base de agua.<br \/>\n<img decoding=\"async\" class=\"marker\" src=\"\/wp-content\/uploads\/2013\/08\/punkt.png\">JEl aceite de jojoba es tan similar al sebo de la piel humana que puede &#8220;enga\u00f1ar&#8221; a la piel y hacerle creer que ella misma produjo suficiente sebo y, de este modo, equilibrar la producci\u00f3n de sebo.<br \/>\n<img decoding=\"async\" class=\"marker\" src=\"\/wp-content\/uploads\/2013\/08\/punkt.png\">Aceite para masajes: el aceite de jojoba es, tal vez, el mejor aceite para masajes del mundo. Una peque\u00f1a cantidad rinde mucho y es una buena opci\u00f3n no comedog\u00e9nica para las personas con acn\u00e9 corporal.<\/p>\n","protected":false},"excerpt":{"rendered":"<p>Aceite de jojoba \u00bfQu\u00e9 es el aceite de jojoba? El aceite de jojoba es un extracto bot\u00e1nico de la semilla del \u00e1rbol de jojoba. T\u00e9cnicamente, no es en realidad un aceite, sino lo que se conoce como \u00e9ster de cera. \u00bfPor qu\u00e9 nos interesa? Porque de todos los compuestos en la naturaleza, este \u00e9ster de [&hellip;]\n","protected":false},"author":1,"featured_media":0,"parent":0,"menu_order":0,"comment_status":"closed","ping_status":"closed","template":"","meta":{"footnotes":""},"_links":{"self":[{"href":"https:\/\/seacare.com\/es\/wp-json\/wp\/v2\/pages\/5061"}],"collection":[{"href":"https:\/\/seacare.com\/es\/wp-json\/wp\/v2\/pages"}],"about":[{"href":"https:\/\/seacare.com\/es\/wp-json\/wp\/v2\/types\/page"}],"author":[{"embeddable":true,"href":"https:\/\/seacare.com\/es\/wp-json\/wp\/v2\/users\/1"}],"replies":[{"embeddable":true,"href":"https:\/\/seacare.com\/es\/wp-json\/wp\/v2\/comments?post=5061"}],"version-history":[{"count":0,"href":"https:\/\/seacare.com\/es\/wp-json\/wp\/v2\/pages\/5061\/revisions"}],"wp:attachment":[{"href":"https:\/\/seacare.com\/es\/wp-json\/wp\/v2\/media?parent=5061"}],"curies":[{"name":"wp","href":"https:\/\/api.w.org\/{rel}","templated":true}]}}