{"id":5065,"date":"2017-04-26T14:47:49","date_gmt":"2017-04-26T11:47:49","guid":{"rendered":"http:\/\/800forlady.com\/es\/?page_id=5065"},"modified":"2017-04-26T14:48:22","modified_gmt":"2017-04-26T11:48:22","slug":"aceite-de-macadamia","status":"publish","type":"page","link":"https:\/\/seacare.com\/es\/aceite-de-macadamia\/","title":{"rendered":"Aceite de macadamia"},"content":{"rendered":"<h1 style=\"text-align: center;\"><span data-text-color=\"primary\">Aceite de macadamia<\/span><\/h1>\n<hr \/>\n<p><strong>Beneficios del aceite de nuez de macadamia para el cuidado de la piel<\/strong><\/p>\n<p>El aceite de nuez de macadamia es un aceite vegetal muy poco com\u00fan que combina muy bien con la piel. Es fabuloso para la piel seca y madura debido a su interesante perfil de \u00e1cido graso.<\/p>\n<p>\u00c1cido palmitoleico: el aceite de la nuez de macadamia contiene una de las fuentes m\u00e1s importantes de \u00e1cidos grasos palmitoleicos, entre el 16% y el 23%. El palomitoleico es esencial para retrasar el envejecimiento de las c\u00e9lulas y la piel. A medida que nuestra piel envejece, r\u00e1pidamente queda sin \u00e1cido palmitoleico.<\/p>\n<p>\u00c1cido oleico: este \u00e1cido graso es responsable de las fant\u00e1sticas propiedades regenerativas y humectantes del aceite de la nuez de macadamia.<\/p>\n<p>\u00c1cido linoleico: el \u00e1cido linoleico es un maravilloso \u00e1cido graso que ayuda a evitar la p\u00e9rdida de agua transepid\u00e9rmica de los delicados tejidos de la piel.<\/p>\n<p>Alto contenido de fitoesteroles: los fitoesteroles tienen una verdadera afinidad con la piel. Los fitoesteroles vegetales son los elementos constitutivos de nuestra membrana celular. Estos esteroles act\u00faan del mismo modo que el colesterol en nuestra piel. Los fitoesteroles tambi\u00e9n tienen propiedades cicatrizantes y producen alivio.<\/p>\n","protected":false},"excerpt":{"rendered":"<p>Aceite de macadamia Beneficios del aceite de nuez de macadamia para el cuidado de la piel El aceite de nuez de macadamia es un aceite vegetal muy poco com\u00fan que combina muy bien con la piel. Es fabuloso para la piel seca y madura debido a su interesante perfil de \u00e1cido graso. \u00c1cido palmitoleico: el [&hellip;]\n","protected":false},"author":1,"featured_media":0,"parent":0,"menu_order":0,"comment_status":"closed","ping_status":"closed","template":"","meta":{"footnotes":""},"_links":{"self":[{"href":"https:\/\/seacare.com\/es\/wp-json\/wp\/v2\/pages\/5065"}],"collection":[{"href":"https:\/\/seacare.com\/es\/wp-json\/wp\/v2\/pages"}],"about":[{"href":"https:\/\/seacare.com\/es\/wp-json\/wp\/v2\/types\/page"}],"author":[{"embeddable":true,"href":"https:\/\/seacare.com\/es\/wp-json\/wp\/v2\/users\/1"}],"replies":[{"embeddable":true,"href":"https:\/\/seacare.com\/es\/wp-json\/wp\/v2\/comments?post=5065"}],"version-history":[{"count":0,"href":"https:\/\/seacare.com\/es\/wp-json\/wp\/v2\/pages\/5065\/revisions"}],"wp:attachment":[{"href":"https:\/\/seacare.com\/es\/wp-json\/wp\/v2\/media?parent=5065"}],"curies":[{"name":"wp","href":"https:\/\/api.w.org\/{rel}","templated":true}]}}