{"id":5068,"date":"2017-04-26T14:49:30","date_gmt":"2017-04-26T11:49:30","guid":{"rendered":"http:\/\/800forlady.com\/es\/?page_id=5068"},"modified":"2017-04-26T14:49:30","modified_gmt":"2017-04-26T11:49:30","slug":"matrixyl-synthe6","status":"publish","type":"page","link":"https:\/\/seacare.com\/es\/matrixyl-synthe6\/","title":{"rendered":"Matrixyl\u00ae synthe&#8217;6\u00ae"},"content":{"rendered":"<h1 style=\"text-align: center;\"><span data-text-color=\"primary\">Matrixyl\u00ae synthe&#8217;6\u00ae<\/span><\/h1>\n<hr \/>\n<p class=\"o-kom-text3\">Sederma presenta Matrixyl\u00ae synthe\u20196\u00ae que cumple los deseos de las mujeres: rellena arrugas desde adentro, tanto en la frente como en las patas de gallo, logrando una piel visiblemente m\u00e1s suave y rellena. Gracias a su efecto similar a las matrikinas, Matrixyl\u00ae synthe\u20196\u00ae estimula 6 constituyentes principales de la matriz d\u00e9rmica y la uni\u00f3n d\u00e9rmica\/epid\u00e9rmica y garantiza una arquitectura \u00f3ptima del tejido.<\/p>\n<p class=\"o-kom-text3\">Estudios in vivo demostraron que, luego de 2 meses, las arrugas de la frente y las patas de gallo se suavizan visiblemente desde el interior de la piel. Muchos par\u00e1metros demostraron este efecto suavizante (volumen, profundidad, superficie de las arrugas\u2026) y m\u00e1s especialmente el efecto de estiramiento y la ralentizaci\u00f3n de la aparici\u00f3n de arrugas.<\/p>\n","protected":false},"excerpt":{"rendered":"<p>Matrixyl\u00ae synthe&#8217;6\u00ae Sederma presenta Matrixyl\u00ae synthe\u20196\u00ae que cumple los deseos de las mujeres: rellena arrugas desde adentro, tanto en la frente como en las patas de gallo, logrando una piel visiblemente m\u00e1s suave y rellena. Gracias a su efecto similar a las matrikinas, Matrixyl\u00ae synthe\u20196\u00ae estimula 6 constituyentes principales de la matriz d\u00e9rmica y la [&hellip;]\n","protected":false},"author":1,"featured_media":0,"parent":0,"menu_order":0,"comment_status":"closed","ping_status":"closed","template":"","meta":{"footnotes":""},"_links":{"self":[{"href":"https:\/\/seacare.com\/es\/wp-json\/wp\/v2\/pages\/5068"}],"collection":[{"href":"https:\/\/seacare.com\/es\/wp-json\/wp\/v2\/pages"}],"about":[{"href":"https:\/\/seacare.com\/es\/wp-json\/wp\/v2\/types\/page"}],"author":[{"embeddable":true,"href":"https:\/\/seacare.com\/es\/wp-json\/wp\/v2\/users\/1"}],"replies":[{"embeddable":true,"href":"https:\/\/seacare.com\/es\/wp-json\/wp\/v2\/comments?post=5068"}],"version-history":[{"count":0,"href":"https:\/\/seacare.com\/es\/wp-json\/wp\/v2\/pages\/5068\/revisions"}],"wp:attachment":[{"href":"https:\/\/seacare.com\/es\/wp-json\/wp\/v2\/media?parent=5068"}],"curies":[{"name":"wp","href":"https:\/\/api.w.org\/{rel}","templated":true}]}}