{"id":5070,"date":"2017-04-26T14:50:38","date_gmt":"2017-04-26T11:50:38","guid":{"rendered":"http:\/\/800forlady.com\/es\/?page_id=5070"},"modified":"2017-04-26T14:51:44","modified_gmt":"2017-04-26T11:51:44","slug":"aceite-de-oliva","status":"publish","type":"page","link":"https:\/\/seacare.com\/es\/aceite-de-oliva\/","title":{"rendered":"Aceite de oliva"},"content":{"rendered":"<h1 style=\"text-align: center;\"><span data-text-color=\"primary\">Aceite de oliva<\/span><\/h1>\n<hr \/>\n<p>Los beneficios del aceite de oliva para la piel se conocen desde la \u00e9poca de nuestros ancestros. Los fenicios, egipcios, griegos y romanos lo usaban como remedio contra el envejecimiento. Tambi\u00e9n lo usaban para tratar heridas y humectar la piel seca. Las guerras en Sicilia, donde Roma derrot\u00f3 a Cartago, fueron en gran medida motivadas por las plantaciones de olivos en la isla, codiciadas por ambas potencias.<br \/>\u00c9sto demuestra lo importante que este \u201coro l\u00edquido\u201d (como Homero alguna vez lo describi\u00f3 metaf\u00f3ricamente) era para los ancestros del mundo mediterr\u00e1neo.<\/p>\n<p>Afortunadamente, ya no tenemos que librar guerras por el aceite de oliva. Se produce en abundancia en muchas partes del mundo, est\u00e1 disponible en forma de extracto y es un ingrediente en muchos productos org\u00e1nicos para el cuidado de la piel.<br \/>El aceite de oliva contiene 4 antioxidantes principales que le permiten actuar como limpiador, humectante y protector de la piel. Entre estos antioxidantes se encuentran la vitamina A y la vitamina E. Esta \u00faltima es, en parte, responsable de los beneficios de antienvejecimiento de esta sustancia ya que ayuda a restaurar la elasticidad de la piel.<\/p>\n<p>Otros antioxidantes varios tambi\u00e9n son responsables de los beneficios del aceite de oliva para la piel. Los polifenoles y los fitoesteroles neutralizan los radicales libres que causan importantes da\u00f1os en la piel de la poblaci\u00f3n humana. Uno de estos antioxidantes, el hidroxitirosol, es un compuesto relativamente raro que abunda en el aceite de oliva. \u00c9ste es uno de los compuestos clave que ayuda a evitar el da\u00f1o provocado por los radicales libres.<br \/>Penetra profundamente la piel sin obstruir los poros: algo que muchos de los humectantes comerciales para la piel ocasionan como un desafortunado efecto secundario. El aceite de oliva es diferente: humecta la piel tan profundamente que suele usarse como remedio casero para cualquier tipo de afecci\u00f3n de la piel, como eccema o psoriasis, afecciones que generan zonas de piel seca. Muchas mujeres lo usan para tratar las estr\u00edas luego del parto, y muchas otras lo usan para tratar manchas que suelen aparecer en la piel.<br \/>Otro beneficio del aceite de oliva para la piel es su utilidad como exfoliante. Una aplicaci\u00f3n com\u00fan de esta sustancia natural es mezclarla con sal marina y frotarla por el cuerpo. Las cualidades abrasivas leves de la sal marina, combinadas con la profunda acci\u00f3n penetrante del aceite eliminar\u00e1n las c\u00e9lulas muertas de la piel y dar\u00e1n a la epidermis un aspecto renovado y siempre brillante.<\/p>\n<p>El aceite de oliva tambi\u00e9n se usa para el cuidado de las u\u00f1as y cut\u00edculas, y muchas mujeres tambi\u00e9n lo usan como desmaquillante para los ojos. Otras aplicaciones incluyen usarlo como ingrediente en m\u00e1scaras faciales caseras que humectan y rejuvenecen la piel. Otra aplicaci\u00f3n interesante tanto para hombres como para mujeres es reemplazar la crema para afeitar por aceite de oliva. Muchos hombres han abandonado la crema de afeitar al descubrir cu\u00e1n al ras puede ser su afeitada con aceite de oliva. Tambi\u00e9n han descubierto que sus cualidades refrescantes lo convierten en un excelente producto para despu\u00e9s del afeitado.<\/p>\n<p>Debido a los m\u00faltiples beneficios del aceite de oliva para la piel, los productos naturales para el cuidado de la piel, como SeaCare, suelen usarlo como un ingrediente activo clave.<\/p>\n","protected":false},"excerpt":{"rendered":"<p>Aceite de oliva Los beneficios del aceite de oliva para la piel se conocen desde la \u00e9poca de nuestros ancestros. Los fenicios, egipcios, griegos y romanos lo usaban como remedio contra el envejecimiento. Tambi\u00e9n lo usaban para tratar heridas y humectar la piel seca. Las guerras en Sicilia, donde Roma derrot\u00f3 a Cartago, fueron en [&hellip;]\n","protected":false},"author":1,"featured_media":0,"parent":0,"menu_order":0,"comment_status":"closed","ping_status":"closed","template":"","meta":{"footnotes":""},"_links":{"self":[{"href":"https:\/\/seacare.com\/es\/wp-json\/wp\/v2\/pages\/5070"}],"collection":[{"href":"https:\/\/seacare.com\/es\/wp-json\/wp\/v2\/pages"}],"about":[{"href":"https:\/\/seacare.com\/es\/wp-json\/wp\/v2\/types\/page"}],"author":[{"embeddable":true,"href":"https:\/\/seacare.com\/es\/wp-json\/wp\/v2\/users\/1"}],"replies":[{"embeddable":true,"href":"https:\/\/seacare.com\/es\/wp-json\/wp\/v2\/comments?post=5070"}],"version-history":[{"count":0,"href":"https:\/\/seacare.com\/es\/wp-json\/wp\/v2\/pages\/5070\/revisions"}],"wp:attachment":[{"href":"https:\/\/seacare.com\/es\/wp-json\/wp\/v2\/media?parent=5070"}],"curies":[{"name":"wp","href":"https:\/\/api.w.org\/{rel}","templated":true}]}}