{"id":5073,"date":"2017-04-26T14:52:49","date_gmt":"2017-04-26T11:52:49","guid":{"rendered":"http:\/\/800forlady.com\/es\/?page_id=5073"},"modified":"2017-04-26T14:52:49","modified_gmt":"2017-04-26T11:52:49","slug":"pentavitin","status":"publish","type":"page","link":"https:\/\/seacare.com\/es\/pentavitin\/","title":{"rendered":"PENTAVITIN\u00ae"},"content":{"rendered":"<h1 class=\"text-head\" style=\"text-align: center;\"><span data-text-color=\"primary\">PENTAVITIN\u00ae<\/span><\/h1>\n<hr \/>\n<div>\u00a0<\/div>\n<p class=\"o-kom-text3\">PENTAVITIN\u00ae es un ingrediente 100 % natural, derivado de una planta que cuenta con la aprobaci\u00f3n de ECOCERT y la certificaci\u00f3n de NATRUE, ideal para tratar las diferentes necesidades de los consumidores. Su efectividad est\u00e1 basada en su composici\u00f3n \u00fanica, similar a la del complejo de carbohidratos que se encuentra en la piel humana, y en su mecanismo excepcional para unirse con la piel y el cuero cabelludo..<\/p>\n<p class=\"o-kom-text3\">PENTAVITIN\u00ae garantiza una hidrataci\u00f3n instant\u00e1nea y profunda generando una reserva de humedad que dura 72 horas. Probado por nuevos y extensos estudios in vivo y de expresi\u00f3n gen\u00e9tica, PENTAVITIN\u00ae mejora la hidrataci\u00f3n de las c\u00e9lulas epid\u00e9rmicas y crea una barrera duradera en la piel. Las calificaciones cl\u00ednicas confirman la sorprendente eficiencia de PENTAVITIN\u00ae, que ofrece una mejor\u00eda de m\u00e1s del 50% en la suavidad y tersura de la piel y reduce en m\u00e1s del 50% la descamaci\u00f3n y la picaz\u00f3n luego de 2 semanas de aplicaci\u00f3n.<\/p>\n<p class=\"o-kom-text3\">Otros estudios de investigaci\u00f3n m\u00e1s recientes muestran que PENTAVITIN\u00ae es el primer producto dise\u00f1ado para aplicaciones para el cuidado del cabello que funciona como un ingrediente activo calmante para productos con enjuague para hidratar profundamente el cuero cabelludo y aliviar la sensibilidad. El estudio in vivo ha demostrado que su efecto protector es importante en concentraciones extremadamente bajas. Se demostr\u00f3 que una reparaci\u00f3n de barrera era m\u00e1s del doble de r\u00e1pida que el control y hasta 24 horas m\u00e1s r\u00e1pida que el punto de referencia l\u00edder, mientras que la reducci\u00f3n del eritema (enrojecimiento de la piel) fue el doble que el del punto de referencia.<\/p>\n","protected":false},"excerpt":{"rendered":"<p>PENTAVITIN\u00ae \u00a0 PENTAVITIN\u00ae es un ingrediente 100 % natural, derivado de una planta que cuenta con la aprobaci\u00f3n de ECOCERT y la certificaci\u00f3n de NATRUE, ideal para tratar las diferentes necesidades de los consumidores. Su efectividad est\u00e1 basada en su composici\u00f3n \u00fanica, similar a la del complejo de carbohidratos que se encuentra en la piel [&hellip;]\n","protected":false},"author":1,"featured_media":0,"parent":0,"menu_order":0,"comment_status":"closed","ping_status":"closed","template":"","meta":{"footnotes":""},"_links":{"self":[{"href":"https:\/\/seacare.com\/es\/wp-json\/wp\/v2\/pages\/5073"}],"collection":[{"href":"https:\/\/seacare.com\/es\/wp-json\/wp\/v2\/pages"}],"about":[{"href":"https:\/\/seacare.com\/es\/wp-json\/wp\/v2\/types\/page"}],"author":[{"embeddable":true,"href":"https:\/\/seacare.com\/es\/wp-json\/wp\/v2\/users\/1"}],"replies":[{"embeddable":true,"href":"https:\/\/seacare.com\/es\/wp-json\/wp\/v2\/comments?post=5073"}],"version-history":[{"count":0,"href":"https:\/\/seacare.com\/es\/wp-json\/wp\/v2\/pages\/5073\/revisions"}],"wp:attachment":[{"href":"https:\/\/seacare.com\/es\/wp-json\/wp\/v2\/media?parent=5073"}],"curies":[{"name":"wp","href":"https:\/\/api.w.org\/{rel}","templated":true}]}}