{"id":5075,"date":"2017-04-26T14:56:13","date_gmt":"2017-04-26T11:56:13","guid":{"rendered":"http:\/\/800forlady.com\/es\/?page_id=5075"},"modified":"2017-04-26T14:58:22","modified_gmt":"2017-04-26T11:58:22","slug":"manteca-de-karite","status":"publish","type":"page","link":"https:\/\/seacare.com\/es\/manteca-de-karite\/","title":{"rendered":"Manteca de karit\u00e9"},"content":{"rendered":"<h1 style=\"text-align: center;\"><span data-text-color=\"primary\">Manteca de karit\u00e9<\/span><\/h1>\n<hr>\n<p>La manteca de karit\u00e9 ha demostrado ser un humectante superior, con propiedades cicatrizantes excepcionales para la piel.<\/p>\n<p>La vitamina A en la manteca de karit\u00e9 es importante para mejorar una gran cantidad de afecciones de la piel, como manchas, arrugas, eccemas y dermatitis.<\/p>\n<p>La manteca de karit\u00e9 tiene propiedades para tratar alergias de la piel, picaduras de insectos, quemaduras de sol, congelaciones y muchas otras afecciones cut\u00e1neas.<\/p>\n<p>Los humectantes en la manteca de karit\u00e9 son los mismos que producen las gl\u00e1ndulas seb\u00e1ceas en la piel. El positivo efecto bioqu\u00edmico y fisiol\u00f3gico que tiene la manteca de karit\u00e9 sobre las lesiones de la piel la hace ideal para la cicatrizaci\u00f3n de heridas.<\/p>\n<p>La vitamina E presente en la manteca de karit\u00e9 es \u00fatil para la piel. En primer lugar, aumenta la microcirculaci\u00f3n a la piel, que aumenta el suministro de sangre de la piel. En segundo lugar, la vitamina E puede servir de agente contra los radicales libres, ayudando a evitar los efectos deteriorantes del sol y de la exposici\u00f3n al ambiente.<\/p>\n","protected":false},"excerpt":{"rendered":"<p>Manteca de karit\u00e9 La manteca de karit\u00e9 ha demostrado ser un humectante superior, con propiedades cicatrizantes excepcionales para la piel. La vitamina A en la manteca de karit\u00e9 es importante para mejorar una gran cantidad de afecciones de la piel, como manchas, arrugas, eccemas y dermatitis. La manteca de karit\u00e9 tiene propiedades para tratar alergias [&hellip;]\n","protected":false},"author":1,"featured_media":0,"parent":0,"menu_order":0,"comment_status":"closed","ping_status":"closed","template":"","meta":{"footnotes":""},"_links":{"self":[{"href":"https:\/\/seacare.com\/es\/wp-json\/wp\/v2\/pages\/5075"}],"collection":[{"href":"https:\/\/seacare.com\/es\/wp-json\/wp\/v2\/pages"}],"about":[{"href":"https:\/\/seacare.com\/es\/wp-json\/wp\/v2\/types\/page"}],"author":[{"embeddable":true,"href":"https:\/\/seacare.com\/es\/wp-json\/wp\/v2\/users\/1"}],"replies":[{"embeddable":true,"href":"https:\/\/seacare.com\/es\/wp-json\/wp\/v2\/comments?post=5075"}],"version-history":[{"count":0,"href":"https:\/\/seacare.com\/es\/wp-json\/wp\/v2\/pages\/5075\/revisions"}],"wp:attachment":[{"href":"https:\/\/seacare.com\/es\/wp-json\/wp\/v2\/media?parent=5075"}],"curies":[{"name":"wp","href":"https:\/\/api.w.org\/{rel}","templated":true}]}}