{"id":5077,"date":"2017-04-26T15:00:18","date_gmt":"2017-04-26T12:00:18","guid":{"rendered":"http:\/\/800forlady.com\/es\/?page_id=5077"},"modified":"2017-04-26T15:01:53","modified_gmt":"2017-04-26T12:01:53","slug":"vitaminas-a-y-e","status":"publish","type":"page","link":"https:\/\/seacare.com\/es\/vitaminas-a-y-e\/","title":{"rendered":"Vitaminas A y E"},"content":{"rendered":"<h1 class=\"text-head\" style=\"text-align: center;\"><span data-text-color=\"primary\">Vitaminas A y E<\/span><\/h1>\n<hr \/>\n<p class=\"text-head2\"><strong>Vitamina A para las arrugas<\/strong><\/p>\n<p class=\"text-head2\">Best overall age-fighter<br \/> La mejor para combatir el paso del tiempo.<br \/>\nEst\u00e1 comprobado que reduce arrugas, disminuye manchas oscuras y suaviza asperezas. &#8220;Hay m\u00e1s de 700 estudios publicados sobre los retinoides: son ingredientes de eficacia probada. Todos los que deseen tener una piel con una apariencia m\u00e1s joven deben usar alguno de ellos&#8221;, seg\u00fan la Dra. Doris Day, profesora cl\u00ednica adjunta de Dermatolog\u00eda en el Centro M\u00e9dico Langone de la Universidad de Nueva York.<\/p>\n<p class=\"text-head2\"><strong>Vitamina E para humectar<\/strong><\/p>\n<p>Reduce la sequedad y refuerza la defensa de la piel contra los rayos UV.<br \/>\nEst\u00e1 comprobado que mejora la sequedad ayudando a la piel a conservar sus humectantes naturales. Tambi\u00e9n, la potente capacidad de la vitamina E para neutralizar los nocivos radicales libres le ha valido el apodo de \u201cel protector\u201d. Un gran n\u00famero de estudios sobre el cuidado de la piel respaldan su condici\u00f3n de superestrella. En un estudio, la vitamina E redujo significativamente la cantidad de estas mol\u00e9culas inestables creadas luego de la exposici\u00f3n al humo del cigarrillo. Otros mostraron que cuando se usa antes de la exposici\u00f3n a rayos UV, la piel queda menos roja, hinchada y seca.<\/p>\n","protected":false},"excerpt":{"rendered":"<p>Vitaminas A y E Vitamina A para las arrugas Best overall age-fighter La mejor para combatir el paso del tiempo. Est\u00e1 comprobado que reduce arrugas, disminuye manchas oscuras y suaviza asperezas. &#8220;Hay m\u00e1s de 700 estudios publicados sobre los retinoides: son ingredientes de eficacia probada. Todos los que deseen tener una piel con una apariencia [&hellip;]\n","protected":false},"author":1,"featured_media":0,"parent":0,"menu_order":0,"comment_status":"closed","ping_status":"closed","template":"","meta":{"footnotes":""},"_links":{"self":[{"href":"https:\/\/seacare.com\/es\/wp-json\/wp\/v2\/pages\/5077"}],"collection":[{"href":"https:\/\/seacare.com\/es\/wp-json\/wp\/v2\/pages"}],"about":[{"href":"https:\/\/seacare.com\/es\/wp-json\/wp\/v2\/types\/page"}],"author":[{"embeddable":true,"href":"https:\/\/seacare.com\/es\/wp-json\/wp\/v2\/users\/1"}],"replies":[{"embeddable":true,"href":"https:\/\/seacare.com\/es\/wp-json\/wp\/v2\/comments?post=5077"}],"version-history":[{"count":0,"href":"https:\/\/seacare.com\/es\/wp-json\/wp\/v2\/pages\/5077\/revisions"}],"wp:attachment":[{"href":"https:\/\/seacare.com\/es\/wp-json\/wp\/v2\/media?parent=5077"}],"curies":[{"name":"wp","href":"https:\/\/api.w.org\/{rel}","templated":true}]}}