{"id":5082,"date":"2017-04-26T15:03:05","date_gmt":"2017-04-26T12:03:05","guid":{"rendered":"http:\/\/800forlady.com\/es\/?page_id=5082"},"modified":"2017-04-26T15:05:09","modified_gmt":"2017-04-26T12:05:09","slug":"hamamelis","status":"publish","type":"page","link":"https:\/\/seacare.com\/es\/hamamelis\/","title":{"rendered":"Hamamelis"},"content":{"rendered":"<h1 class=\"text-head\" style=\"text-align: center;\"><span data-text-color=\"primary\">Hamamelis<\/span><\/h1>\n<hr>\n<p><strong>\u00bfCu\u00e1les son los beneficios del hamamelis para el cuidado de la piel?<\/strong><br \/>\nEl hamamelis es un extracto de las hojas y la corteza del arbusto norteamericano de Hamamelis virginiana. Hist\u00f3ricamente, se ha usado en varios tratamientos de la medicina popular. Seg\u00fan Drugs.com, hay m\u00e1s de 30 usos tradicionales del hamamelis, entre ellos, para tratar las hemorroides, quemaduras, c\u00e1nceres, tuberculosis, resfriados y fiebre. El uso principal a lo largo de los a\u00f1os ha sido para el tratamiento de afecciones de la piel y los cient\u00edficos est\u00e1n reci\u00e9n comenzando a comprender c\u00f3mo funciona y c\u00f3mo puede beneficiar la piel.<\/p>\n<p><strong>Antiinflamatorio<\/strong><br \/>\nUna de las propiedades m\u00e1s impresionantes del hamamelis es su efecto antiinflamatorio para tratar afecciones como la dermatitis del pa\u00f1al, irritaci\u00f3n ocasionada por el rasurado y picaduras de insectos. La inflamaci\u00f3n es causada por los radicales libres presentes en las c\u00e9lulas de la piel. Cient\u00edficos del Laboratorio Central Shiga en Jap\u00f3n estudiaron el potencial de uso en aplicaciones antiinflamatorias de 65 extractos vegetales como un tratamiento antienvejecimiento para la piel. Solo dos de los extractos demostraron efectos activos desoxigenantes y actividad protectora contra el da\u00f1o celular; uno de ellos fue Hamamelis virginiana.<\/p>\n<p><strong>Antimicrobiano<\/strong><br \/>\nOtro uso tradicional del hamamelis es para calmar la urticaria, tratar la varicela y curar hematomas y cortes; afecciones causadas o irritadas por virus y bacterias. Un estudio alem\u00e1n realizado en 2002, resumido por la Biblioteca Nacional de Medicina de los EE. UU., investig\u00f3 la actividad antimicrobiana del destilado de hamamelis sobre bacterias y hongos, como Staphylococcus aureus, Candida albicans y otros organismos in vitro. Los resultados revelaron una importante actividad antimicrobiana para el extracto de hamamelis, que llev\u00f3 a los investigadores a concluir que puede ser \u00fatil para evitar la colonizaci\u00f3n bacteriana que desempe\u00f1a una funci\u00f3n central en el desarrollo de la dermatitis at\u00f3pica y dermatitis intertrigo, as\u00ed como de otras afecciones microbianas de la piel.<\/p>\n<p><strong>Astringente<\/strong><br \/>\nEl hamamelis se considera un potente astringente debido al alto nivel de taninos en las hojas, seg\u00fan Drugs.com. Los taninos ayudan a reforzar las prote\u00ednas de la piel que luego forman una capa protectora que favorece la cicatrizaci\u00f3n de la piel y ayuda a detener el sangrado. Esta propiedad la hace particularmente \u00fatil para tratar afecciones de la piel, como eccemas, para restaurar el tono de los vasos sangu\u00edneos en venas varicosas y para calmar las hemorroides.<\/p>\n<p><strong>Humectante<\/strong><br \/>\nUn estudio del Departamento de Dermatolog\u00eda de Luebeck del Hospital Universitario en Alemania ofreci\u00f3 tratamiento a ni\u00f1os con trastornos y lesiones en la piel usando una pomada de hamamelis y se descubri\u00f3 que era tan seguro y efectivo como el dexpantenol. El dexpantenol es un medicamento recetado que se utiliza como humectante para hidratar el estrato c\u00f3rneo o la capa exterior de la piel, para reducir la p\u00e9rdida de agua y conservar la suavidad y elasticidad de la piel.<\/p>\n<p><strong>Da\u00f1o ocasionado por el sol<\/strong><br \/>\nOtro uso tradicional del hamamelis es para tratar las quemaduras del sol y evitar la descamaci\u00f3n y el pelado de la piel. Dos estudios diferentes realizados en el Instituto de Investigaci\u00f3n Dermatol\u00f3gica y Desarrollo BioSkin en Alemania prestaron atenci\u00f3n a las propiedades de protecci\u00f3n solar del hamamelis. El primero, realizado en 1998, trat\u00f3 a pacientes sanos con una loci\u00f3n al 10 % de hamamelis luego de exposici\u00f3n a dosis de UVB, y el segundo, realizado en 2002, trat\u00f3 a voluntarios sanos con la loci\u00f3n luego de la exposici\u00f3n a radiaci\u00f3n UVA. En ambos casos, la loci\u00f3n produjo una significativa supresi\u00f3n del enrojecimiento o la quemadura de la piel producida por la exposici\u00f3n a la radiaci\u00f3n.<\/p>\n","protected":false},"excerpt":{"rendered":"<p>Hamamelis \u00bfCu\u00e1les son los beneficios del hamamelis para el cuidado de la piel? El hamamelis es un extracto de las hojas y la corteza del arbusto norteamericano de Hamamelis virginiana. Hist\u00f3ricamente, se ha usado en varios tratamientos de la medicina popular. Seg\u00fan Drugs.com, hay m\u00e1s de 30 usos tradicionales del hamamelis, entre ellos, para tratar [&hellip;]\n","protected":false},"author":1,"featured_media":0,"parent":0,"menu_order":0,"comment_status":"closed","ping_status":"closed","template":"","meta":{"footnotes":""},"_links":{"self":[{"href":"https:\/\/seacare.com\/es\/wp-json\/wp\/v2\/pages\/5082"}],"collection":[{"href":"https:\/\/seacare.com\/es\/wp-json\/wp\/v2\/pages"}],"about":[{"href":"https:\/\/seacare.com\/es\/wp-json\/wp\/v2\/types\/page"}],"author":[{"embeddable":true,"href":"https:\/\/seacare.com\/es\/wp-json\/wp\/v2\/users\/1"}],"replies":[{"embeddable":true,"href":"https:\/\/seacare.com\/es\/wp-json\/wp\/v2\/comments?post=5082"}],"version-history":[{"count":0,"href":"https:\/\/seacare.com\/es\/wp-json\/wp\/v2\/pages\/5082\/revisions"}],"wp:attachment":[{"href":"https:\/\/seacare.com\/es\/wp-json\/wp\/v2\/media?parent=5082"}],"curies":[{"name":"wp","href":"https:\/\/api.w.org\/{rel}","templated":true}]}}