{"id":38679,"date":"2020-07-16T10:40:13","date_gmt":"2021-05-25T13:15:31","guid":{"rendered":"https:\/\/seacare.com\/ru\/?post_type=product&#038;p=38679"},"modified":"2021-05-25T16:28:04","modified_gmt":"2021-05-25T13:28:04","slug":"acondicionador-de-peloides-para-hombres-400-ml-seasare","status":"publish","type":"product","link":"https:\/\/seacare.com\/es\/producto\/acondicionador-de-peloides-para-hombres-400-ml-seasare\/","title":{"rendered":"Acondicionador de Peloides para Hombres, 400 ml, Sea\u0421are"},"content":{"rendered":"<p>El Acondicionador de Peloides para Hombres SeaCare sirve para finalizar el efecto de nutrici\u00f3n y lavado minucioso del champ\u00fa de peloides para hombres SeaCare. El acondicionador envuelve cada cabello en una capa nutritiva, protegi\u00e9ndolo contra los da\u00f1os clim\u00e1ticos. Su f\u00f3rmula est\u00e1 enriquecida con minerales del mar Muerto y con Abil Soft AF300, un agente que protege el cabello y lo deja brillante, liso, el\u00e1stico y d\u00f3cil. El acondicionador elaborado a base del piloide del mar Muerto enriquece el cabello y el cuero cabelludo con minerales, fortalece y mejora su elasticidad. Su composici\u00f3n tambi\u00e9n incluye el aceite de almendra, un ingrediente natural que hidrata y suaviza muy bien el cabello. El Acondicionador de Peloides para Hombres SeaCare deja el pelo limpio, fresco, flexible y sano. Se puede usar diariamente, manteniendo el cabello liso y fuerte, con un aroma muy agradable y suave. Su uso regular fortalece el cabello y ayuda a prevenir sus da\u00f1os.<\/p>\n<p><strong>Modo de empleo:<\/strong> Aplicar en el cabello despu\u00e9s de usar el Champ\u00fa de Peloides para Hombres SeaCare, esperar 2 minutos y lavar minuciosamente.<\/p>\n<h3>Ingredientes clave<\/h3>\n<div class=\"row\"  id=\"row-89921474\">\n<div class=\"col medium-6 small-12 large-6\"  ><div class=\"col-inner\"  >\n<div class=\"row\"  id=\"row-1006513058\">\n<div class=\"col medium-3 small-12 large-3\"  ><div class=\"col-inner\"  >\n<p>\n    <div class=\"img has-hover x md-x lg-x y md-y lg-y\" id=\"image_1799036496\">\n                <div class=\"img-inner dark\" >\n        <img loading=\"lazy\" decoding=\"async\" width=\"500\" height=\"500\" src=\"https:\/\/seacare.com\/wp-content\/uploads\/2017\/03\/minerals-1.png\" class=\"attachment-large size-large\" alt=\"\" srcset=\"https:\/\/seacare.com\/wp-content\/uploads\/2017\/03\/minerals-1.png 500w, https:\/\/seacare.com\/wp-content\/uploads\/2017\/03\/minerals-1-280x280.png 280w, https:\/\/seacare.com\/wp-content\/uploads\/2017\/03\/minerals-1-400x400.png 400w, https:\/\/seacare.com\/wp-content\/uploads\/2017\/03\/minerals-1-180x180.png 180w, https:\/\/seacare.com\/wp-content\/uploads\/2017\/03\/minerals-1-300x300.png 300w\" sizes=\"(max-width: 500px) 100vw, 500px\" \/>                \n            <\/div>\n                   \n<style scope=\"scope\">\n\n<\/style>\n    <\/div>\n    \n<\/div><\/div>\n<div class=\"col medium-9 small-12 large-9\"  ><div class=\"col-inner\"  >\n<h4>Minerales del Mar Muerto<\/h4>\n<p>En total, el Mar Muerto contiene m\u00e1s de 20 minerales, que han demostrado su capacidad para embellecer la piel y mantenerla saludable y joven. Asimismo, a orillas del Mar Muerto crecen <a href=\"\/es\/minerales-del-mar-muerto\/\">Detallado&#8230;<\/a><\/p>\n<\/div><\/div>\n<\/div>\n<\/div><\/div>\n<div class=\"col medium-6 small-12 large-6\"  ><div class=\"col-inner\"  >\n<div class=\"row\"  id=\"row-921196254\">\n<div class=\"col medium-3 small-12 large-3\"  ><div class=\"col-inner\"  >\n<p>\n    <div class=\"img has-hover x md-x lg-x y md-y lg-y\" id=\"image_1255944141\">\n                <div class=\"img-inner dark\" >\n        <img loading=\"lazy\" decoding=\"async\" width=\"500\" height=\"500\" src=\"https:\/\/seacare.com\/wp-content\/uploads\/2021\/05\/\u0413\u0440\u044f\u0437\u044c.png\" class=\"attachment-large size-large\" alt=\"\" srcset=\"https:\/\/seacare.com\/wp-content\/uploads\/2021\/05\/\u0413\u0440\u044f\u0437\u044c.png 500w, https:\/\/seacare.com\/wp-content\/uploads\/2021\/05\/\u0413\u0440\u044f\u0437\u044c-247x247.png 247w, https:\/\/seacare.com\/wp-content\/uploads\/2021\/05\/\u0413\u0440\u044f\u0437\u044c-400x400.png 400w, https:\/\/seacare.com\/wp-content\/uploads\/2021\/05\/\u0413\u0440\u044f\u0437\u044c-180x180.png 180w\" sizes=\"(max-width: 500px) 100vw, 500px\" \/>                \n            <\/div>\n                   \n<style scope=\"scope\">\n\n<\/style>\n    <\/div>\n    \n<\/div><\/div>\n<div class=\"col medium-9 small-12 large-9\"  ><div class=\"col-inner\"  >\n<h4>Peloides del mar Muerto<\/h4>\n<p>El peloide del mar Muerto se usa para curar enfermedades como la psoriasis, la artritis, el acn\u00e9 o los dolores cr\u00f3nicos de espalda. Muchos estudios demuestran que el peloide <a href=\"\/es\/peloides-del-mar-muerto\/\">Detallado&#8230;<\/a><\/p>\n<\/div><\/div>\n<\/div>\n<\/div><\/div>\n<\/div>\n<div class=\"row\"  id=\"row-1837978936\">\n<div class=\"col medium-6 small-12 large-6\"  ><div class=\"col-inner\"  >\n<div class=\"row\"  id=\"row-504966990\">\n<div class=\"col medium-3 small-12 large-3\"  ><div class=\"col-inner\"  >\n<p>\n    <div class=\"img has-hover x md-x lg-x y md-y lg-y\" id=\"image_217180417\">\n                <div class=\"img-inner dark\" >\n        <img loading=\"lazy\" decoding=\"async\" width=\"500\" height=\"500\" src=\"https:\/\/seacare.com\/wp-content\/uploads\/2021\/05\/mindal.png\" class=\"attachment-large size-large\" alt=\"\" srcset=\"https:\/\/seacare.com\/wp-content\/uploads\/2021\/05\/mindal.png 500w, https:\/\/seacare.com\/wp-content\/uploads\/2021\/05\/mindal-247x247.png 247w, https:\/\/seacare.com\/wp-content\/uploads\/2021\/05\/mindal-400x400.png 400w, https:\/\/seacare.com\/wp-content\/uploads\/2021\/05\/mindal-180x180.png 180w\" sizes=\"(max-width: 500px) 100vw, 500px\" \/>                \n            <\/div>\n                   \n<style scope=\"scope\">\n\n<\/style>\n    <\/div>\n    \n<\/div><\/div>\n<div class=\"col medium-9 small-12 large-9\"  ><div class=\"col-inner\"  >\n<h4>Aceite de almendra<\/h4>\n<p>Usar productos cosm\u00e9ticos naturales con extracto de aceite de almendra dulce en su rutina de belleza puede representar la diferencia entre un cabello da\u00f1ado y opaco, y mechones brillantes <a href=\"\/es\/aceite-de-almendra\/\">Detallado&#8230;<\/a><\/p>\n<\/div><\/div>\n<\/div>\n<\/div><\/div>\n<div class=\"col medium-6 small-12 large-6\"  ><div class=\"col-inner\"  >\n<div class=\"row\"  id=\"row-1744162845\">\n<div class=\"col medium-3 small-12 large-3\"  ><div class=\"col-inner\"  >\n<p>\n    <div class=\"img has-hover x md-x lg-x y md-y lg-y\" id=\"image_86375317\">\n                <div class=\"img-inner dark\" >\n        <img loading=\"lazy\" decoding=\"async\" width=\"500\" height=\"500\" src=\"https:\/\/seacare.com\/wp-content\/uploads\/2017\/03\/ABIL-Soft-AF-300.png\" class=\"attachment-large size-large\" alt=\"\" srcset=\"https:\/\/seacare.com\/wp-content\/uploads\/2017\/03\/ABIL-Soft-AF-300.png 500w, https:\/\/seacare.com\/wp-content\/uploads\/2017\/03\/ABIL-Soft-AF-300-280x280.png 280w, https:\/\/seacare.com\/wp-content\/uploads\/2017\/03\/ABIL-Soft-AF-300-400x400.png 400w, https:\/\/seacare.com\/wp-content\/uploads\/2017\/03\/ABIL-Soft-AF-300-180x180.png 180w, https:\/\/seacare.com\/wp-content\/uploads\/2017\/03\/ABIL-Soft-AF-300-300x300.png 300w\" sizes=\"(max-width: 500px) 100vw, 500px\" \/>                \n            <\/div>\n                   \n<style scope=\"scope\">\n\n<\/style>\n    <\/div>\n    \n<\/div><\/div>\n<div class=\"col medium-9 small-12 large-9\"  ><div class=\"col-inner\"  >\n<h4>ABIL\u00ae Soft AF 300<\/h4>\n<p>ABIL\u00ae Soft AF 300 es aminopropil dimeticona de alto rendimiento. Es una nueva aminosilicona de alto peso molecular para enjuagues acondicionadores. ABIL\u00ae Soft AF 300 ofrece <a href=\"\/es\/abil-soft-af-300\/\">Detallado&#8230;<\/a><\/p>\n<\/div><\/div>\n<\/div>\n<\/div><\/div>\n<\/div>\n<h3>Otros productos de la l\u00ednea<\/h3>\n\n  \n    <div class=\"row large-columns-4 medium-columns- small-columns-2 row-small slider row-slider slider-nav-reveal slider-nav-push\"  data-flickity-options='{\"imagesLoaded\": true, \"groupCells\": \"100%\", \"dragThreshold\" : 5, \"cellAlign\": \"left\",\"wrapAround\": true,\"prevNextButtons\": true,\"percentPosition\": true,\"pageDots\": false, \"rightToLeft\": false, \"autoPlay\" : false}'>\n\n  \t<\/div>\n<h3>Productos parecidos en otras l\u00edneas<\/h3>\n\n  \n    <div class=\"row large-columns-4 medium-columns- small-columns-2 row-small slider row-slider slider-nav-reveal slider-nav-push\"  data-flickity-options='{\"imagesLoaded\": true, \"groupCells\": \"100%\", \"dragThreshold\" : 5, \"cellAlign\": \"left\",\"wrapAround\": true,\"prevNextButtons\": true,\"percentPosition\": true,\"pageDots\": false, \"rightToLeft\": false, \"autoPlay\" : false}'>\n\n  \t\n\t            \t\t\t\t\t\n<div class=\"product-small col has-hover post-5164 product type-product status-publish has-post-thumbnail product_cat-acondicionadores product_cat-cosmeticos-del-mar-muerto product_cat-cuidado-capilar-es product_cat-linea-dead-sea-spa product_tag-belleza-del-cabello first instock shipping-taxable purchasable product-type-simple\">\n\t<div class=\"col-inner\">\t\n\t\n<div class=\"badge-container absolute left top z-1\">\n<\/div>\t<div class=\"product-small box \">\n\t\t<div class=\"box-image\">\n\t\t\t<div class=\"image-none\">\n\t\t\t\t<a href=\"https:\/\/seacare.com\/es\/producto\/acondicionador-de-lodo-mineral-400-ml-seacare\/\">\n\t\t\t\t\t<img loading=\"lazy\" decoding=\"async\" width=\"247\" height=\"300\" src=\"https:\/\/seacare.com\/wp-content\/uploads\/2017\/03\/1.-Mud-Condicioner-1-247x300.jpg\" class=\"attachment-shop_catalog size-shop_catalog wp-post-image\" alt=\"1. Mud Condicioner\" title=\"1. Mud Condicioner\" \/>\t\t\t\t<\/a>\n\t\t\t<\/div>\n\t\t\t<div class=\"image-tools is-small top right show-on-hover\">\n\t\t\t\t\t\t\t<\/div>\n\t\t\t<div class=\"image-tools is-small hide-for-small bottom left show-on-hover\">\n\t\t\t\t\t\t\t<\/div>\n\t\t\t<div class=\"image-tools grid-tools text-center hide-for-small bottom hover-slide-in show-on-hover\">\n\t\t\t\t  <a class=\"quick-view\" data-prod=\"5164\" href=\"#quick-view\">Vista R\u00e1pida<\/a>\t\t\t<\/div>\n\t\t\t\t\t<\/div><!-- box-image -->\n\n\t\t<div class=\"box-text box-text-products\">\n\t\t\t<div class=\"title-wrapper\">  <p class=\"category uppercase is-smaller no-text-overflow product-cat op-7\">\n        Acondicionadores   <\/p> <p class=\"name product-title\"><a href=\"https:\/\/seacare.com\/es\/producto\/acondicionador-de-lodo-mineral-400-ml-seacare\/\">Acondicionador de lodo mineral, 400 ml, SeaCare<\/a><\/p><\/div><div class=\"price-wrapper\">\n\t<span class=\"price\"><span class=\"woocommerce-Price-amount amount\"><span class=\"woocommerce-Price-currencySymbol\">&#36;<\/span>&nbsp;47.90<\/span><\/span>\n<\/div>\t\t<\/div><!-- box-text -->\n\t<\/div><!-- box -->\n\t\t<\/div><!-- .col-inner -->\n<\/div><!-- col -->\t            \t\t\t\t\t\n<div class=\"product-small col has-hover post-38662 product type-product status-publish has-post-thumbnail product_cat-champus product_cat-cosmeticos-organicos product_cat-cuidado-capilar-es product_cat-linea-organica-spa product_tag-belleza-del-cabello  instock shipping-taxable purchasable product-type-simple\">\n\t<div class=\"col-inner\">\t\n\t\n<div class=\"badge-container absolute left top z-1\">\n<\/div>\t<div class=\"product-small box \">\n\t\t<div class=\"box-image\">\n\t\t\t<div class=\"image-none\">\n\t\t\t\t<a href=\"https:\/\/seacare.com\/es\/producto\/champu-organico-nutritivo-250-ml-seacare\/\">\n\t\t\t\t\t<img loading=\"lazy\" decoding=\"async\" width=\"247\" height=\"300\" src=\"https:\/\/seacare.com\/wp-content\/uploads\/2020\/06\/Organic-Care-Nourishing-Shampoo-SC-1-copy-247x300.jpg\" class=\"attachment-shop_catalog size-shop_catalog wp-post-image\" alt=\"Organic Care Nourishing Shampoo Gel \u041b\u0435\u0442\u0443\u0430\u043b\u044c\" title=\"Organic Care Nourishing Shampoo Gel \u041b\u0435\u0442\u0443\u0430\u043b\u044c\" \/>\t\t\t\t<\/a>\n\t\t\t<\/div>\n\t\t\t<div class=\"image-tools is-small top right show-on-hover\">\n\t\t\t\t\t\t\t<\/div>\n\t\t\t<div class=\"image-tools is-small hide-for-small bottom left show-on-hover\">\n\t\t\t\t\t\t\t<\/div>\n\t\t\t<div class=\"image-tools grid-tools text-center hide-for-small bottom hover-slide-in show-on-hover\">\n\t\t\t\t  <a class=\"quick-view\" data-prod=\"38662\" href=\"#quick-view\">Vista R\u00e1pida<\/a>\t\t\t<\/div>\n\t\t\t\t\t<\/div><!-- box-image -->\n\n\t\t<div class=\"box-text box-text-products\">\n\t\t\t<div class=\"title-wrapper\">  <p class=\"category uppercase is-smaller no-text-overflow product-cat op-7\">\n        Champ\u00fas   <\/p> <p class=\"name product-title\"><a href=\"https:\/\/seacare.com\/es\/producto\/champu-organico-nutritivo-250-ml-seacare\/\">Champ\u00fa org\u00e1nico nutritivo, 250 ml, SeaCare<\/a><\/p><\/div><div class=\"price-wrapper\">\n\t<span class=\"price\"><span class=\"woocommerce-Price-amount amount\"><span class=\"woocommerce-Price-currencySymbol\">&#36;<\/span>&nbsp;45.90<\/span><\/span>\n<\/div>\t\t<\/div><!-- box-text -->\n\t<\/div><!-- box -->\n\t\t<\/div><!-- .col-inner -->\n<\/div><!-- col -->\t            \t\t\t\t\t\n<div class=\"product-small col has-hover post-5155 product type-product status-publish has-post-thumbnail product_cat-champus product_cat-cosmeticos-del-mar-muerto product_cat-cuidado-capilar-es product_cat-linea-dead-sea-spa product_tag-belleza-del-cabello  instock shipping-taxable purchasable product-type-simple\">\n\t<div class=\"col-inner\">\t\n\t\n<div class=\"badge-container absolute left top z-1\">\n<\/div>\t<div class=\"product-small box \">\n\t\t<div class=\"box-image\">\n\t\t\t<div class=\"image-none\">\n\t\t\t\t<a href=\"https:\/\/seacare.com\/es\/producto\/champu-de-lodo-mineral-400-ml-seacare\/\">\n\t\t\t\t\t<img loading=\"lazy\" decoding=\"async\" width=\"247\" height=\"300\" src=\"https:\/\/seacare.com\/wp-content\/uploads\/2017\/03\/1.-Mud-Shampoo-\u043a\u043e\u043f\u0438\u044f-247x300.jpg\" class=\"attachment-shop_catalog size-shop_catalog wp-post-image\" alt=\"1. Mud Shampoo \u043a\u043e\u043f\u0438\u044f\" title=\"1. Mud Shampoo \u043a\u043e\u043f\u0438\u044f\" \/>\t\t\t\t<\/a>\n\t\t\t<\/div>\n\t\t\t<div class=\"image-tools is-small top right show-on-hover\">\n\t\t\t\t\t\t\t<\/div>\n\t\t\t<div class=\"image-tools is-small hide-for-small bottom left show-on-hover\">\n\t\t\t\t\t\t\t<\/div>\n\t\t\t<div class=\"image-tools grid-tools text-center hide-for-small bottom hover-slide-in show-on-hover\">\n\t\t\t\t  <a class=\"quick-view\" data-prod=\"5155\" href=\"#quick-view\">Vista R\u00e1pida<\/a>\t\t\t<\/div>\n\t\t\t\t\t<\/div><!-- box-image -->\n\n\t\t<div class=\"box-text box-text-products\">\n\t\t\t<div class=\"title-wrapper\">  <p class=\"category uppercase is-smaller no-text-overflow product-cat op-7\">\n        Champ\u00fas   <\/p> <p class=\"name product-title\"><a href=\"https:\/\/seacare.com\/es\/producto\/champu-de-lodo-mineral-400-ml-seacare\/\">Champ\u00fa de lodo mineral, 400 ml, SeaCare<\/a><\/p><\/div><div class=\"price-wrapper\">\n\t<span class=\"price\"><span class=\"woocommerce-Price-amount amount\"><span class=\"woocommerce-Price-currencySymbol\">&#36;<\/span>&nbsp;44.90<\/span><\/span>\n<\/div>\t\t<\/div><!-- box-text -->\n\t<\/div><!-- box -->\n\t\t<\/div><!-- .col-inner -->\n<\/div><!-- col -->\t            \t\t\t\t\t\n<div class=\"product-small col has-hover post-5177 product type-product status-publish has-post-thumbnail product_cat-cosmeticos-del-mar-muerto product_cat-cuidado-capilar-es product_cat-linea-dead-sea-spa product_cat-mascarillas product_tag-belleza-del-cabello last instock shipping-taxable purchasable product-type-simple\">\n\t<div class=\"col-inner\">\t\n\t\n<div class=\"badge-container absolute left top z-1\">\n<\/div>\t<div class=\"product-small box \">\n\t\t<div class=\"box-image\">\n\t\t\t<div class=\"image-none\">\n\t\t\t\t<a href=\"https:\/\/seacare.com\/es\/producto\/mascara-capilar-de-lodo-250-ml-seacare\/\">\n\t\t\t\t\t<img loading=\"lazy\" decoding=\"async\" width=\"247\" height=\"300\" src=\"https:\/\/seacare.com\/wp-content\/uploads\/2017\/03\/1.Hair_Mud_Mask_1-\u043a\u043e\u043f\u0438\u044f-247x300.jpg\" class=\"attachment-shop_catalog size-shop_catalog wp-post-image\" alt=\"1.Hair_Mud_Mask_1 \u043a\u043e\u043f\u0438\u044f\" title=\"1.Hair_Mud_Mask_1 \u043a\u043e\u043f\u0438\u044f\" \/>\t\t\t\t<\/a>\n\t\t\t<\/div>\n\t\t\t<div class=\"image-tools is-small top right show-on-hover\">\n\t\t\t\t\t\t\t<\/div>\n\t\t\t<div class=\"image-tools is-small hide-for-small bottom left show-on-hover\">\n\t\t\t\t\t\t\t<\/div>\n\t\t\t<div class=\"image-tools grid-tools text-center hide-for-small bottom hover-slide-in show-on-hover\">\n\t\t\t\t  <a class=\"quick-view\" data-prod=\"5177\" href=\"#quick-view\">Vista R\u00e1pida<\/a>\t\t\t<\/div>\n\t\t\t\t\t<\/div><!-- box-image -->\n\n\t\t<div class=\"box-text box-text-products\">\n\t\t\t<div class=\"title-wrapper\">  <p class=\"category uppercase is-smaller no-text-overflow product-cat op-7\">\n        Cosm\u00e9ticos del mar Muerto   <\/p> <p class=\"name product-title\"><a href=\"https:\/\/seacare.com\/es\/producto\/mascara-capilar-de-lodo-250-ml-seacare\/\">M\u00e1scara capilar de lodo, 250 ml, SeaCare<\/a><\/p><\/div><div class=\"price-wrapper\">\n\t<span class=\"price\"><span class=\"woocommerce-Price-amount amount\"><span class=\"woocommerce-Price-currencySymbol\">&#36;<\/span>&nbsp;45.90<\/span><\/span>\n<\/div>\t\t<\/div><!-- box-text -->\n\t<\/div><!-- box -->\n\t\t<\/div><!-- .col-inner -->\n<\/div><!-- col -->\t            \n\t        <\/div>\n","protected":false},"excerpt":{"rendered":"<p>para todos los tipos de la piel<br \/>\n400 ml &#8211; 13.52 fl.oz.<\/p>\n","protected":false},"featured_media":59253,"comment_status":"open","ping_status":"closed","template":"","meta":[],"_links":{"self":[{"href":"https:\/\/seacare.com\/es\/wp-json\/wp\/v2\/product\/38679"}],"collection":[{"href":"https:\/\/seacare.com\/es\/wp-json\/wp\/v2\/product"}],"about":[{"href":"https:\/\/seacare.com\/es\/wp-json\/wp\/v2\/types\/product"}],"replies":[{"embeddable":true,"href":"https:\/\/seacare.com\/es\/wp-json\/wp\/v2\/comments?post=38679"}],"wp:featuredmedia":[{"embeddable":true,"href":"https:\/\/seacare.com\/es\/wp-json\/wp\/v2\/media\/59253"}],"wp:attachment":[{"href":"https:\/\/seacare.com\/es\/wp-json\/wp\/v2\/media?parent=38679"}],"curies":[{"name":"wp","href":"https:\/\/api.w.org\/{rel}","templated":true}]}}