{"id":38733,"date":"2020-07-16T09:55:23","date_gmt":"2021-05-25T13:54:11","guid":{"rendered":"https:\/\/seacare.com\/ru\/?post_type=product&#038;p=38733"},"modified":"2021-05-25T17:00:19","modified_gmt":"2021-05-25T14:00:19","slug":"crema-de-manos-para-hombres-150-ml-seacare","status":"publish","type":"product","link":"https:\/\/seacare.com\/es\/producto\/crema-de-manos-para-hombres-150-ml-seacare\/","title":{"rendered":"Crema de Manos para Hombres, 150 ml, SeaCare"},"content":{"rendered":"<p>La Crema de Manos para Hombres SeaCare es un producto excepcionalmente enriquecido que contiene combinaciones de agentes, minerales y aceites naturales minuciosamente seleccionados. Su f\u00f3rmula est\u00e1 enriquecida con minerales del mar Muerto y DuraQuench IQ, un complejo hidratante eficaz que recupera la barrera lip\u00eddica en la superficie de la piel hasta alcanzar la norma. Con una estructura ligera y una gran facilidad para la absorci\u00f3n, la crema contiene el extracto de aloe vera, un ingrediente natural que produce en la piel un efecto antiinflamatorio, antimicrobiano, antipruriginoso y calmante; el aceite de oliva, un potente antioxidante que nutre la piel y la protege contra los da\u00f1os; aceites de karit\u00e9, almendra y escualano, unos ingredientes naturales eficaces que hidratan y suavizan la piel; y Dermosoft GMCY, un extracto vegetal natural al 100% que combina propiedades antimicrobianas e hidratantes. La Crema de Manos para Hombres SeaCare hidrata, relaja y calma la piel cansada, haci\u00e9ndola suave, blanda y lisa.<\/p>\n<p><strong>Modo de empleo: <\/strong>Aplicar en las manos dando un masaje con movimientos circulares hasta que se absorba del todo.<\/p>\n<h3>Ingredientes clave<\/h3>\n<div class=\"row\"  id=\"row-8777284\">\n<div class=\"col medium-6 small-12 large-6\"  ><div class=\"col-inner\"  >\n<div class=\"row\"  id=\"row-1243881065\">\n<div class=\"col medium-3 small-12 large-3\"  ><div class=\"col-inner\"  >\n    <div class=\"img has-hover x md-x lg-x y md-y lg-y\" id=\"image_2083235897\">\n                <div class=\"img-inner dark\" >\n        <img loading=\"lazy\" decoding=\"async\" width=\"500\" height=\"500\" src=\"https:\/\/seacare.com\/wp-content\/uploads\/2017\/03\/minerals-1.png\" class=\"attachment-large size-large\" alt=\"\" srcset=\"https:\/\/seacare.com\/wp-content\/uploads\/2017\/03\/minerals-1.png 500w, https:\/\/seacare.com\/wp-content\/uploads\/2017\/03\/minerals-1-280x280.png 280w, https:\/\/seacare.com\/wp-content\/uploads\/2017\/03\/minerals-1-400x400.png 400w, https:\/\/seacare.com\/wp-content\/uploads\/2017\/03\/minerals-1-180x180.png 180w, https:\/\/seacare.com\/wp-content\/uploads\/2017\/03\/minerals-1-300x300.png 300w\" sizes=\"(max-width: 500px) 100vw, 500px\" \/>                \n            <\/div>\n                   \n<style scope=\"scope\">\n\n<\/style>\n    <\/div>\n    \n<\/div><\/div>\n<div class=\"col medium-9 small-12 large-9\"  ><div class=\"col-inner\"  >\n<h4>Minerales del Mar Muerto<\/h4>\n<p>En total, el Mar Muerto contiene m\u00e1s de 20 minerales, que han demostrado su capacidad para embellecer la piel y mantenerla saludable y joven. Asimismo, a orillas del Mar Muerto crecen <a href=\"\/es\/minerales-del-mar-muerto\/\">Detallado&#8230;<\/a><\/p>\n<\/div><\/div>\n<\/div>\n<\/div><\/div>\n<div class=\"col medium-6 small-12 large-6\"  ><div class=\"col-inner\"  >\n<div class=\"row\"  id=\"row-760702086\">\n<div class=\"col medium-3 small-12 large-3\"  ><div class=\"col-inner\"  >\n    <div class=\"img has-hover x md-x lg-x y md-y lg-y\" id=\"image_2070279346\">\n                <div class=\"img-inner dark\" >\n        <img loading=\"lazy\" decoding=\"async\" width=\"500\" height=\"500\" src=\"https:\/\/seacare.com\/wp-content\/uploads\/2017\/03\/aloe.png\" class=\"attachment-large size-large\" alt=\"\" srcset=\"https:\/\/seacare.com\/wp-content\/uploads\/2017\/03\/aloe.png 500w, https:\/\/seacare.com\/wp-content\/uploads\/2017\/03\/aloe-280x280.png 280w, https:\/\/seacare.com\/wp-content\/uploads\/2017\/03\/aloe-400x400.png 400w, https:\/\/seacare.com\/wp-content\/uploads\/2017\/03\/aloe-180x180.png 180w, https:\/\/seacare.com\/wp-content\/uploads\/2017\/03\/aloe-300x300.png 300w\" sizes=\"(max-width: 500px) 100vw, 500px\" \/>                \n            <\/div>\n                   \n<style scope=\"scope\">\n\n<\/style>\n    <\/div>\n    \n<\/div><\/div>\n<div class=\"col medium-9 small-12 large-9\"  ><div class=\"col-inner\"  >\n<h4>Aloe vera<\/h4>\n<p>El aloe vera es un cactus que pertenece a la familia de las lili\u00e1ceas. Crece en climas secos, como los climas de algunas partes de \u00c1frica e India y se le ha dado un uso medicinal durante siglos. <a href=\"\/es\/aloe-vera\/\">Detallado&#8230;<\/a><\/p>\n<\/div><\/div>\n<\/div>\n<\/div><\/div>\n<\/div>\n<div class=\"row\"  id=\"row-1399610478\">\n<div class=\"col medium-6 small-12 large-6\"  ><div class=\"col-inner\"  >\n<div class=\"row\"  id=\"row-1578603554\">\n<div class=\"col medium-3 small-12 large-3\"  ><div class=\"col-inner\"  >\n    <div class=\"img has-hover x md-x lg-x y md-y lg-y\" id=\"image_690852074\">\n                <div class=\"img-inner dark\" >\n        <img loading=\"lazy\" decoding=\"async\" width=\"500\" height=\"500\" src=\"https:\/\/seacare.com\/wp-content\/uploads\/2017\/03\/olive.png\" class=\"attachment-large size-large\" alt=\"\u041e\u043b\u0438\u0432\u043a\u043e\u0432\u043e\u0435 \u041c\u0430\u0441\u043b\u043e\" srcset=\"https:\/\/seacare.com\/wp-content\/uploads\/2017\/03\/olive.png 500w, https:\/\/seacare.com\/wp-content\/uploads\/2017\/03\/olive-280x280.png 280w, https:\/\/seacare.com\/wp-content\/uploads\/2017\/03\/olive-400x400.png 400w, https:\/\/seacare.com\/wp-content\/uploads\/2017\/03\/olive-180x180.png 180w, https:\/\/seacare.com\/wp-content\/uploads\/2017\/03\/olive-300x300.png 300w\" sizes=\"(max-width: 500px) 100vw, 500px\" \/>                \n            <\/div>\n                   \n<style scope=\"scope\">\n\n<\/style>\n    <\/div>\n    \n<\/div><\/div>\n<div class=\"col medium-9 small-12 large-9\"  ><div class=\"col-inner\"  >\n<h4>Aceite de oliva<\/h4>\n<p>Los beneficios del aceite de oliva para la piel se conocen desde la \u00e9poca de nuestros ancestros. Los fenicios, egipcios, griegos y romanos lo usaban como remedio contra el envejecimiento.<a href=\"\/es\/aceite-de-oliva\/\">Detallado&#8230;<\/a><\/p>\n<\/div><\/div>\n<\/div>\n<\/div><\/div>\n<div class=\"col medium-6 small-12 large-6\"  ><div class=\"col-inner\"  >\n<div class=\"row\"  id=\"row-1016007338\">\n<div class=\"col medium-3 small-12 large-3\"  ><div class=\"col-inner\"  >\n    <div class=\"img has-hover x md-x lg-x y md-y lg-y\" id=\"image_948371099\">\n                <div class=\"img-inner dark\" >\n        <img loading=\"lazy\" decoding=\"async\" width=\"624\" height=\"625\" src=\"https:\/\/seacare.com\/wp-content\/uploads\/2021\/05\/DuraQuench.png\" class=\"attachment-large size-large\" alt=\"\" srcset=\"https:\/\/seacare.com\/wp-content\/uploads\/2021\/05\/DuraQuench.png 624w, https:\/\/seacare.com\/wp-content\/uploads\/2021\/05\/DuraQuench-247x247.png 247w, https:\/\/seacare.com\/wp-content\/uploads\/2021\/05\/DuraQuench-399x400.png 399w, https:\/\/seacare.com\/wp-content\/uploads\/2021\/05\/DuraQuench-180x180.png 180w, https:\/\/seacare.com\/wp-content\/uploads\/2021\/05\/DuraQuench-600x600.png 600w\" sizes=\"(max-width: 624px) 100vw, 624px\" \/>                \n            <\/div>\n                   \n<style scope=\"scope\">\n\n<\/style>\n    <\/div>\n    \n<\/div><\/div>\n<div class=\"col medium-9 small-12 large-9\"  ><div class=\"col-inner\"  >\n<h4>DuraQuench\u2122 IQ<\/h4>\n<p>DuraQuench\u2122 IQ es un complejo hidratante eficaz que usa un mecanismo doble para formar una capa estructural inteligente en la superficie de la piel, regulando la deshidrataci\u00f3n <a href=\"\/es\/duraquench-iq\/\">Detallado&#8230;<\/a><\/p>\n<\/div><\/div>\n<\/div>\n<\/div><\/div>\n<\/div>\n<div class=\"row\"  id=\"row-1372549465\">\n<div class=\"col medium-6 small-12 large-6\"  ><div class=\"col-inner\"  >\n<div class=\"row\"  id=\"row-442930601\">\n<div class=\"col medium-3 small-12 large-3\"  ><div class=\"col-inner\"  >\n    <div class=\"img has-hover x md-x lg-x y md-y lg-y\" id=\"image_1992431592\">\n                <div class=\"img-inner dark\" >\n        <img loading=\"lazy\" decoding=\"async\" width=\"500\" height=\"500\" src=\"https:\/\/seacare.com\/wp-content\/uploads\/2017\/03\/shea.png\" class=\"attachment-large size-large\" alt=\"\" srcset=\"https:\/\/seacare.com\/wp-content\/uploads\/2017\/03\/shea.png 500w, https:\/\/seacare.com\/wp-content\/uploads\/2017\/03\/shea-280x280.png 280w, https:\/\/seacare.com\/wp-content\/uploads\/2017\/03\/shea-400x400.png 400w, https:\/\/seacare.com\/wp-content\/uploads\/2017\/03\/shea-180x180.png 180w, https:\/\/seacare.com\/wp-content\/uploads\/2017\/03\/shea-300x300.png 300w\" sizes=\"(max-width: 500px) 100vw, 500px\" \/>                \n            <\/div>\n                   \n<style scope=\"scope\">\n\n<\/style>\n    <\/div>\n    \n<\/div><\/div>\n<div class=\"col medium-9 small-12 large-9\"  ><div class=\"col-inner\"  >\n<h4>Manteca de karit\u00e9<\/h4>\n<p>La manteca de karit\u00e9 ha demostrado ser un humectante superior, con propiedades cicatrizantes excepcionales para la piel. La vitamina A en la manteca de karit\u00e9 es importante <a href=\"\/es\/manteca-de-karite\/\">Detallado&#8230;<\/a><\/p>\n<\/div><\/div>\n<\/div>\n<\/div><\/div>\n<div class=\"col medium-6 small-12 large-6\"  ><div class=\"col-inner\"  >\n<div class=\"row\"  id=\"row-1394008101\">\n<div class=\"col medium-3 small-12 large-3\"  ><div class=\"col-inner\"  >\n    <div class=\"img has-hover x md-x lg-x y md-y lg-y\" id=\"image_2029100298\">\n                <div class=\"img-inner dark\" >\n        <img loading=\"lazy\" decoding=\"async\" width=\"500\" height=\"500\" src=\"https:\/\/seacare.com\/wp-content\/uploads\/2021\/05\/Squalin2png.png\" class=\"attachment-large size-large\" alt=\"\" srcset=\"https:\/\/seacare.com\/wp-content\/uploads\/2021\/05\/Squalin2png.png 500w, https:\/\/seacare.com\/wp-content\/uploads\/2021\/05\/Squalin2png-247x247.png 247w, https:\/\/seacare.com\/wp-content\/uploads\/2021\/05\/Squalin2png-400x400.png 400w, https:\/\/seacare.com\/wp-content\/uploads\/2021\/05\/Squalin2png-180x180.png 180w\" sizes=\"(max-width: 500px) 100vw, 500px\" \/>                \n            <\/div>\n                   \n<style scope=\"scope\">\n\n<\/style>\n    <\/div>\n    \n<\/div><\/div>\n<div class=\"col medium-9 small-12 large-9\"  ><div class=\"col-inner\"  >\n<h4>Aceite de escualano<\/h4>\n<p>El aceite de escualano es un hidratante excelente que deja la piel blanda y suave. El aceite de escualano ayuda a proteger la piel contra los radicales libres capaces de causar las manchas <a href=\"\/es\/aceite-de-escualano\/\">Detallado&#8230;<\/a><\/p>\n<\/div><\/div>\n<\/div>\n<\/div><\/div>\n<\/div>\n<div class=\"row\"  id=\"row-1730075717\">\n<div class=\"col medium-6 small-12 large-6\"  ><div class=\"col-inner\"  >\n<div class=\"row\"  id=\"row-146490143\">\n<div class=\"col medium-3 small-12 large-3\"  ><div class=\"col-inner\"  >\n    <div class=\"img has-hover x md-x lg-x y md-y lg-y\" id=\"image_1437024611\">\n                <div class=\"img-inner dark\" >\n        <img loading=\"lazy\" decoding=\"async\" width=\"500\" height=\"500\" src=\"https:\/\/seacare.com\/wp-content\/uploads\/2021\/05\/Dermosoft\u00ae-GMCY.png\" class=\"attachment-large size-large\" alt=\"\" srcset=\"https:\/\/seacare.com\/wp-content\/uploads\/2021\/05\/Dermosoft\u00ae-GMCY.png 500w, https:\/\/seacare.com\/wp-content\/uploads\/2021\/05\/Dermosoft\u00ae-GMCY-247x247.png 247w, https:\/\/seacare.com\/wp-content\/uploads\/2021\/05\/Dermosoft\u00ae-GMCY-400x400.png 400w, https:\/\/seacare.com\/wp-content\/uploads\/2021\/05\/Dermosoft\u00ae-GMCY-180x180.png 180w\" sizes=\"(max-width: 500px) 100vw, 500px\" \/>                \n            <\/div>\n                   \n<style scope=\"scope\">\n\n<\/style>\n    <\/div>\n    \n<\/div><\/div>\n<div class=\"col medium-9 small-12 large-9\"  ><div class=\"col-inner\"  >\n<h4>Dermosoft\u00ae GMCY<\/h4>\n<p>Dermosoft\u00ae GMCY destaca por sus propiedades hidratantes y reductoras. Ayuda a aumentar y mantener la hidrataci\u00f3n y el equilibrio de la piel. Adem\u00e1s, gracias a su intensa actividad <a href=\"\/es\/dermosoft-gmcy\/\">Detallado&#8230;<\/a><\/p>\n<\/div><\/div>\n<\/div>\n<\/div><\/div>\n<\/div>\n<h3>Otros productos de la l\u00ednea<\/h3>\n\n  \n    <div class=\"row large-columns-4 medium-columns- small-columns-2 row-small slider row-slider slider-nav-reveal slider-nav-push\"  data-flickity-options='{\"imagesLoaded\": true, \"groupCells\": \"100%\", \"dragThreshold\" : 5, \"cellAlign\": \"left\",\"wrapAround\": true,\"prevNextButtons\": true,\"percentPosition\": true,\"pageDots\": false, \"rightToLeft\": false, \"autoPlay\" : false}'>\n\n  \t<\/div>\n<h3>Productos parecidos en otras l\u00edneas<\/h3>\n\n  \n    <div class=\"row large-columns-4 medium-columns- small-columns-2 row-small slider row-slider slider-nav-reveal slider-nav-push\"  data-flickity-options='{\"imagesLoaded\": true, \"groupCells\": \"100%\", \"dragThreshold\" : 5, \"cellAlign\": \"left\",\"wrapAround\": true,\"prevNextButtons\": true,\"percentPosition\": true,\"pageDots\": false, \"rightToLeft\": false, \"autoPlay\" : false}'>\n\n  \t\n\t            \t\t\t\t\t\n<div class=\"product-small col has-hover post-5205 product type-product status-publish has-post-thumbnail product_cat-cosmeticos-del-mar-muerto product_cat-crema-para-manos-y-pies product_cat-cuidado-corporal-es product_cat-linea-dead-sea-spa product_tag-hermosa-piel product_tag-piel-tersa first instock shipping-taxable purchasable product-type-simple\">\n\t<div class=\"col-inner\">\t\n\t\n<div class=\"badge-container absolute left top z-1\">\n<\/div>\t<div class=\"product-small box \">\n\t\t<div class=\"box-image\">\n\t\t\t<div class=\"image-none\">\n\t\t\t\t<a href=\"https:\/\/seacare.com\/es\/producto\/crema-de-manos-150-ml-seacare\/\">\n\t\t\t\t\t<img loading=\"lazy\" decoding=\"async\" width=\"247\" height=\"300\" src=\"https:\/\/seacare.com\/wp-content\/uploads\/2017\/03\/1.-Hand-Cream-\u043a\u043e\u043f\u0438\u044f-247x300.jpg\" class=\"attachment-shop_catalog size-shop_catalog wp-post-image\" alt=\"1. Hand Cream \u043a\u043e\u043f\u0438\u044f\" title=\"1. Hand Cream \u043a\u043e\u043f\u0438\u044f\" \/>\t\t\t\t<\/a>\n\t\t\t<\/div>\n\t\t\t<div class=\"image-tools is-small top right show-on-hover\">\n\t\t\t\t\t\t\t<\/div>\n\t\t\t<div class=\"image-tools is-small hide-for-small bottom left show-on-hover\">\n\t\t\t\t\t\t\t<\/div>\n\t\t\t<div class=\"image-tools grid-tools text-center hide-for-small bottom hover-slide-in show-on-hover\">\n\t\t\t\t  <a class=\"quick-view\" data-prod=\"5205\" href=\"#quick-view\">Vista R\u00e1pida<\/a>\t\t\t<\/div>\n\t\t\t\t\t<\/div><!-- box-image -->\n\n\t\t<div class=\"box-text box-text-products\">\n\t\t\t<div class=\"title-wrapper\">  <p class=\"category uppercase is-smaller no-text-overflow product-cat op-7\">\n        Cosm\u00e9ticos del mar Muerto   <\/p> <p class=\"name product-title\"><a href=\"https:\/\/seacare.com\/es\/producto\/crema-de-manos-150-ml-seacare\/\">Crema de manos, 150 ml, SeaCare<\/a><\/p><\/div><div class=\"price-wrapper\">\n\t<span class=\"price\"><span class=\"woocommerce-Price-amount amount\"><span class=\"woocommerce-Price-currencySymbol\">&#36;<\/span>&nbsp;28.90<\/span><\/span>\n<\/div>\t\t<\/div><!-- box-text -->\n\t<\/div><!-- box -->\n\t\t<\/div><!-- .col-inner -->\n<\/div><!-- col -->\t            \t\t\t\t\t\n<div class=\"product-small col has-hover post-38669 product type-product status-publish has-post-thumbnail product_cat-cosmeticos-organicos product_cat-crema-para-manos-y-pies product_cat-cuidado-corporal-es product_cat-linea-organica-spa product_tag-hermosa-piel product_tag-piel-tersa  instock shipping-taxable purchasable product-type-simple\">\n\t<div class=\"col-inner\">\t\n\t\n<div class=\"badge-container absolute left top z-1\">\n<\/div>\t<div class=\"product-small box \">\n\t\t<div class=\"box-image\">\n\t\t\t<div class=\"image-none\">\n\t\t\t\t<a href=\"https:\/\/seacare.com\/es\/producto\/crema-organica-para-manos-150-ml-seacare\/\">\n\t\t\t\t\t<img loading=\"lazy\" decoding=\"async\" width=\"247\" height=\"300\" src=\"https:\/\/seacare.com\/wp-content\/uploads\/2020\/06\/Organic-Care-Hand-Cream-SC-1-copy-247x300.jpg\" class=\"attachment-shop_catalog size-shop_catalog wp-post-image\" alt=\"Organic Care Hand Cream \u041b\u0435\u0442\u0443\u0430\u043b\u044c\" title=\"Organic Care Hand Cream \u041b\u0435\u0442\u0443\u0430\u043b\u044c\" \/>\t\t\t\t<\/a>\n\t\t\t<\/div>\n\t\t\t<div class=\"image-tools is-small top right show-on-hover\">\n\t\t\t\t\t\t\t<\/div>\n\t\t\t<div class=\"image-tools is-small hide-for-small bottom left show-on-hover\">\n\t\t\t\t\t\t\t<\/div>\n\t\t\t<div class=\"image-tools grid-tools text-center hide-for-small bottom hover-slide-in show-on-hover\">\n\t\t\t\t  <a class=\"quick-view\" data-prod=\"38669\" href=\"#quick-view\">Vista R\u00e1pida<\/a>\t\t\t<\/div>\n\t\t\t\t\t<\/div><!-- box-image -->\n\n\t\t<div class=\"box-text box-text-products\">\n\t\t\t<div class=\"title-wrapper\">  <p class=\"category uppercase is-smaller no-text-overflow product-cat op-7\">\n        Cosm\u00e9ticos org\u00e1nicos   <\/p> <p class=\"name product-title\"><a href=\"https:\/\/seacare.com\/es\/producto\/crema-organica-para-manos-150-ml-seacare\/\">Crema org\u00e1nica para manos, 150 ml, SeaCare<\/a><\/p><\/div><div class=\"price-wrapper\">\n\t<span class=\"price\"><span class=\"woocommerce-Price-amount amount\"><span class=\"woocommerce-Price-currencySymbol\">&#36;<\/span>&nbsp;36.90<\/span><\/span>\n<\/div>\t\t<\/div><!-- box-text -->\n\t<\/div><!-- box -->\n\t\t<\/div><!-- .col-inner -->\n<\/div><!-- col -->\t            \t\t\t\t\t\n<div class=\"product-small col has-hover post-38661 product type-product status-publish has-post-thumbnail product_cat-cosmeticos-del-mar-muerto product_cat-crema-para-manos-y-pies product_cat-cuidado-corporal-es product_cat-linea-dead-sea-spa  instock shipping-taxable purchasable product-type-simple\">\n\t<div class=\"col-inner\">\t\n\t\n<div class=\"badge-container absolute left top z-1\">\n<\/div>\t<div class=\"product-small box \">\n\t\t<div class=\"box-image\">\n\t\t\t<div class=\"image-none\">\n\t\t\t\t<a href=\"https:\/\/seacare.com\/es\/producto\/leche-para-manos-150-ml-seacare\/\">\n\t\t\t\t\t<img loading=\"lazy\" decoding=\"async\" width=\"247\" height=\"300\" src=\"https:\/\/seacare.com\/wp-content\/uploads\/2020\/07\/DS-Hand-Milk-SC-1-copy-247x300.jpg\" class=\"attachment-shop_catalog size-shop_catalog wp-post-image\" alt=\"DS Hand Milk \u041b\u0435\u0442\u0443\u0430\u043b\u044c\" title=\"DS Hand Milk \u041b\u0435\u0442\u0443\u0430\u043b\u044c\" \/>\t\t\t\t<\/a>\n\t\t\t<\/div>\n\t\t\t<div class=\"image-tools is-small top right show-on-hover\">\n\t\t\t\t\t\t\t<\/div>\n\t\t\t<div class=\"image-tools is-small hide-for-small bottom left show-on-hover\">\n\t\t\t\t\t\t\t<\/div>\n\t\t\t<div class=\"image-tools grid-tools text-center hide-for-small bottom hover-slide-in show-on-hover\">\n\t\t\t\t  <a class=\"quick-view\" data-prod=\"38661\" href=\"#quick-view\">Vista R\u00e1pida<\/a>\t\t\t<\/div>\n\t\t\t\t\t<\/div><!-- box-image -->\n\n\t\t<div class=\"box-text box-text-products\">\n\t\t\t<div class=\"title-wrapper\">  <p class=\"category uppercase is-smaller no-text-overflow product-cat op-7\">\n        Cosm\u00e9ticos del mar Muerto   <\/p> <p class=\"name product-title\"><a href=\"https:\/\/seacare.com\/es\/producto\/leche-para-manos-150-ml-seacare\/\">Leche para Manos, 150 ml, SeaCare<\/a><\/p><\/div><div class=\"price-wrapper\">\n\t<span class=\"price\"><span class=\"woocommerce-Price-amount amount\"><span class=\"woocommerce-Price-currencySymbol\">&#36;<\/span>&nbsp;30.90<\/span><\/span>\n<\/div>\t\t<\/div><!-- box-text -->\n\t<\/div><!-- box -->\n\t\t<\/div><!-- .col-inner -->\n<\/div><!-- col -->\t            \t\t\t\t\t\n<div class=\"product-small col has-hover post-5194 product type-product status-publish has-post-thumbnail product_cat-cosmeticos-del-mar-muerto product_cat-crema-para-manos-y-pies product_cat-cuidado-corporal-es product_cat-linea-dead-sea-spa product_tag-hermosa-piel product_tag-piel-tersa last instock shipping-taxable purchasable product-type-simple\">\n\t<div class=\"col-inner\">\t\n\t\n<div class=\"badge-container absolute left top z-1\">\n<\/div>\t<div class=\"product-small box \">\n\t\t<div class=\"box-image\">\n\t\t\t<div class=\"image-none\">\n\t\t\t\t<a href=\"https:\/\/seacare.com\/es\/producto\/crema-para-los-pies-150-ml-seacare\/\">\n\t\t\t\t\t<img loading=\"lazy\" decoding=\"async\" width=\"247\" height=\"300\" src=\"https:\/\/seacare.com\/wp-content\/uploads\/2017\/03\/1.-Foot-Cream-\u043a\u043e\u043f\u0438\u044f-247x300.jpg\" class=\"attachment-shop_catalog size-shop_catalog wp-post-image\" alt=\"1. Foot Cream \u043a\u043e\u043f\u0438\u044f\" title=\"1. Foot Cream \u043a\u043e\u043f\u0438\u044f\" \/>\t\t\t\t<\/a>\n\t\t\t<\/div>\n\t\t\t<div class=\"image-tools is-small top right show-on-hover\">\n\t\t\t\t\t\t\t<\/div>\n\t\t\t<div class=\"image-tools is-small hide-for-small bottom left show-on-hover\">\n\t\t\t\t\t\t\t<\/div>\n\t\t\t<div class=\"image-tools grid-tools text-center hide-for-small bottom hover-slide-in show-on-hover\">\n\t\t\t\t  <a class=\"quick-view\" data-prod=\"5194\" href=\"#quick-view\">Vista R\u00e1pida<\/a>\t\t\t<\/div>\n\t\t\t\t\t<\/div><!-- box-image -->\n\n\t\t<div class=\"box-text box-text-products\">\n\t\t\t<div class=\"title-wrapper\">  <p class=\"category uppercase is-smaller no-text-overflow product-cat op-7\">\n        Cosm\u00e9ticos del mar Muerto   <\/p> <p class=\"name product-title\"><a href=\"https:\/\/seacare.com\/es\/producto\/crema-para-los-pies-150-ml-seacare\/\">Crema para los pies, 150 ml, SeaCare<\/a><\/p><\/div><div class=\"price-wrapper\">\n\t<span class=\"price\"><span class=\"woocommerce-Price-amount amount\"><span class=\"woocommerce-Price-currencySymbol\">&#36;<\/span>&nbsp;28.90<\/span><\/span>\n<\/div>\t\t<\/div><!-- box-text -->\n\t<\/div><!-- box -->\n\t\t<\/div><!-- .col-inner -->\n<\/div><!-- col -->\t            \t\t\t\t\t\n<div class=\"product-small col has-hover post-38670 product type-product status-publish has-post-thumbnail product_cat-cosmeticos-organicos product_cat-crema-para-manos-y-pies product_cat-cuidado-corporal-es product_cat-linea-organica-spa product_tag-hermosa-piel product_tag-piel-tersa first instock shipping-taxable purchasable product-type-simple\">\n\t<div class=\"col-inner\">\t\n\t\n<div class=\"badge-container absolute left top z-1\">\n<\/div>\t<div class=\"product-small box \">\n\t\t<div class=\"box-image\">\n\t\t\t<div class=\"image-none\">\n\t\t\t\t<a href=\"https:\/\/seacare.com\/es\/producto\/crema-organica-para-pies-150-ml-seacare\/\">\n\t\t\t\t\t<img loading=\"lazy\" decoding=\"async\" width=\"247\" height=\"300\" src=\"https:\/\/seacare.com\/wp-content\/uploads\/2020\/06\/Organic-Care-Foot-Cream-SC-1-copy-247x300.jpg\" class=\"attachment-shop_catalog size-shop_catalog wp-post-image\" alt=\"Organic Care Foot Cream SC\" title=\"Organic Care Foot Cream SC\" \/>\t\t\t\t<\/a>\n\t\t\t<\/div>\n\t\t\t<div class=\"image-tools is-small top right show-on-hover\">\n\t\t\t\t\t\t\t<\/div>\n\t\t\t<div class=\"image-tools is-small hide-for-small bottom left show-on-hover\">\n\t\t\t\t\t\t\t<\/div>\n\t\t\t<div class=\"image-tools grid-tools text-center hide-for-small bottom hover-slide-in show-on-hover\">\n\t\t\t\t  <a class=\"quick-view\" data-prod=\"38670\" href=\"#quick-view\">Vista R\u00e1pida<\/a>\t\t\t<\/div>\n\t\t\t\t\t<\/div><!-- box-image -->\n\n\t\t<div class=\"box-text box-text-products\">\n\t\t\t<div class=\"title-wrapper\">  <p class=\"category uppercase is-smaller no-text-overflow product-cat op-7\">\n        Cosm\u00e9ticos org\u00e1nicos   <\/p> <p class=\"name product-title\"><a href=\"https:\/\/seacare.com\/es\/producto\/crema-organica-para-pies-150-ml-seacare\/\">Crema org\u00e1nica para pies, 150 ml, SeaCare<\/a><\/p><\/div><div class=\"price-wrapper\">\n\t<span class=\"price\"><span class=\"woocommerce-Price-amount amount\"><span class=\"woocommerce-Price-currencySymbol\">&#36;<\/span>&nbsp;36.90<\/span><\/span>\n<\/div>\t\t<\/div><!-- box-text -->\n\t<\/div><!-- box -->\n\t\t<\/div><!-- .col-inner -->\n<\/div><!-- col -->\t            \n\t        <\/div>\n","protected":false},"excerpt":{"rendered":"<p>para la piel seca, \u00e1spera o agrietada<br \/>\n150 ml &#8211; 5.07 fl.oz.<\/p>\n","protected":false},"featured_media":59281,"comment_status":"open","ping_status":"closed","template":"","meta":[],"_links":{"self":[{"href":"https:\/\/seacare.com\/es\/wp-json\/wp\/v2\/product\/38733"}],"collection":[{"href":"https:\/\/seacare.com\/es\/wp-json\/wp\/v2\/product"}],"about":[{"href":"https:\/\/seacare.com\/es\/wp-json\/wp\/v2\/types\/product"}],"replies":[{"embeddable":true,"href":"https:\/\/seacare.com\/es\/wp-json\/wp\/v2\/comments?post=38733"}],"wp:featuredmedia":[{"embeddable":true,"href":"https:\/\/seacare.com\/es\/wp-json\/wp\/v2\/media\/59281"}],"wp:attachment":[{"href":"https:\/\/seacare.com\/es\/wp-json\/wp\/v2\/media?parent=38733"}],"curies":[{"name":"wp","href":"https:\/\/api.w.org\/{rel}","templated":true}]}}