{"id":38746,"date":"2021-01-13T17:49:36","date_gmt":"2021-05-25T14:46:56","guid":{"rendered":"https:\/\/seacare.com\/ru\/?post_type=product&#038;p=38746"},"modified":"2021-05-25T17:50:12","modified_gmt":"2021-05-25T14:50:12","slug":"mascarilla-facial-de-peloides-para-hombres-150-ml-seacare","status":"publish","type":"product","link":"https:\/\/seacare.com\/es\/producto\/mascarilla-facial-de-peloides-para-hombres-150-ml-seacare\/","title":{"rendered":"Mascarilla Facial de Peloides para Hombres, 150 ml, SeaCare"},"content":{"rendered":"<p>La Mascarilla Facial de Peloides para Hombres SeaCare absorbe el exceso de grasas y otras sustancias innecesarias, dejando la piel limpia y sana. Al secarse, la mascarilla elimina suavemente las impurezas y las sustancias t\u00f3xicas que pueden favorecer la aparici\u00f3n de poros obturados capaces de traer consigo el envejecimiento de la piel. La f\u00f3rmula de esta mascarilla en crema f\u00e1cil de lavar est\u00e1 enriquecida con minerales del mar Muerto y con caol\u00edn natural, que absorbe la grasa y el exceso de sebo cut\u00e1neo. La mascarilla elaborada a base de los peloides del mar Muerto elimina las impurezas y las c\u00e9lulas muertas, enriquece la piel con minerales, fortalece y mejora su elasticidad. La Mascarilla Facial de Peloides para Hombres SeaCare ha sido creada para animar el aspecto exterior de la piel. Tambi\u00e9n es una soluci\u00f3n excelente para luchar contra el acn\u00e9. Para alcanzar el resultado \u00f3ptimo, se recomienda usar el Gel Limpiador Facial de Peloides para Hombres SeaCare antes de aplicar esta mascarilla y la Crema Hidratante para Hombres SeaCare o la Crema Antiarrugas Diurna para Hombres SeaCare despu\u00e9s de aplicarla.<\/p>\n<p><strong>Modo de empleo:<\/strong> Aplicar en la piel limpia de la cara, evitando que entre en contacto con la zona de los ojos y del cuello. Esperar a que se seque del todo, lavar con agua templada. Usar una o dos veces por semana. Para alcanzar el resultado \u00f3ptimo, se recomienda usar el Gel Limpiador Facial de Peloides para Hombres SeaCare antes de aplicar esta mascarilla y la Crema Hidratante para Hombres SeaCare o la Crema Antiarrugas Diurna para Hombres SeaCare despu\u00e9s de aplicarla.<\/p>\n<h3>Ingredientes clave<\/h3>\n<div class=\"row\"  id=\"row-1444446381\">\n<div class=\"col medium-6 small-12 large-6\"  ><div class=\"col-inner\"  >\n<div class=\"row\"  id=\"row-1228801906\">\n<div class=\"col medium-3 small-12 large-3\"  ><div class=\"col-inner\"  >\n    <div class=\"img has-hover x md-x lg-x y md-y lg-y\" id=\"image_2030816034\">\n                <div class=\"img-inner dark\" >\n        <img loading=\"lazy\" decoding=\"async\" width=\"500\" height=\"500\" src=\"https:\/\/seacare.com\/wp-content\/uploads\/2017\/03\/minerals-1.png\" class=\"attachment-large size-large\" alt=\"\" srcset=\"https:\/\/seacare.com\/wp-content\/uploads\/2017\/03\/minerals-1.png 500w, https:\/\/seacare.com\/wp-content\/uploads\/2017\/03\/minerals-1-280x280.png 280w, https:\/\/seacare.com\/wp-content\/uploads\/2017\/03\/minerals-1-400x400.png 400w, https:\/\/seacare.com\/wp-content\/uploads\/2017\/03\/minerals-1-180x180.png 180w, https:\/\/seacare.com\/wp-content\/uploads\/2017\/03\/minerals-1-300x300.png 300w\" sizes=\"(max-width: 500px) 100vw, 500px\" \/>                \n            <\/div>\n                   \n<style scope=\"scope\">\n\n<\/style>\n    <\/div>\n    \n<\/div><\/div>\n<div class=\"col medium-9 small-12 large-9\"  ><div class=\"col-inner\"  >\n<h4>Minerales del Mar Muerto<\/h4>\n<p>En total, el Mar Muerto contiene m\u00e1s de 20 minerales, que han demostrado su capacidad para embellecer la piel y mantenerla saludable y joven. Asimismo, a orillas del Mar Muerto crecen <a href=\"\/es\/minerales-del-mar-muerto\/\">Detallado&#8230;<\/a><\/p>\n<\/div><\/div>\n<\/div>\n<\/div><\/div>\n<div class=\"col medium-6 small-12 large-6\"  ><div class=\"col-inner\"  >\n<div class=\"row\"  id=\"row-220921695\">\n<div class=\"col medium-3 small-12 large-3\"  ><div class=\"col-inner\"  >\n    <div class=\"img has-hover x md-x lg-x y md-y lg-y\" id=\"image_701348282\">\n                <div class=\"img-inner dark\" >\n        <img loading=\"lazy\" decoding=\"async\" width=\"500\" height=\"500\" src=\"https:\/\/seacare.com\/wp-content\/uploads\/2020\/07\/\u0413\u0440\u044f\u0437\u044c.jpg\" class=\"attachment-large size-large\" alt=\"Dead Sea Mud\" srcset=\"https:\/\/seacare.com\/wp-content\/uploads\/2020\/07\/\u0413\u0440\u044f\u0437\u044c.jpg 500w, https:\/\/seacare.com\/wp-content\/uploads\/2020\/07\/\u0413\u0440\u044f\u0437\u044c-247x247.jpg 247w, https:\/\/seacare.com\/wp-content\/uploads\/2020\/07\/\u0413\u0440\u044f\u0437\u044c-400x400.jpg 400w, https:\/\/seacare.com\/wp-content\/uploads\/2020\/07\/\u0413\u0440\u044f\u0437\u044c-180x180.jpg 180w\" sizes=\"(max-width: 500px) 100vw, 500px\" \/>                \n            <\/div>\n                   \n<style scope=\"scope\">\n\n<\/style>\n    <\/div>\n    \n<\/div><\/div>\n<div class=\"col medium-9 small-12 large-9\"  ><div class=\"col-inner\"  >\n<h4>Peloides del mar Muerto<\/h4>\n<p>El peloide del mar Muerto se usa para curar enfermedades como la psoriasis, la artritis, el acn\u00e9 o los dolores cr\u00f3nicos de espalda. Muchos estudios demuestran que el peloide <a href=\"\/es\/peloides-del-mar-muerto\/\">Detallado&#8230;<\/a><\/p>\n<\/div><\/div>\n<\/div>\n<\/div><\/div>\n<div class=\"col medium-6 small-12 large-6\"  ><div class=\"col-inner\"  >\n<div class=\"row\"  id=\"row-549221877\">\n<div class=\"col medium-3 small-12 large-3\"  ><div class=\"col-inner\"  >\n    <div class=\"img has-hover x md-x lg-x y md-y lg-y\" id=\"image_116898324\">\n                <div class=\"img-inner dark\" >\n        <img loading=\"lazy\" decoding=\"async\" width=\"500\" height=\"500\" src=\"https:\/\/seacare.com\/wp-content\/uploads\/2020\/07\/\u041a\u043e\u043b\u0438\u043d\u043e\u0432\u0430\u044f-\u0433\u043b\u0438\u043d\u0430.jpg\" class=\"attachment-large size-large\" alt=\"\" srcset=\"https:\/\/seacare.com\/wp-content\/uploads\/2020\/07\/\u041a\u043e\u043b\u0438\u043d\u043e\u0432\u0430\u044f-\u0433\u043b\u0438\u043d\u0430.jpg 500w, https:\/\/seacare.com\/wp-content\/uploads\/2020\/07\/\u041a\u043e\u043b\u0438\u043d\u043e\u0432\u0430\u044f-\u0433\u043b\u0438\u043d\u0430-247x247.jpg 247w, https:\/\/seacare.com\/wp-content\/uploads\/2020\/07\/\u041a\u043e\u043b\u0438\u043d\u043e\u0432\u0430\u044f-\u0433\u043b\u0438\u043d\u0430-400x400.jpg 400w, https:\/\/seacare.com\/wp-content\/uploads\/2020\/07\/\u041a\u043e\u043b\u0438\u043d\u043e\u0432\u0430\u044f-\u0433\u043b\u0438\u043d\u0430-180x180.jpg 180w\" sizes=\"(max-width: 500px) 100vw, 500px\" \/>                \n            <\/div>\n                   \n<style scope=\"scope\">\n\n<\/style>\n    <\/div>\n    \n<\/div><\/div>\n<div class=\"col medium-9 small-12 large-9\"  ><div class=\"col-inner\"  >\n<h4>Arcilla de caol\u00edn<\/h4>\n<p>El caol\u00edn es la arcilla m\u00e1s blanda que se emplea en la elaboraci\u00f3n de cosm\u00e9ticos. A diferencia de la arcilla de bentonita o ilita, el caol\u00edn no deja su piel seca y no le absorbe la humedad <a href=\"\/es\/arcilla-de-caolin\/\">Detallado&#8230;<\/a><\/p>\n<\/div><\/div>\n<\/div>\n<\/div><\/div>\n<\/div>\n<h3>Otros productos de la l\u00ednea<\/h3>\n\n  \n    <div class=\"row large-columns-4 medium-columns- small-columns-2 row-small slider row-slider slider-nav-reveal slider-nav-push\"  data-flickity-options='{\"imagesLoaded\": true, \"groupCells\": \"100%\", \"dragThreshold\" : 5, \"cellAlign\": \"left\",\"wrapAround\": true,\"prevNextButtons\": true,\"percentPosition\": true,\"pageDots\": false, \"rightToLeft\": false, \"autoPlay\" : false}'>\n\n  \t<\/div>\n<h3>Productos parecidos en otras l\u00edneas<\/h3>\n\n  \n    <div class=\"row large-columns-4 medium-columns- small-columns-2 row-small slider row-slider slider-nav-reveal slider-nav-push\"  data-flickity-options='{\"imagesLoaded\": true, \"groupCells\": \"100%\", \"dragThreshold\" : 5, \"cellAlign\": \"left\",\"wrapAround\": true,\"prevNextButtons\": true,\"percentPosition\": true,\"pageDots\": false, \"rightToLeft\": false, \"autoPlay\" : false}'>\n\n  \t\n\t            \t\t\t\t\t\n<div class=\"product-small col has-hover post-5215 product type-product status-publish has-post-thumbnail product_cat-cosmeticos-del-mar-muerto product_cat-cuidado-facial product_cat-linea-dead-sea-spa product_cat-mascarillas product_tag-hermosa-piel product_tag-limpieza-profunda product_tag-piel-tersa first instock shipping-taxable purchasable product-type-simple\">\n\t<div class=\"col-inner\">\t\n\t\n<div class=\"badge-container absolute left top z-1\">\n<\/div>\t<div class=\"product-small box \">\n\t\t<div class=\"box-image\">\n\t\t\t<div class=\"image-none\">\n\t\t\t\t<a href=\"https:\/\/seacare.com\/es\/producto\/mascara-facial-de-lodo-150-ml-seacare\/\">\n\t\t\t\t\t<img loading=\"lazy\" decoding=\"async\" width=\"247\" height=\"300\" src=\"https:\/\/seacare.com\/wp-content\/uploads\/2017\/03\/1.-Facial-Mud-Mask-\u043a\u043e\u043f\u0438\u044f-247x300.jpg\" class=\"attachment-shop_catalog size-shop_catalog wp-post-image\" alt=\"1. Facial Mud Mask \u043a\u043e\u043f\u0438\u044f\" title=\"1. Facial Mud Mask \u043a\u043e\u043f\u0438\u044f\" \/>\t\t\t\t<\/a>\n\t\t\t<\/div>\n\t\t\t<div class=\"image-tools is-small top right show-on-hover\">\n\t\t\t\t\t\t\t<\/div>\n\t\t\t<div class=\"image-tools is-small hide-for-small bottom left show-on-hover\">\n\t\t\t\t\t\t\t<\/div>\n\t\t\t<div class=\"image-tools grid-tools text-center hide-for-small bottom hover-slide-in show-on-hover\">\n\t\t\t\t  <a class=\"quick-view\" data-prod=\"5215\" href=\"#quick-view\">Vista R\u00e1pida<\/a>\t\t\t<\/div>\n\t\t\t\t\t<\/div><!-- box-image -->\n\n\t\t<div class=\"box-text box-text-products\">\n\t\t\t<div class=\"title-wrapper\">  <p class=\"category uppercase is-smaller no-text-overflow product-cat op-7\">\n        Cosm\u00e9ticos del mar Muerto   <\/p> <p class=\"name product-title\"><a href=\"https:\/\/seacare.com\/es\/producto\/mascara-facial-de-lodo-150-ml-seacare\/\">M\u00e1scara facial de lodo, 150 ml, SeaCare<\/a><\/p><\/div><div class=\"price-wrapper\">\n\t<span class=\"price\"><span class=\"woocommerce-Price-amount amount\"><span class=\"woocommerce-Price-currencySymbol\">&#36;<\/span>&nbsp;30.90<\/span><\/span>\n<\/div>\t\t<\/div><!-- box-text -->\n\t<\/div><!-- box -->\n\t\t<\/div><!-- .col-inner -->\n<\/div><!-- col -->\t            \t\t\t\t\t\n<div class=\"product-small col has-hover post-38277 product type-product status-publish has-post-thumbnail product_cat-cosmeticos-antiedad product_cat-cuidado-facial product_cat-linea-24k-gold product_cat-mascarillas product_tag-hermosa-piel product_tag-juventud-de-la-piel-facial product_tag-rejuvenecimiento  instock shipping-taxable purchasable product-type-simple\">\n\t<div class=\"col-inner\">\t\n\t\n<div class=\"badge-container absolute left top z-1\">\n<\/div>\t<div class=\"product-small box \">\n\t\t<div class=\"box-image\">\n\t\t\t<div class=\"image-none\">\n\t\t\t\t<a href=\"https:\/\/seacare.com\/es\/producto\/mascarilla-antiedad-para-estirar-la-piel-y-aumentar-su-elasticidad-50-ml-seacare\/\">\n\t\t\t\t\t<img loading=\"lazy\" decoding=\"async\" width=\"247\" height=\"300\" src=\"https:\/\/seacare.com\/wp-content\/uploads\/2018\/10\/101-1-247x300.jpg\" class=\"attachment-shop_catalog size-shop_catalog wp-post-image\" alt=\"101\" title=\"101\" \/>\t\t\t\t<\/a>\n\t\t\t<\/div>\n\t\t\t<div class=\"image-tools is-small top right show-on-hover\">\n\t\t\t\t\t\t\t<\/div>\n\t\t\t<div class=\"image-tools is-small hide-for-small bottom left show-on-hover\">\n\t\t\t\t\t\t\t<\/div>\n\t\t\t<div class=\"image-tools grid-tools text-center hide-for-small bottom hover-slide-in show-on-hover\">\n\t\t\t\t  <a class=\"quick-view\" data-prod=\"38277\" href=\"#quick-view\">Vista R\u00e1pida<\/a>\t\t\t<\/div>\n\t\t\t\t\t<\/div><!-- box-image -->\n\n\t\t<div class=\"box-text box-text-products\">\n\t\t\t<div class=\"title-wrapper\">  <p class=\"category uppercase is-smaller no-text-overflow product-cat op-7\">\n        Cosm\u00e9ticos antiedad   <\/p> <p class=\"name product-title\"><a href=\"https:\/\/seacare.com\/es\/producto\/mascarilla-antiedad-para-estirar-la-piel-y-aumentar-su-elasticidad-50-ml-seacare\/\">Mascarilla Antiedad para Estirar la Piel y Aumentar Su Elasticidad, 50 ml, SeaCare<\/a><\/p><\/div><div class=\"price-wrapper\">\n\t<span class=\"price\"><span class=\"woocommerce-Price-amount amount\"><span class=\"woocommerce-Price-currencySymbol\">&#36;<\/span>&nbsp;64.90<\/span><\/span>\n<\/div>\t\t<\/div><!-- box-text -->\n\t<\/div><!-- box -->\n\t\t<\/div><!-- .col-inner -->\n<\/div><!-- col -->\t            \t\t\t\t\t\n<div class=\"product-small col has-hover post-38751 product type-product status-publish has-post-thumbnail product_cat-cosmeticos-antiacnes product_cat-cuidado-facial product_cat-linea-antiacne product_cat-mascarillas  instock shipping-taxable purchasable product-type-simple\">\n\t<div class=\"col-inner\">\t\n\t\n<div class=\"badge-container absolute left top z-1\">\n<\/div>\t<div class=\"product-small box \">\n\t\t<div class=\"box-image\">\n\t\t\t<div class=\"image-none\">\n\t\t\t\t<a href=\"https:\/\/seacare.com\/es\/producto\/mascarilla-facial-antiacne-50-ml-seasare\/\">\n\t\t\t\t\t<img loading=\"lazy\" decoding=\"async\" width=\"247\" height=\"300\" src=\"https:\/\/seacare.com\/wp-content\/uploads\/2019\/11\/\u0414\u043b\u044f-SCFacial-Mask_Face-247x300.jpg\" class=\"attachment-shop_catalog size-shop_catalog wp-post-image\" alt=\"\u0414\u043b\u044f SCFacial Mask_Face\" title=\"\u0414\u043b\u044f SCFacial Mask_Face\" \/>\t\t\t\t<\/a>\n\t\t\t<\/div>\n\t\t\t<div class=\"image-tools is-small top right show-on-hover\">\n\t\t\t\t\t\t\t<\/div>\n\t\t\t<div class=\"image-tools is-small hide-for-small bottom left show-on-hover\">\n\t\t\t\t\t\t\t<\/div>\n\t\t\t<div class=\"image-tools grid-tools text-center hide-for-small bottom hover-slide-in show-on-hover\">\n\t\t\t\t  <a class=\"quick-view\" data-prod=\"38751\" href=\"#quick-view\">Vista R\u00e1pida<\/a>\t\t\t<\/div>\n\t\t\t\t\t<\/div><!-- box-image -->\n\n\t\t<div class=\"box-text box-text-products\">\n\t\t\t<div class=\"title-wrapper\">  <p class=\"category uppercase is-smaller no-text-overflow product-cat op-7\">\n        Cosm\u00e9ticos antiacn\u00e9s   <\/p> <p class=\"name product-title\"><a href=\"https:\/\/seacare.com\/es\/producto\/mascarilla-facial-antiacne-50-ml-seasare\/\">Mascarilla Facial Antiacn\u00e9, 50 ml, Sea\u0421are<\/a><\/p><\/div><div class=\"price-wrapper\">\n\t<span class=\"price\"><span class=\"woocommerce-Price-amount amount\"><span class=\"woocommerce-Price-currencySymbol\">&#36;<\/span>&nbsp;56.90<\/span><\/span>\n<\/div>\t\t<\/div><!-- box-text -->\n\t<\/div><!-- box -->\n\t\t<\/div><!-- .col-inner -->\n<\/div><!-- col -->\t            \t\t\t\t\t\n<div class=\"product-small col has-hover post-5177 product type-product status-publish has-post-thumbnail product_cat-cosmeticos-del-mar-muerto product_cat-cuidado-capilar-es product_cat-linea-dead-sea-spa product_cat-mascarillas product_tag-belleza-del-cabello last instock shipping-taxable purchasable product-type-simple\">\n\t<div class=\"col-inner\">\t\n\t\n<div class=\"badge-container absolute left top z-1\">\n<\/div>\t<div class=\"product-small box \">\n\t\t<div class=\"box-image\">\n\t\t\t<div class=\"image-none\">\n\t\t\t\t<a href=\"https:\/\/seacare.com\/es\/producto\/mascara-capilar-de-lodo-250-ml-seacare\/\">\n\t\t\t\t\t<img loading=\"lazy\" decoding=\"async\" width=\"247\" height=\"300\" src=\"https:\/\/seacare.com\/wp-content\/uploads\/2017\/03\/1.Hair_Mud_Mask_1-\u043a\u043e\u043f\u0438\u044f-247x300.jpg\" class=\"attachment-shop_catalog size-shop_catalog wp-post-image\" alt=\"1.Hair_Mud_Mask_1 \u043a\u043e\u043f\u0438\u044f\" title=\"1.Hair_Mud_Mask_1 \u043a\u043e\u043f\u0438\u044f\" \/>\t\t\t\t<\/a>\n\t\t\t<\/div>\n\t\t\t<div class=\"image-tools is-small top right show-on-hover\">\n\t\t\t\t\t\t\t<\/div>\n\t\t\t<div class=\"image-tools is-small hide-for-small bottom left show-on-hover\">\n\t\t\t\t\t\t\t<\/div>\n\t\t\t<div class=\"image-tools grid-tools text-center hide-for-small bottom hover-slide-in show-on-hover\">\n\t\t\t\t  <a class=\"quick-view\" data-prod=\"5177\" href=\"#quick-view\">Vista R\u00e1pida<\/a>\t\t\t<\/div>\n\t\t\t\t\t<\/div><!-- box-image -->\n\n\t\t<div class=\"box-text box-text-products\">\n\t\t\t<div class=\"title-wrapper\">  <p class=\"category uppercase is-smaller no-text-overflow product-cat op-7\">\n        Cosm\u00e9ticos del mar Muerto   <\/p> <p class=\"name product-title\"><a href=\"https:\/\/seacare.com\/es\/producto\/mascara-capilar-de-lodo-250-ml-seacare\/\">M\u00e1scara capilar de lodo, 250 ml, SeaCare<\/a><\/p><\/div><div class=\"price-wrapper\">\n\t<span class=\"price\"><span class=\"woocommerce-Price-amount amount\"><span class=\"woocommerce-Price-currencySymbol\">&#36;<\/span>&nbsp;45.90<\/span><\/span>\n<\/div>\t\t<\/div><!-- box-text -->\n\t<\/div><!-- box -->\n\t\t<\/div><!-- .col-inner -->\n<\/div><!-- col -->\t            \n\t        <\/div>\n","protected":false},"excerpt":{"rendered":"<p>para la piel normal y grasa<br \/>\n150 ml &#8211; 5.07 fl.oz.<\/p>\n","protected":false},"featured_media":59211,"comment_status":"open","ping_status":"closed","template":"","meta":[],"_links":{"self":[{"href":"https:\/\/seacare.com\/es\/wp-json\/wp\/v2\/product\/38746"}],"collection":[{"href":"https:\/\/seacare.com\/es\/wp-json\/wp\/v2\/product"}],"about":[{"href":"https:\/\/seacare.com\/es\/wp-json\/wp\/v2\/types\/product"}],"replies":[{"embeddable":true,"href":"https:\/\/seacare.com\/es\/wp-json\/wp\/v2\/comments?post=38746"}],"wp:featuredmedia":[{"embeddable":true,"href":"https:\/\/seacare.com\/es\/wp-json\/wp\/v2\/media\/59211"}],"wp:attachment":[{"href":"https:\/\/seacare.com\/es\/wp-json\/wp\/v2\/media?parent=38746"}],"curies":[{"name":"wp","href":"https:\/\/api.w.org\/{rel}","templated":true}]}}