{"id":36529,"date":"2021-05-11T16:25:32","date_gmt":"2021-05-11T13:25:32","guid":{"rendered":"https:\/\/seacare.com\/fr\/?page_id=36529"},"modified":"2021-05-11T17:37:19","modified_gmt":"2021-05-11T14:37:19","slug":"acnacidol-bg","status":"publish","type":"page","link":"https:\/\/seacare.com\/fr\/acnacidol-bg\/","title":{"rendered":"Acnacidol\u2122\u00a0BG"},"content":{"rendered":"<h1 class=\"text-head\" style=\"text-align: center;\"><span data-text-color=\"primary\">Acnacidol\u2122\u00a0BG<\/span><\/h1>\n<p>Acnacidol \u2122 BG (Acnacidol) est un ingr\u00e9dient actif innovant, d\u00e9riv\u00e9 de l\u2019huile de ricin. C\u2019est une combinaison d\u2019acide 10-hydroxyd\u00e9cano\u00efque, d\u2019acide s\u00e9bacique et de d\u00e9canediol, visant \u00e0 r\u00e9tablir l\u2019\u00e9quilibre physiologique de la peau \u00e0 tendance acn\u00e9ique (sujette aux boutons).<\/p>\n","protected":false},"excerpt":{"rendered":"<p>Acnacidol\u2122\u00a0BG Acnacidol \u2122 BG (Acnacidol) est un ingr\u00e9dient actif innovant, d\u00e9riv\u00e9 de l\u2019huile de ricin. C\u2019est une combinaison d\u2019acide 10-hydroxyd\u00e9cano\u00efque, d\u2019acide s\u00e9bacique et de d\u00e9canediol, visant \u00e0 r\u00e9tablir l\u2019\u00e9quilibre physiologique de la peau \u00e0 tendance acn\u00e9ique (sujette aux boutons).<\/p>\n","protected":false},"author":1,"featured_media":0,"parent":0,"menu_order":0,"comment_status":"closed","ping_status":"closed","template":"","meta":{"footnotes":""},"_links":{"self":[{"href":"https:\/\/seacare.com\/fr\/wp-json\/wp\/v2\/pages\/36529"}],"collection":[{"href":"https:\/\/seacare.com\/fr\/wp-json\/wp\/v2\/pages"}],"about":[{"href":"https:\/\/seacare.com\/fr\/wp-json\/wp\/v2\/types\/page"}],"author":[{"embeddable":true,"href":"https:\/\/seacare.com\/fr\/wp-json\/wp\/v2\/users\/1"}],"replies":[{"embeddable":true,"href":"https:\/\/seacare.com\/fr\/wp-json\/wp\/v2\/comments?post=36529"}],"version-history":[{"count":2,"href":"https:\/\/seacare.com\/fr\/wp-json\/wp\/v2\/pages\/36529\/revisions"}],"predecessor-version":[{"id":36766,"href":"https:\/\/seacare.com\/fr\/wp-json\/wp\/v2\/pages\/36529\/revisions\/36766"}],"wp:attachment":[{"href":"https:\/\/seacare.com\/fr\/wp-json\/wp\/v2\/media?parent=36529"}],"curies":[{"name":"wp","href":"https:\/\/api.w.org\/{rel}","templated":true}]}}