{"id":36769,"date":"2021-05-11T17:43:22","date_gmt":"2021-05-11T14:43:22","guid":{"rendered":"https:\/\/seacare.com\/fr\/?page_id=36769"},"modified":"2021-05-11T17:50:17","modified_gmt":"2021-05-11T14:50:17","slug":"matrixyl-3000","status":"publish","type":"page","link":"https:\/\/seacare.com\/fr\/matrixyl-3000\/","title":{"rendered":"Matrixyl\u00ae 3000"},"content":{"rendered":"<h1 class=\"text-head\" style=\"text-align: center;\"><span data-text-color=\"primary\">Matrixyl<strong><sup>\u00ae<\/sup><\/strong> 3000<\/span><\/h1>\n<p>Matrixyl\u00ae 3000 est un produit innovant d\u2019origine peptidique contre les rides. Le Matrixyl comporte des composants sp\u00e9cifiques &#8211; les \u00ab\u00a0matrikines\u00a0\u00bb, qui, apr\u00e8s avoir appliqu\u00e9s, atteignent la cible souhait\u00e9e et activent les processus de r\u00e9g\u00e9n\u00e9ration des cellules cutan\u00e9es vieillissantes. Gr\u00e2ce \u00e0 ce m\u00e9canisme d\u2019action, un effet rajeunissant est obtenu.<\/p>\n","protected":false},"excerpt":{"rendered":"<p>Matrixyl\u00ae 3000 Matrixyl\u00ae 3000 est un produit innovant d\u2019origine peptidique contre les rides. Le Matrixyl comporte des composants sp\u00e9cifiques &#8211; les \u00ab\u00a0matrikines\u00a0\u00bb, qui, apr\u00e8s avoir appliqu\u00e9s, atteignent la cible souhait\u00e9e et activent les processus de r\u00e9g\u00e9n\u00e9ration des cellules cutan\u00e9es vieillissantes. Gr\u00e2ce \u00e0 ce m\u00e9canisme d\u2019action, un effet rajeunissant est obtenu.<\/p>\n","protected":false},"author":1,"featured_media":0,"parent":0,"menu_order":0,"comment_status":"closed","ping_status":"closed","template":"","meta":{"footnotes":""},"_links":{"self":[{"href":"https:\/\/seacare.com\/fr\/wp-json\/wp\/v2\/pages\/36769"}],"collection":[{"href":"https:\/\/seacare.com\/fr\/wp-json\/wp\/v2\/pages"}],"about":[{"href":"https:\/\/seacare.com\/fr\/wp-json\/wp\/v2\/types\/page"}],"author":[{"embeddable":true,"href":"https:\/\/seacare.com\/fr\/wp-json\/wp\/v2\/users\/1"}],"replies":[{"embeddable":true,"href":"https:\/\/seacare.com\/fr\/wp-json\/wp\/v2\/comments?post=36769"}],"version-history":[{"count":2,"href":"https:\/\/seacare.com\/fr\/wp-json\/wp\/v2\/pages\/36769\/revisions"}],"predecessor-version":[{"id":36774,"href":"https:\/\/seacare.com\/fr\/wp-json\/wp\/v2\/pages\/36769\/revisions\/36774"}],"wp:attachment":[{"href":"https:\/\/seacare.com\/fr\/wp-json\/wp\/v2\/media?parent=36769"}],"curies":[{"name":"wp","href":"https:\/\/api.w.org\/{rel}","templated":true}]}}