{"id":36771,"date":"2021-05-11T17:46:14","date_gmt":"2021-05-11T14:46:14","guid":{"rendered":"https:\/\/seacare.com\/fr\/?page_id=36771"},"modified":"2021-05-11T17:50:29","modified_gmt":"2021-05-11T14:50:29","slug":"renovage","status":"publish","type":"page","link":"https:\/\/seacare.com\/fr\/renovage\/","title":{"rendered":"Renovage\u2122"},"content":{"rendered":"<h1 class=\"text-head\" style=\"text-align: center;\"><span data-text-color=\"primary\">Renovage\u2122<\/span><\/h1>\n<p>Renovage \u2122 est un complexe anti-\u00e2ge fran\u00e7ais de Sederma, qui est un fabricant de Matrixyl et d\u2019autres excellents ingr\u00e9dients de soins de la peau. Des essais cliniques ont montr\u00e9 que Renovage peut \u00e9tonnamment r\u00e9duire l\u2019apparence des signes du vieillissement cutan\u00e9. Renovage le fait en augmentant la dur\u00e9e de vie r\u00e9elle des cellules!<\/p>\n","protected":false},"excerpt":{"rendered":"<p>Renovage\u2122 Renovage \u2122 est un complexe anti-\u00e2ge fran\u00e7ais de Sederma, qui est un fabricant de Matrixyl et d\u2019autres excellents ingr\u00e9dients de soins de la peau. Des essais cliniques ont montr\u00e9 que Renovage peut \u00e9tonnamment r\u00e9duire l\u2019apparence des signes du vieillissement cutan\u00e9. Renovage le fait en augmentant la dur\u00e9e de vie r\u00e9elle des cellules!<\/p>\n","protected":false},"author":1,"featured_media":0,"parent":0,"menu_order":0,"comment_status":"closed","ping_status":"closed","template":"","meta":{"footnotes":""},"_links":{"self":[{"href":"https:\/\/seacare.com\/fr\/wp-json\/wp\/v2\/pages\/36771"}],"collection":[{"href":"https:\/\/seacare.com\/fr\/wp-json\/wp\/v2\/pages"}],"about":[{"href":"https:\/\/seacare.com\/fr\/wp-json\/wp\/v2\/types\/page"}],"author":[{"embeddable":true,"href":"https:\/\/seacare.com\/fr\/wp-json\/wp\/v2\/users\/1"}],"replies":[{"embeddable":true,"href":"https:\/\/seacare.com\/fr\/wp-json\/wp\/v2\/comments?post=36771"}],"version-history":[{"count":2,"href":"https:\/\/seacare.com\/fr\/wp-json\/wp\/v2\/pages\/36771\/revisions"}],"predecessor-version":[{"id":36775,"href":"https:\/\/seacare.com\/fr\/wp-json\/wp\/v2\/pages\/36771\/revisions\/36775"}],"wp:attachment":[{"href":"https:\/\/seacare.com\/fr\/wp-json\/wp\/v2\/media?parent=36771"}],"curies":[{"name":"wp","href":"https:\/\/api.w.org\/{rel}","templated":true}]}}