{"id":36776,"date":"2021-05-11T17:51:44","date_gmt":"2021-05-11T14:51:44","guid":{"rendered":"https:\/\/seacare.com\/fr\/?page_id=36776"},"modified":"2021-05-11T17:51:44","modified_gmt":"2021-05-11T14:51:44","slug":"acide-hyaluronique","status":"publish","type":"page","link":"https:\/\/seacare.com\/fr\/acide-hyaluronique\/","title":{"rendered":"Acide hyaluronique"},"content":{"rendered":"<h1 class=\"text-head\" style=\"text-align: center;\"><span data-text-color=\"primary\">Acide hyaluronique<\/span><\/h1>\n<p>L\u2019acide hyaluronique est un ingr\u00e9dient cl\u00e9 de nombreux produits anti-\u00e2ge et de soins de la peau. Il est utilis\u00e9 pour hydrater la peau, r\u00e9duire l\u2019apparence des rides, am\u00e9liorer la fermet\u00e9 de la peau, et vous pouvez le trouver dans les s\u00e9rums, cr\u00e8mes et lotions. Il donne \u00e0 la peau un aspect naturel, restaure le teint.<\/p>\n","protected":false},"excerpt":{"rendered":"<p>Acide hyaluronique L\u2019acide hyaluronique est un ingr\u00e9dient cl\u00e9 de nombreux produits anti-\u00e2ge et de soins de la peau. Il est utilis\u00e9 pour hydrater la peau, r\u00e9duire l\u2019apparence des rides, am\u00e9liorer la fermet\u00e9 de la peau, et vous pouvez le trouver dans les s\u00e9rums, cr\u00e8mes et lotions. Il donne \u00e0 la peau un aspect naturel, restaure [&hellip;]\n","protected":false},"author":1,"featured_media":0,"parent":0,"menu_order":0,"comment_status":"closed","ping_status":"closed","template":"","meta":{"footnotes":""},"_links":{"self":[{"href":"https:\/\/seacare.com\/fr\/wp-json\/wp\/v2\/pages\/36776"}],"collection":[{"href":"https:\/\/seacare.com\/fr\/wp-json\/wp\/v2\/pages"}],"about":[{"href":"https:\/\/seacare.com\/fr\/wp-json\/wp\/v2\/types\/page"}],"author":[{"embeddable":true,"href":"https:\/\/seacare.com\/fr\/wp-json\/wp\/v2\/users\/1"}],"replies":[{"embeddable":true,"href":"https:\/\/seacare.com\/fr\/wp-json\/wp\/v2\/comments?post=36776"}],"version-history":[{"count":1,"href":"https:\/\/seacare.com\/fr\/wp-json\/wp\/v2\/pages\/36776\/revisions"}],"predecessor-version":[{"id":36777,"href":"https:\/\/seacare.com\/fr\/wp-json\/wp\/v2\/pages\/36776\/revisions\/36777"}],"wp:attachment":[{"href":"https:\/\/seacare.com\/fr\/wp-json\/wp\/v2\/media?parent=36776"}],"curies":[{"name":"wp","href":"https:\/\/api.w.org\/{rel}","templated":true}]}}