{"id":36778,"date":"2021-05-11T17:56:06","date_gmt":"2021-05-11T14:56:06","guid":{"rendered":"https:\/\/seacare.com\/fr\/?page_id=36778"},"modified":"2021-05-12T18:02:21","modified_gmt":"2021-05-12T15:02:21","slug":"argireline","status":"publish","type":"page","link":"https:\/\/seacare.com\/fr\/argireline\/","title":{"rendered":"Argireline\u00ae"},"content":{"rendered":"<h1 class=\"text-head\" style=\"text-align: center;\"><span data-text-color=\"primary\">Argireline\u00ae<\/span><\/h1>\n<p>Argireline\u00ae est un peptide synth\u00e9tique de bas poids mol\u00e9culaire, une alternative biologiquement s\u00fbre au botox. L\u2019Argireline ralentit la production excessive de cat\u00e9cholamines (d\u2019adr\u00e9naline, de noradr\u00e9naline), qui provoquent la formation de lignes d\u2019expression. En relaxant la mimique faciale, il prolonge \u00e9galement l\u2019effet de l\u2019acide hyaluronique.<\/p>\n","protected":false},"excerpt":{"rendered":"<p>Argireline\u00ae Argireline\u00ae est un peptide synth\u00e9tique de bas poids mol\u00e9culaire, une alternative biologiquement s\u00fbre au botox. L\u2019Argireline ralentit la production excessive de cat\u00e9cholamines (d\u2019adr\u00e9naline, de noradr\u00e9naline), qui provoquent la formation de lignes d\u2019expression. En relaxant la mimique faciale, il prolonge \u00e9galement l\u2019effet de l\u2019acide hyaluronique.<\/p>\n","protected":false},"author":1,"featured_media":0,"parent":0,"menu_order":0,"comment_status":"closed","ping_status":"closed","template":"","meta":{"footnotes":""},"_links":{"self":[{"href":"https:\/\/seacare.com\/fr\/wp-json\/wp\/v2\/pages\/36778"}],"collection":[{"href":"https:\/\/seacare.com\/fr\/wp-json\/wp\/v2\/pages"}],"about":[{"href":"https:\/\/seacare.com\/fr\/wp-json\/wp\/v2\/types\/page"}],"author":[{"embeddable":true,"href":"https:\/\/seacare.com\/fr\/wp-json\/wp\/v2\/users\/1"}],"replies":[{"embeddable":true,"href":"https:\/\/seacare.com\/fr\/wp-json\/wp\/v2\/comments?post=36778"}],"version-history":[{"count":2,"href":"https:\/\/seacare.com\/fr\/wp-json\/wp\/v2\/pages\/36778\/revisions"}],"predecessor-version":[{"id":37087,"href":"https:\/\/seacare.com\/fr\/wp-json\/wp\/v2\/pages\/36778\/revisions\/37087"}],"wp:attachment":[{"href":"https:\/\/seacare.com\/fr\/wp-json\/wp\/v2\/media?parent=36778"}],"curies":[{"name":"wp","href":"https:\/\/api.w.org\/{rel}","templated":true}]}}